{"id":4041,"date":"2025-11-13T15:20:51","date_gmt":"2025-11-13T15:20:51","guid":{"rendered":"https:\/\/portaspravida.com\/?post_type=product&#038;p=4041"},"modified":"2025-12-13T20:46:54","modified_gmt":"2025-12-13T20:46:54","slug":"mala-em-trapilho-castanha","status":"publish","type":"product","link":"https:\/\/portaspravida.com\/en\/product\/mala-em-trapilho-castanha\/","title":{"rendered":"Mala em Trapilho A1"},"content":{"rendered":"<p data-start=\"251\" data-end=\"550\">Um toque de eleg\u00e2ncia artesanal para o dia a dia.<br data-start=\"300\" data-end=\"303\" \/>A <strong data-start=\"305\" data-end=\"334\">Mala em Trapilho Castanha<\/strong> combina o charme do trabalho manual com um design moderno e vers\u00e1til. Feita \u00e0 m\u00e3o em croch\u00e9, com fios de trapilho de textura suave e resistente, \u00e9 a escolha perfeita para quem valoriza pe\u00e7as \u00fanicas e sustent\u00e1veis.<\/p>\n<p data-start=\"552\" data-end=\"754\">O seu tom castanho profundo adapta-se facilmente a qualquer look, tornando-a ideal tanto para o quotidiano como para ocasi\u00f5es especiais. A al\u00e7a de corrente d\u00e1-lhe um toque contempor\u00e2neo e sofisticado.<\/p>\n<p data-start=\"761\" data-end=\"776\"><strong data-start=\"761\" data-end=\"774\">Detalhes:<\/strong><\/p>\n<ul data-start=\"777\" data-end=\"1016\">\n<li data-start=\"777\" data-end=\"806\">\n<p data-start=\"779\" data-end=\"806\">Pe\u00e7a artesanal em croch\u00e9.<\/p>\n<\/li>\n<li data-start=\"807\" data-end=\"851\">\n<p data-start=\"809\" data-end=\"851\">Material: trapilho de algod\u00e3o reciclado.<\/p>\n<\/li>\n<li data-start=\"852\" data-end=\"870\">\n<p data-start=\"854\" data-end=\"870\">Cor: castanho.<\/p>\n<\/li>\n<li data-start=\"871\" data-end=\"901\">\n<p data-start=\"873\" data-end=\"901\">Al\u00e7a de corrente met\u00e1lica.<\/p>\n<\/li>\n<li data-start=\"902\" data-end=\"940\">\n<p data-start=\"904\" data-end=\"940\">Fecho de aba com bot\u00e3o de press\u00e3o.<\/p>\n<\/li>\n<li data-start=\"941\" data-end=\"979\">\n<p data-start=\"943\" data-end=\"979\">Dimens\u00f5es aproximadas: 23 x 15 cm.<\/p>\n<\/li>\n<li data-start=\"980\" data-end=\"1016\">\n<p data-start=\"982\" data-end=\"1016\">Produto sustent\u00e1vel e solid\u00e1rio.<\/p>\n<\/li>\n<\/ul>\n<p data-start=\"1018\" data-end=\"1158\">Feita \u00e0 m\u00e3o com carinho pela <strong data-start=\"1047\" data-end=\"1077\">Associa\u00e7\u00e3o Portas pra Vida<\/strong>, cada mala \u00e9 uma pe\u00e7a exclusiva que apoia projetos de inclus\u00e3o e esperan\u00e7a. \ud83e\udd0e<\/p>","protected":false},"excerpt":{"rendered":"<p><span>Trabalho realizado pelo utente\u00a0<\/span><strong>Ol\u00edmpia Chaves<\/strong><\/p>\n<p>.<\/p>","protected":false},"featured_media":4047,"template":"","meta":{"_themeisle_gutenberg_block_has_review":false,"wds_primary_product_brand":0,"wds_primary_product_cat":0},"product_brand":[],"product_cat":[34],"product_tag":[],"class_list":{"0":"post-4041","1":"product","2":"type-product","3":"status-publish","4":"has-post-thumbnail","6":"product_cat-textil","8":"first","9":"onbackorder","10":"sold-individually","11":"shipping-taxable","12":"purchasable","13":"product-type-simple"},"_links":{"self":[{"href":"https:\/\/portaspravida.com\/en\/wp-json\/wp\/v2\/product\/4041","targetHints":{"allow":["GET"]}}],"collection":[{"href":"https:\/\/portaspravida.com\/en\/wp-json\/wp\/v2\/product"}],"about":[{"href":"https:\/\/portaspravida.com\/en\/wp-json\/wp\/v2\/types\/product"}],"wp:featuredmedia":[{"embeddable":true,"href":"https:\/\/portaspravida.com\/en\/wp-json\/wp\/v2\/media\/4047"}],"wp:attachment":[{"href":"https:\/\/portaspravida.com\/en\/wp-json\/wp\/v2\/media?parent=4041"}],"wp:term":[{"taxonomy":"product_brand","embeddable":true,"href":"https:\/\/portaspravida.com\/en\/wp-json\/wp\/v2\/product_brand?post=4041"},{"taxonomy":"product_cat","embeddable":true,"href":"https:\/\/portaspravida.com\/en\/wp-json\/wp\/v2\/product_cat?post=4041"},{"taxonomy":"product_tag","embeddable":true,"href":"https:\/\/portaspravida.com\/en\/wp-json\/wp\/v2\/product_tag?post=4041"}],"curies":[{"name":"wp","href":"https:\/\/api.w.org\/{rel}","templated":true}]}}