{"id":4038,"date":"2025-11-13T15:08:23","date_gmt":"2025-11-13T15:08:23","guid":{"rendered":"https:\/\/portaspravida.com\/?post_type=product&#038;p=4038"},"modified":"2025-12-04T16:32:35","modified_gmt":"2025-12-04T16:32:35","slug":"duendes-das-pinhocas-2","status":"publish","type":"product","link":"https:\/\/portaspravida.com\/en\/product\/duendes-das-pinhocas-2\/","title":{"rendered":"Duendes das Pinhocas A1"},"content":{"rendered":"<p data-start=\"239\" data-end=\"579\">Um toque de calor e cor vindo da natureza.<br data-start=\"281\" data-end=\"284\" \/>Os <strong data-start=\"287\" data-end=\"320\">Duendes das Pinhocas<\/strong>\u00a0s\u00e3o pequenas figuras encantadoras que espalham alegria por onde passam. Criados \u00e0 m\u00e3o com <strong data-start=\"411\" data-end=\"430\">pinhas naturais<\/strong> e adornados com <strong data-start=\"447\" data-end=\"478\">lacinhos e gorros vermelhos<\/strong>, cada duende \u00e9 uma pe\u00e7a \u00fanica que combina ternura, criatividade e o verdadeiro esp\u00edrito artesanal.<\/p>\n<p data-start=\"581\" data-end=\"746\">Ideais para decorar o lar, enfeitar a \u00e1rvore de Natal ou oferecer como presente solid\u00e1rio, estes duendes trazem uma energia acolhedora e festiva a qualquer espa\u00e7o.<\/p>\n<p data-start=\"753\" data-end=\"768\"><strong data-start=\"753\" data-end=\"766\">Detalhes:<\/strong><\/p>\n<ul data-start=\"769\" data-end=\"1004\">\n<li data-start=\"769\" data-end=\"814\">\n<p data-start=\"771\" data-end=\"814\">Pe\u00e7a artesanal feita com pinhas naturais.<\/p>\n<\/li>\n<li data-start=\"815\" data-end=\"859\">\n<p data-start=\"817\" data-end=\"859\">Detalhes em l\u00e3 e fita de cetim vermelha.<\/p>\n<\/li>\n<li data-start=\"860\" data-end=\"918\">\n<p data-start=\"862\" data-end=\"918\">Cada duende \u00e9 \u00fanico (cores e express\u00f5es podem variar).<\/p>\n<\/li>\n<li data-start=\"919\" data-end=\"967\">\n<p data-start=\"921\" data-end=\"967\">Dimens\u00f5es aproximadas: 10 a 12 cm de altura.<\/p>\n<\/li>\n<li data-start=\"968\" data-end=\"1004\">\n<p data-start=\"970\" data-end=\"1004\">Produto sustent\u00e1vel e solid\u00e1rio.<\/p>\n<\/li>\n<\/ul>\n<p data-start=\"1006\" data-end=\"1132\">Feitos com dedica\u00e7\u00e3o pela <strong data-start=\"1032\" data-end=\"1062\">Associa\u00e7\u00e3o Portas pra Vida<\/strong>, cada duende ajuda a abrir novas portas de esperan\u00e7a e inclus\u00e3o.<\/p>","protected":false},"excerpt":{"rendered":"<p>Trabalho realizado pelos utentes <strong>Patr\u00edcia In\u00eas<\/strong><strong>Daniel Teixeira<\/strong><strong>Jo\u00e3oLu\u00eds<\/strong> <strong>Jos\u00e9 Pinto<\/strong><\/p>","protected":false},"featured_media":4039,"template":"","meta":{"give_campaign_id":0,"_themeisle_gutenberg_block_has_review":false,"wds_primary_product_brand":0,"wds_primary_product_cat":0},"product_brand":[],"product_cat":[34],"product_tag":[],"class_list":{"0":"post-4038","1":"product","2":"type-product","3":"status-publish","4":"has-post-thumbnail","6":"product_cat-textil","8":"first","9":"instock","10":"sold-individually","11":"shipping-taxable","12":"purchasable","13":"product-type-simple"},"_links":{"self":[{"href":"https:\/\/portaspravida.com\/en\/wp-json\/wp\/v2\/product\/4038","targetHints":{"allow":["GET"]}}],"collection":[{"href":"https:\/\/portaspravida.com\/en\/wp-json\/wp\/v2\/product"}],"about":[{"href":"https:\/\/portaspravida.com\/en\/wp-json\/wp\/v2\/types\/product"}],"wp:featuredmedia":[{"embeddable":true,"href":"https:\/\/portaspravida.com\/en\/wp-json\/wp\/v2\/media\/4039"}],"wp:attachment":[{"href":"https:\/\/portaspravida.com\/en\/wp-json\/wp\/v2\/media?parent=4038"}],"wp:term":[{"taxonomy":"product_brand","embeddable":true,"href":"https:\/\/portaspravida.com\/en\/wp-json\/wp\/v2\/product_brand?post=4038"},{"taxonomy":"product_cat","embeddable":true,"href":"https:\/\/portaspravida.com\/en\/wp-json\/wp\/v2\/product_cat?post=4038"},{"taxonomy":"product_tag","embeddable":true,"href":"https:\/\/portaspravida.com\/en\/wp-json\/wp\/v2\/product_tag?post=4038"}],"curies":[{"name":"wp","href":"https:\/\/api.w.org\/{rel}","templated":true}]}}