{"id":4024,"date":"2025-11-13T15:00:17","date_gmt":"2025-11-13T15:00:17","guid":{"rendered":"https:\/\/portaspravida.com\/?post_type=product&#038;p=4024"},"modified":"2025-12-04T16:32:26","modified_gmt":"2025-12-04T16:32:26","slug":"duendes-das-pinhocas-azul","status":"publish","type":"product","link":"https:\/\/portaspravida.com\/en\/product\/duendes-das-pinhocas-azul\/","title":{"rendered":"Duendes das Pinhocas A1"},"content":{"rendered":"<p data-start=\"286\" data-end=\"621\">Um toque de ternura vindo diretamente da natureza.<br data-start=\"336\" data-end=\"339\" \/>Os <strong data-start=\"342\" data-end=\"371\">Duendes das Pinhocas Azul<\/strong> s\u00e3o pequenas figuras artesanais cheias de encanto, criadas com pinhas verdadeiras e adornadas com detalhes em l\u00e3 e fita de cetim azul. Cada duende \u00e9 \u00fanico, com express\u00f5es doces e personalidades distintas que despertam sorrisos e aquecem o cora\u00e7\u00e3o.<\/p>\n<p data-start=\"623\" data-end=\"819\">Feitos \u00e0 m\u00e3o com materiais naturais e reciclados, trazem um toque especial \u00e0 decora\u00e7\u00e3o \u2014 perfeitos para pendurar na \u00e1rvore de Natal, colocar numa prateleira ou oferecer como lembran\u00e7a solid\u00e1ria.<\/p>\n<p data-start=\"826\" data-end=\"841\"><strong data-start=\"826\" data-end=\"839\">Detalhes:<\/strong><\/p>\n<ul data-start=\"842\" data-end=\"1069\">\n<li data-start=\"842\" data-end=\"887\">\n<p data-start=\"844\" data-end=\"887\">Pe\u00e7a artesanal feita com pinhas naturais.<\/p>\n<\/li>\n<li data-start=\"888\" data-end=\"928\">\n<p data-start=\"890\" data-end=\"928\">Detalhes em l\u00e3 e fita de cetim azul.<\/p>\n<\/li>\n<li data-start=\"929\" data-end=\"983\">\n<p data-start=\"931\" data-end=\"983\">Tons e express\u00f5es vari\u00e1veis (cada duende \u00e9 \u00fanico).<\/p>\n<\/li>\n<li data-start=\"984\" data-end=\"1032\">\n<p data-start=\"986\" data-end=\"1032\">Dimens\u00f5es aproximadas: 10 a 12 cm de altura.<\/p>\n<\/li>\n<li data-start=\"1033\" data-end=\"1069\">\n<p data-start=\"1035\" data-end=\"1069\">Produto sustent\u00e1vel e solid\u00e1rio.<\/p>\n<\/li>\n<\/ul>\n<p data-start=\"1071\" data-end=\"1195\">Feitos com carinho pela <strong data-start=\"1095\" data-end=\"1125\">Associa\u00e7\u00e3o Portas pra Vida<\/strong>, cada duende ajuda a abrir novas portas de esperan\u00e7a e inclus\u00e3o.<\/p>","protected":false},"excerpt":{"rendered":"<p>Trabalho realizado pelo utente <strong>Patr\u00edcia In\u00eas<\/strong> <strong>Daniel Teixeira<\/strong> <strong>Jo\u00e3o Lu\u00eds<\/strong> <strong>Jos\u00e9 Pinto<\/strong><\/p>","protected":false},"featured_media":4037,"template":"","meta":{"_themeisle_gutenberg_block_has_review":false,"wds_primary_product_brand":0,"wds_primary_product_cat":0},"product_brand":[],"product_cat":[34],"product_tag":[],"class_list":{"0":"post-4024","1":"product","2":"type-product","3":"status-publish","4":"has-post-thumbnail","6":"product_cat-textil","8":"first","9":"instock","10":"sold-individually","11":"shipping-taxable","12":"purchasable","13":"product-type-simple"},"_links":{"self":[{"href":"https:\/\/portaspravida.com\/en\/wp-json\/wp\/v2\/product\/4024","targetHints":{"allow":["GET"]}}],"collection":[{"href":"https:\/\/portaspravida.com\/en\/wp-json\/wp\/v2\/product"}],"about":[{"href":"https:\/\/portaspravida.com\/en\/wp-json\/wp\/v2\/types\/product"}],"wp:featuredmedia":[{"embeddable":true,"href":"https:\/\/portaspravida.com\/en\/wp-json\/wp\/v2\/media\/4037"}],"wp:attachment":[{"href":"https:\/\/portaspravida.com\/en\/wp-json\/wp\/v2\/media?parent=4024"}],"wp:term":[{"taxonomy":"product_brand","embeddable":true,"href":"https:\/\/portaspravida.com\/en\/wp-json\/wp\/v2\/product_brand?post=4024"},{"taxonomy":"product_cat","embeddable":true,"href":"https:\/\/portaspravida.com\/en\/wp-json\/wp\/v2\/product_cat?post=4024"},{"taxonomy":"product_tag","embeddable":true,"href":"https:\/\/portaspravida.com\/en\/wp-json\/wp\/v2\/product_tag?post=4024"}],"curies":[{"name":"wp","href":"https:\/\/api.w.org\/{rel}","templated":true}]}}