{"id":4008,"date":"2025-11-13T13:26:15","date_gmt":"2025-11-13T13:26:15","guid":{"rendered":"https:\/\/portaspravida.com\/?post_type=product&#038;p=4008"},"modified":"2025-12-04T16:32:17","modified_gmt":"2025-12-04T16:32:17","slug":"duendes-das-pinhocas","status":"publish","type":"product","link":"https:\/\/portaspravida.com\/en\/product\/duendes-das-pinhocas\/","title":{"rendered":"Duendes das Pinhocas A1"},"content":{"rendered":"<p data-start=\"278\" data-end=\"540\">Um toque de encanto vindo da natureza.<br data-start=\"316\" data-end=\"319\" \/>Os <strong data-start=\"322\" data-end=\"346\">Duendes das Pinhocas<\/strong> s\u00e3o pequenas figuras artesanais que combinam simplicidade, criatividade e ternura. Feitos \u00e0 m\u00e3o com pinhas naturais e detalhes em l\u00e3 e fita, trazem um ar acolhedor e alegre a qualquer espa\u00e7o.<\/p>\n<p data-start=\"542\" data-end=\"830\">Cada duende \u00e9 \u00fanico, com a sua pr\u00f3pria express\u00e3o e personalidade \u2014 perfeitos para quem valoriza o artesanato, o trabalho manual e o charme das pe\u00e7as que contam hist\u00f3rias.<br data-start=\"712\" data-end=\"715\" \/>Coloca-os na \u00e1rvore de Natal, numa prateleira especial ou oferece-os a algu\u00e9m querido, e deixa a magia acontecer.<\/p>\n<p data-start=\"837\" data-end=\"852\"><strong data-start=\"837\" data-end=\"850\">Detalhes:<\/strong><\/p>\n<ul data-start=\"853\" data-end=\"1091\">\n<li data-start=\"853\" data-end=\"898\">\n<p data-start=\"855\" data-end=\"898\">Pe\u00e7a artesanal feita com pinhas naturais.<\/p>\n<\/li>\n<li data-start=\"899\" data-end=\"951\">\n<p data-start=\"901\" data-end=\"951\">Detalhes em l\u00e3, fita de cetim e papel reciclado.<\/p>\n<\/li>\n<li data-start=\"952\" data-end=\"1005\">\n<p data-start=\"954\" data-end=\"1005\">Tons e express\u00f5es variados (cada duende \u00e9 \u00fanico).<\/p>\n<\/li>\n<li data-start=\"1006\" data-end=\"1054\">\n<p data-start=\"1008\" data-end=\"1054\">Dimens\u00f5es aproximadas: 10 a 12 cm de altura.<\/p>\n<\/li>\n<li data-start=\"1055\" data-end=\"1091\">\n<p data-start=\"1057\" data-end=\"1091\">Produto sustent\u00e1vel e solid\u00e1rio.<\/p>\n<\/li>\n<\/ul>\n<p data-start=\"1093\" data-end=\"1214\">Feitos com amor pela <strong data-start=\"1114\" data-end=\"1144\">Associa\u00e7\u00e3o Portas pra Vida<\/strong>, cada duende ajuda a abrir novas portas de esperan\u00e7a e inclus\u00e3o.<\/p>","protected":false},"excerpt":{"rendered":"<p>Trabalho realizado pelos utentes <strong>Patr\u00edcia In\u00eas<\/strong> <strong>Daniel Teixeira<\/strong> <strong>Jo\u00e3o Lu\u00eds<\/strong> <strong>Jos\u00e9 Pinto<\/strong><\/p>","protected":false},"featured_media":4010,"template":"","meta":{"_themeisle_gutenberg_block_has_review":false,"wds_primary_product_brand":0,"wds_primary_product_cat":0},"product_brand":[],"product_cat":[34],"product_tag":[],"class_list":{"0":"post-4008","1":"product","2":"type-product","3":"status-publish","4":"has-post-thumbnail","6":"product_cat-textil","8":"first","9":"instock","10":"sold-individually","11":"shipping-taxable","12":"purchasable","13":"product-type-simple"},"_links":{"self":[{"href":"https:\/\/portaspravida.com\/en\/wp-json\/wp\/v2\/product\/4008","targetHints":{"allow":["GET"]}}],"collection":[{"href":"https:\/\/portaspravida.com\/en\/wp-json\/wp\/v2\/product"}],"about":[{"href":"https:\/\/portaspravida.com\/en\/wp-json\/wp\/v2\/types\/product"}],"wp:featuredmedia":[{"embeddable":true,"href":"https:\/\/portaspravida.com\/en\/wp-json\/wp\/v2\/media\/4010"}],"wp:attachment":[{"href":"https:\/\/portaspravida.com\/en\/wp-json\/wp\/v2\/media?parent=4008"}],"wp:term":[{"taxonomy":"product_brand","embeddable":true,"href":"https:\/\/portaspravida.com\/en\/wp-json\/wp\/v2\/product_brand?post=4008"},{"taxonomy":"product_cat","embeddable":true,"href":"https:\/\/portaspravida.com\/en\/wp-json\/wp\/v2\/product_cat?post=4008"},{"taxonomy":"product_tag","embeddable":true,"href":"https:\/\/portaspravida.com\/en\/wp-json\/wp\/v2\/product_tag?post=4008"}],"curies":[{"name":"wp","href":"https:\/\/api.w.org\/{rel}","templated":true}]}}