{"id":4002,"date":"2025-11-13T13:04:15","date_gmt":"2025-11-13T13:04:15","guid":{"rendered":"https:\/\/portaspravida.com\/?post_type=product&#038;p=4002"},"modified":"2025-12-04T12:22:15","modified_gmt":"2025-12-04T12:22:15","slug":"grinalda-feliz-natal-com-pai-natal","status":"publish","type":"product","link":"https:\/\/portaspravida.com\/en\/product\/grinalda-feliz-natal-com-pai-natal\/","title":{"rendered":"Grinalda \u201cFeliz Natal\u201d com Pai Natal A1"},"content":{"rendered":"<p data-start=\"167\" data-end=\"473\">Deseje um Feliz Natal com esta <strong data-start=\"216\" data-end=\"254\">grinalda artesanal em serapilheira<\/strong>, decorada com um simp\u00e1tico Pai Natal de pernas compridas e detalhes festivos. Ideal para pendurar na porta de entrada, na parede ou junto \u00e0 \u00e1rvore de Natal, esta pe\u00e7a transmite o encanto e a alegria t\u00edpicos da \u00e9poca.<\/p>\n<p data-start=\"475\" data-end=\"504\"><strong data-start=\"478\" data-end=\"502\">Detalhes do produto:<\/strong><\/p>\n<ul data-start=\"505\" data-end=\"859\">\n<li data-start=\"505\" data-end=\"539\">\n<p data-start=\"507\" data-end=\"539\">Produ\u00e7\u00e3o artesanal e exclusiva<\/p>\n<\/li>\n<li data-start=\"540\" data-end=\"816\">\n<p data-start=\"542\" data-end=\"816\">Materiais:<br data-start=\"552\" data-end=\"555\" \/>\u2022 <strong data-start=\"559\" data-end=\"581\">Roda de esferovite<\/strong><br data-start=\"581\" data-end=\"584\" \/>\u2022 <strong data-start=\"588\" data-end=\"624\">Enchimento da roda de esferovite<\/strong><br data-start=\"624\" data-end=\"627\" \/>\u2022 <strong data-start=\"631\" data-end=\"647\">Serapilheira<\/strong><br data-start=\"647\" data-end=\"650\" \/>\u2022 <strong data-start=\"654\" data-end=\"683\" data-is-only-node=\"\">Tecido aveludado vermelho<\/strong><br data-start=\"683\" data-end=\"686\" \/>\u2022 <strong data-start=\"690\" data-end=\"700\">Feltro<\/strong><br data-start=\"700\" data-end=\"703\" \/>\u2022 <strong data-start=\"707\" data-end=\"726\">Bola de madeira<\/strong><br data-start=\"726\" data-end=\"729\" \/>\u2022 <strong data-start=\"733\" data-end=\"756\">Barbas de Pai Natal<\/strong><br data-start=\"756\" data-end=\"759\" \/>\u2022 <strong data-start=\"763\" data-end=\"784\">Letras de madeira<\/strong><br data-start=\"784\" data-end=\"787\" \/>\u2022 <strong data-start=\"791\" data-end=\"814\">Estrelas de madeira<\/strong><\/p>\n<\/li>\n<li data-start=\"817\" data-end=\"839\">\n<p data-start=\"819\" data-end=\"839\">Largura: <strong data-start=\"828\" data-end=\"837\">36 cm<\/strong><\/p>\n<\/li>\n<li data-start=\"840\" data-end=\"859\">\n<p data-start=\"842\" data-end=\"859\">Altura: <strong data-start=\"850\" data-end=\"859\">35 cm<\/strong><\/p>\n<\/li>\n<\/ul>\n<p data-start=\"861\" data-end=\"949\">Ideal para oferecer ou decorar espa\u00e7os com um toque acolhedor e festivo.<\/p>","protected":false},"excerpt":{"rendered":"<p>Trabalho Realizado pelo utente <strong>Lu\u00eds Manuel<\/strong><\/p>\n<p>.<\/p>","protected":false},"featured_media":4000,"template":"","meta":{"_themeisle_gutenberg_block_has_review":false,"wds_primary_product_brand":0,"wds_primary_product_cat":0},"product_brand":[],"product_cat":[16],"product_tag":[],"class_list":{"0":"post-4002","1":"product","2":"type-product","3":"status-publish","4":"has-post-thumbnail","6":"product_cat-sem-categoria","8":"first","9":"outofstock","10":"sold-individually","11":"shipping-taxable","12":"purchasable","13":"product-type-simple"},"_links":{"self":[{"href":"https:\/\/portaspravida.com\/en\/wp-json\/wp\/v2\/product\/4002","targetHints":{"allow":["GET"]}}],"collection":[{"href":"https:\/\/portaspravida.com\/en\/wp-json\/wp\/v2\/product"}],"about":[{"href":"https:\/\/portaspravida.com\/en\/wp-json\/wp\/v2\/types\/product"}],"wp:featuredmedia":[{"embeddable":true,"href":"https:\/\/portaspravida.com\/en\/wp-json\/wp\/v2\/media\/4000"}],"wp:attachment":[{"href":"https:\/\/portaspravida.com\/en\/wp-json\/wp\/v2\/media?parent=4002"}],"wp:term":[{"taxonomy":"product_brand","embeddable":true,"href":"https:\/\/portaspravida.com\/en\/wp-json\/wp\/v2\/product_brand?post=4002"},{"taxonomy":"product_cat","embeddable":true,"href":"https:\/\/portaspravida.com\/en\/wp-json\/wp\/v2\/product_cat?post=4002"},{"taxonomy":"product_tag","embeddable":true,"href":"https:\/\/portaspravida.com\/en\/wp-json\/wp\/v2\/product_tag?post=4002"}],"curies":[{"name":"wp","href":"https:\/\/api.w.org\/{rel}","templated":true}]}}