{"id":3953,"date":"2025-11-13T12:44:30","date_gmt":"2025-11-13T12:44:30","guid":{"rendered":"https:\/\/portaspravida.com\/?post_type=product&#038;p=3953"},"modified":"2025-11-25T10:36:25","modified_gmt":"2025-11-25T10:36:25","slug":"pai-natal-artesanal-em-goma-eva","status":"publish","type":"product","link":"https:\/\/portaspravida.com\/en\/product\/pai-natal-artesanal-em-goma-eva\/","title":{"rendered":"Pai Natal Artesanal A1"},"content":{"rendered":"<p data-start=\"176\" data-end=\"363\">Um ador\u00e1vel <strong data-start=\"188\" data-end=\"211\">Pai Natal artesanal<\/strong>, feito \u00e0 m\u00e3o com todo o cuidado e aten\u00e7\u00e3o aos detalhes. Esta pe\u00e7a encantadora \u00e9 ideal para dar um toque acolhedor e festivo \u00e0 tua decora\u00e7\u00e3o de Natal.<\/p>\n<p data-start=\"365\" data-end=\"579\">O boneco \u00e9 constru\u00eddo com <strong data-start=\"391\" data-end=\"407\">Goma Eva<\/strong>, <strong data-start=\"409\" data-end=\"422\">l\u00e3 branca<\/strong> e detalhes em <strong data-start=\"437\" data-end=\"464\">tecido vermelho e preto<\/strong>, sentado sobre uma base de <strong data-start=\"492\" data-end=\"540\">veludo vermelho ornamentada com fita dourada<\/strong>, que lhe confere eleg\u00e2ncia e brilho.<\/p>\n<p data-start=\"581\" data-end=\"599\"><strong data-start=\"583\" data-end=\"597\">Materiais:<\/strong><\/p>\n<ul data-start=\"600\" data-end=\"729\">\n<li data-start=\"600\" data-end=\"635\">\n<p data-start=\"602\" data-end=\"635\">Goma Eva vermelho, preto e branco<\/p>\n<\/li>\n<li data-start=\"636\" data-end=\"649\">\n<p data-start=\"638\" data-end=\"649\">L\u00e3 branca<\/p>\n<\/li>\n<li data-start=\"650\" data-end=\"673\">\n<p data-start=\"652\" data-end=\"673\">Bolas de esferovite<\/p>\n<\/li>\n<li data-start=\"674\" data-end=\"701\">\n<p data-start=\"676\" data-end=\"701\">Fita dourada decorativa<\/p>\n<\/li>\n<li data-start=\"702\" data-end=\"729\">\n<p data-start=\"704\" data-end=\"729\">Base em veludo vermelho<\/p>\n<\/li>\n<\/ul>\n<p data-start=\"731\" data-end=\"750\"><strong data-start=\"734\" data-end=\"748\">Dimens\u00f5es: <\/strong>Largura: 10 cm x Altura: 14 cm<\/p>\n<p data-start=\"810\" data-end=\"829\"><strong data-start=\"813\" data-end=\"827\">Destaques:<\/strong><\/p>\n<ul data-start=\"830\" data-end=\"1054\">\n<li data-start=\"830\" data-end=\"874\">\n<p data-start=\"832\" data-end=\"874\">100% artesanal e feito com muito carinho<\/p>\n<\/li>\n<li data-start=\"875\" data-end=\"930\">\n<p data-start=\"877\" data-end=\"930\">Ideal para centros de mesa, estantes ou prateleiras<\/p>\n<\/li>\n<li data-start=\"931\" data-end=\"991\">\n<p data-start=\"933\" data-end=\"991\">Design alegre e tradicional que encanta mi\u00fados e gra\u00fados<\/p>\n<\/li>\n<li data-start=\"992\" data-end=\"1054\">\n<p data-start=\"994\" data-end=\"1054\">Uma pe\u00e7a \u00fanica que traz o verdadeiro esp\u00edrito natal\u00edcio<\/p>\n<\/li>\n<\/ul>","protected":false},"excerpt":{"rendered":"<p>Trabalho realizado pelos utentes <strong>Ol\u00edmpia Chaves<\/strong><strong>Carlos Pereira<\/strong><strong>Marcos Lopes<\/strong><\/p>","protected":false},"featured_media":3909,"template":"","meta":{"_themeisle_gutenberg_block_has_review":false,"wds_primary_product_brand":0,"wds_primary_product_cat":0},"product_brand":[],"product_cat":[34],"product_tag":[],"class_list":{"0":"post-3953","1":"product","2":"type-product","3":"status-publish","4":"has-post-thumbnail","6":"product_cat-textil","8":"first","9":"instock","10":"sold-individually","11":"shipping-taxable","12":"purchasable","13":"product-type-simple"},"_links":{"self":[{"href":"https:\/\/portaspravida.com\/en\/wp-json\/wp\/v2\/product\/3953","targetHints":{"allow":["GET"]}}],"collection":[{"href":"https:\/\/portaspravida.com\/en\/wp-json\/wp\/v2\/product"}],"about":[{"href":"https:\/\/portaspravida.com\/en\/wp-json\/wp\/v2\/types\/product"}],"wp:featuredmedia":[{"embeddable":true,"href":"https:\/\/portaspravida.com\/en\/wp-json\/wp\/v2\/media\/3909"}],"wp:attachment":[{"href":"https:\/\/portaspravida.com\/en\/wp-json\/wp\/v2\/media?parent=3953"}],"wp:term":[{"taxonomy":"product_brand","embeddable":true,"href":"https:\/\/portaspravida.com\/en\/wp-json\/wp\/v2\/product_brand?post=3953"},{"taxonomy":"product_cat","embeddable":true,"href":"https:\/\/portaspravida.com\/en\/wp-json\/wp\/v2\/product_cat?post=3953"},{"taxonomy":"product_tag","embeddable":true,"href":"https:\/\/portaspravida.com\/en\/wp-json\/wp\/v2\/product_tag?post=3953"}],"curies":[{"name":"wp","href":"https:\/\/api.w.org\/{rel}","templated":true}]}}