{"id":3921,"date":"2025-11-13T12:33:32","date_gmt":"2025-11-13T12:33:32","guid":{"rendered":"https:\/\/portaspravida.com\/?post_type=product&#038;p=3921"},"modified":"2025-11-17T15:29:10","modified_gmt":"2025-11-17T15:29:10","slug":"presepio-artesanal-em-madeira","status":"publish","type":"product","link":"https:\/\/portaspravida.com\/en\/product\/presepio-artesanal-em-madeira\/","title":{"rendered":"Pres\u00e9pio Artesanal A1"},"content":{"rendered":"<p data-start=\"230\" data-end=\"501\">Um pres\u00e9pio encantador que celebra o verdadeiro esp\u00edrito do Natal, com um toque r\u00fastico e acolhedor. Feito \u00e0 m\u00e3o com materiais naturais, este pres\u00e9pio destaca-se pelo seu design simples e aut\u00eantico, perfeito para trazer harmonia e significado \u00e0 tua decora\u00e7\u00e3o natal\u00edcia.<\/p>\n<p data-start=\"503\" data-end=\"697\">Cada figura foi cuidadosamente moldada e revestida com <strong data-start=\"558\" data-end=\"579\">serapilheira fina<\/strong>, e o est\u00e1bulo constru\u00eddo com <strong data-start=\"609\" data-end=\"637\">paus e aparas de madeira<\/strong>, criando um cen\u00e1rio artesanal cheio de charme e tradi\u00e7\u00e3o.<\/p>\n<p data-start=\"699\" data-end=\"717\"><strong data-start=\"701\" data-end=\"715\">Materiais:<\/strong><\/p>\n<ul data-start=\"718\" data-end=\"863\">\n<li data-start=\"718\" data-end=\"737\">\n<p data-start=\"720\" data-end=\"737\">Paus de madeira<\/p>\n<\/li>\n<li data-start=\"738\" data-end=\"759\">\n<p data-start=\"740\" data-end=\"759\">Aparas de madeira<\/p>\n<\/li>\n<li data-start=\"760\" data-end=\"781\">\n<p data-start=\"762\" data-end=\"781\">Serapilheira fina<\/p>\n<\/li>\n<li data-start=\"782\" data-end=\"807\">\n<p data-start=\"784\" data-end=\"807\">Fio de croch\u00e9 dourado<\/p>\n<\/li>\n<li data-start=\"808\" data-end=\"825\">\n<p data-start=\"810\" data-end=\"825\">Arame dourado<\/p>\n<\/li>\n<li data-start=\"826\" data-end=\"839\">\n<p data-start=\"828\" data-end=\"839\">Cotonetes<\/p>\n<\/li>\n<li data-start=\"840\" data-end=\"863\">\n<p data-start=\"842\" data-end=\"863\">Bolas de esferovite<\/p>\n<\/li>\n<\/ul>\n<p data-start=\"865\" data-end=\"884\"><strong data-start=\"868\" data-end=\"882\">Dimens\u00f5es: <\/strong>Largura: 16 cm x Altura: 24 cm<\/p>\n<p data-start=\"944\" data-end=\"963\"><strong data-start=\"947\" data-end=\"961\">Destaques:<\/strong><\/p>\n<ul data-start=\"964\" data-end=\"1155\">\n<li data-start=\"964\" data-end=\"1008\">\n<p data-start=\"966\" data-end=\"1008\">Produ\u00e7\u00e3o 100% artesanal e sustent\u00e1vel<\/p>\n<\/li>\n<li data-start=\"1009\" data-end=\"1041\">\n<p data-start=\"1011\" data-end=\"1041\">Acabamento r\u00fastico e natural<\/p>\n<\/li>\n<li data-start=\"1042\" data-end=\"1113\">\n<p data-start=\"1044\" data-end=\"1113\">Ideal para decorar lares, lojas ou oferecer como presente simb\u00f3lico<\/p>\n<\/li>\n<li data-start=\"1114\" data-end=\"1155\">\n<p data-start=\"1116\" data-end=\"1155\">Cada pe\u00e7a \u00e9 \u00fanica e feita com carinho<\/p>\n<\/li>\n<\/ul>","protected":false},"excerpt":{"rendered":"<p>Trabalho realizado pelo utente <strong>Micael Esteves<\/strong><\/p>\n<p>.<\/p>","protected":false},"featured_media":3910,"template":"","meta":{"give_campaign_id":0,"_themeisle_gutenberg_block_has_review":false,"wds_primary_product_brand":0,"wds_primary_product_cat":0},"product_brand":[],"product_cat":[34],"product_tag":[],"class_list":{"0":"post-3921","1":"product","2":"type-product","3":"status-publish","4":"has-post-thumbnail","6":"product_cat-textil","8":"first","9":"outofstock","10":"sold-individually","11":"shipping-taxable","12":"purchasable","13":"product-type-simple"},"_links":{"self":[{"href":"https:\/\/portaspravida.com\/en\/wp-json\/wp\/v2\/product\/3921","targetHints":{"allow":["GET"]}}],"collection":[{"href":"https:\/\/portaspravida.com\/en\/wp-json\/wp\/v2\/product"}],"about":[{"href":"https:\/\/portaspravida.com\/en\/wp-json\/wp\/v2\/types\/product"}],"wp:featuredmedia":[{"embeddable":true,"href":"https:\/\/portaspravida.com\/en\/wp-json\/wp\/v2\/media\/3910"}],"wp:attachment":[{"href":"https:\/\/portaspravida.com\/en\/wp-json\/wp\/v2\/media?parent=3921"}],"wp:term":[{"taxonomy":"product_brand","embeddable":true,"href":"https:\/\/portaspravida.com\/en\/wp-json\/wp\/v2\/product_brand?post=3921"},{"taxonomy":"product_cat","embeddable":true,"href":"https:\/\/portaspravida.com\/en\/wp-json\/wp\/v2\/product_cat?post=3921"},{"taxonomy":"product_tag","embeddable":true,"href":"https:\/\/portaspravida.com\/en\/wp-json\/wp\/v2\/product_tag?post=3921"}],"curies":[{"name":"wp","href":"https:\/\/api.w.org\/{rel}","templated":true}]}}