{"id":29627,"date":"2026-02-16T13:28:21","date_gmt":"2026-02-16T13:28:21","guid":{"rendered":"https:\/\/portaspravida.com\/?post_type=product&#038;p=29627"},"modified":"2026-02-16T15:13:51","modified_gmt":"2026-02-16T15:13:51","slug":"6-suporte-de-copo-ou-caneca","status":"publish","type":"product","link":"https:\/\/portaspravida.com\/en\/product\/6-suporte-de-copo-ou-caneca\/","title":{"rendered":"6 &#8211; Base para Copo ou Caneca cora\u00e7\u00e3o V1"},"content":{"rendered":"<p data-start=\"209\" data-end=\"318\">Suporte artesanal feito com corda, ideal para apoiar copos ou canecas e proteger a mesa do calor e de marcas.<\/p>\n<p data-start=\"320\" data-end=\"503\">Com um design simples e r\u00fastico, em tons naturais e detalhe em vermelho, este suporte combina perfeitamente com qualquer ambiente, trazendo um toque acolhedor e artesanal \u00e0 decora\u00e7\u00e3o.<\/p>\n<p data-start=\"505\" data-end=\"619\">O acabamento com la\u00e7o central d\u00e1-lhe um charme especial, tornando esta pe\u00e7a funcional e ao mesmo tempo decorativa.<\/p>","protected":false},"excerpt":{"rendered":"<p>Trabalho Realizado pelos utentes: <strong>Rute Felix<\/strong><strong>Marina Mouta<\/strong><\/p>","protected":false},"featured_media":29628,"template":"","meta":{"give_campaign_id":0,"_themeisle_gutenberg_block_has_review":false,"wds_primary_product_brand":0,"wds_primary_product_cat":0},"product_brand":[],"product_cat":[34],"product_tag":[],"class_list":{"0":"post-29627","1":"product","2":"type-product","3":"status-publish","4":"has-post-thumbnail","6":"product_cat-textil","8":"first","9":"instock","10":"sold-individually","11":"shipping-taxable","12":"purchasable","13":"product-type-simple"},"_links":{"self":[{"href":"https:\/\/portaspravida.com\/en\/wp-json\/wp\/v2\/product\/29627","targetHints":{"allow":["GET"]}}],"collection":[{"href":"https:\/\/portaspravida.com\/en\/wp-json\/wp\/v2\/product"}],"about":[{"href":"https:\/\/portaspravida.com\/en\/wp-json\/wp\/v2\/types\/product"}],"wp:featuredmedia":[{"embeddable":true,"href":"https:\/\/portaspravida.com\/en\/wp-json\/wp\/v2\/media\/29628"}],"wp:attachment":[{"href":"https:\/\/portaspravida.com\/en\/wp-json\/wp\/v2\/media?parent=29627"}],"wp:term":[{"taxonomy":"product_brand","embeddable":true,"href":"https:\/\/portaspravida.com\/en\/wp-json\/wp\/v2\/product_brand?post=29627"},{"taxonomy":"product_cat","embeddable":true,"href":"https:\/\/portaspravida.com\/en\/wp-json\/wp\/v2\/product_cat?post=29627"},{"taxonomy":"product_tag","embeddable":true,"href":"https:\/\/portaspravida.com\/en\/wp-json\/wp\/v2\/product_tag?post=29627"}],"curies":[{"name":"wp","href":"https:\/\/api.w.org\/{rel}","templated":true}]}}