{"id":29573,"date":"2026-02-16T09:55:36","date_gmt":"2026-02-16T09:55:36","guid":{"rendered":"https:\/\/portaspravida.com\/?post_type=product&#038;p=29573"},"modified":"2026-04-14T09:58:20","modified_gmt":"2026-04-14T09:58:20","slug":"1-coracao-decorativo-em-tecido-com-laco-amarelo-a1","status":"publish","type":"product","link":"https:\/\/portaspravida.com\/en\/product\/1-coracao-decorativo-em-tecido-com-laco-amarelo-a1\/","title":{"rendered":"1 &#8211; Cora\u00e7\u00e3o Decorativo em Tecido com La\u00e7o Amarelo &#8211; V1"},"content":{"rendered":"<p>Um pequeno detalhe cheio de charme para dar um toque especial \u00e0 sua decora\u00e7\u00e3o. Este cora\u00e7\u00e3o decorativo \u00e9 feito em tecido com padr\u00e3o floral suave e acabamento em tons amarelos, acompanhado por um la\u00e7o acetinado que o torna ainda mais bonito e acolhedor.<\/p>\n<p data-start=\"540\" data-end=\"562\"><strong data-start=\"540\" data-end=\"560\">Caracter\u00edsticas:<\/strong><\/p>\n<ul data-start=\"563\" data-end=\"747\">\n<li data-start=\"563\" data-end=\"594\">\n<p data-start=\"565\" data-end=\"594\">Pe\u00e7a artesanal, feita \u00e0 m\u00e3o com materiais reciclados<\/p>\n<\/li>\n<li data-start=\"563\" data-end=\"594\">Corda de macram\u00ea<\/li>\n<li data-start=\"595\" data-end=\"642\">\n<p data-start=\"597\" data-end=\"642\">Tecido estampado com padr\u00e3o floral delicado<\/p>\n<\/li>\n<li data-start=\"643\" data-end=\"687\">\n<p data-start=\"645\" data-end=\"687\">La\u00e7o decorativo em fita de cetim amarela<\/p>\n<\/li>\n<li data-start=\"688\" data-end=\"747\">\n<p data-start=\"690\" data-end=\"747\">Ideal para decora\u00e7\u00e3o de interiores ou enfeites sazonais<\/p>\n<\/li>\n<\/ul>","protected":false},"excerpt":{"rendered":"<p>Trabalho realizado pelos utentes: <strong>Carlos Fernandes<\/strong><strong> Ad\u00e9rito Fernandes<\/strong><strong> Ant\u00f3nio Fonseca<\/strong><strong> Rute Felix<\/strong><\/p>","protected":false},"featured_media":29605,"template":"","meta":{"_themeisle_gutenberg_block_has_review":false,"wds_primary_product_brand":0,"wds_primary_product_cat":0},"product_brand":[],"product_cat":[34],"product_tag":[],"class_list":{"0":"post-29573","1":"product","2":"type-product","3":"status-publish","4":"has-post-thumbnail","6":"product_cat-textil","8":"first","9":"onbackorder","10":"shipping-taxable","11":"purchasable","12":"product-type-simple"},"_links":{"self":[{"href":"https:\/\/portaspravida.com\/en\/wp-json\/wp\/v2\/product\/29573","targetHints":{"allow":["GET"]}}],"collection":[{"href":"https:\/\/portaspravida.com\/en\/wp-json\/wp\/v2\/product"}],"about":[{"href":"https:\/\/portaspravida.com\/en\/wp-json\/wp\/v2\/types\/product"}],"wp:featuredmedia":[{"embeddable":true,"href":"https:\/\/portaspravida.com\/en\/wp-json\/wp\/v2\/media\/29605"}],"wp:attachment":[{"href":"https:\/\/portaspravida.com\/en\/wp-json\/wp\/v2\/media?parent=29573"}],"wp:term":[{"taxonomy":"product_brand","embeddable":true,"href":"https:\/\/portaspravida.com\/en\/wp-json\/wp\/v2\/product_brand?post=29573"},{"taxonomy":"product_cat","embeddable":true,"href":"https:\/\/portaspravida.com\/en\/wp-json\/wp\/v2\/product_cat?post=29573"},{"taxonomy":"product_tag","embeddable":true,"href":"https:\/\/portaspravida.com\/en\/wp-json\/wp\/v2\/product_tag?post=29573"}],"curies":[{"name":"wp","href":"https:\/\/api.w.org\/{rel}","templated":true}]}}