{"id":1643,"date":"2025-10-21T11:48:22","date_gmt":"2025-10-21T11:48:22","guid":{"rendered":"https:\/\/portaspravida.com\/?post_type=product&#038;p=1643"},"modified":"2025-11-12T15:54:26","modified_gmt":"2025-11-12T15:54:26","slug":"garrafa-decorativa-em-juta","status":"publish","type":"product","link":"https:\/\/portaspravida.com\/en\/product\/garrafa-decorativa-em-juta\/","title":{"rendered":"Garrafa Decorativa em Juta R1"},"content":{"rendered":"<p>Uma pe\u00e7a simples, natural e cheia de charme! Esta garrafa decorativa foi totalmente transformada \u00e0 m\u00e3o com corda de juta, resultando numa pe\u00e7a elegante e sustent\u00e1vel. Decorada com uma flor feita no mesmo material, \u00e9 perfeita para dar um toque acolhedor a qualquer espa\u00e7o.<br \/>\nIdeal para decora\u00e7\u00e3o de sala, escrit\u00f3rio, entrada ou eventos tem\u00e1ticos r\u00fasticos. Pode ainda ser usada como jarro decorativo (apenas para flores artificiais ou secas).<\/p>\n<p>Detalhes do produto:<\/p>\n<p>Material: garrafa reutilizada e corda de juta.<br \/>\nDesign artesanal com flor decorativa.<br \/>\nCor natural, estilo r\u00fastico.<br \/>\nPe\u00e7a ecol\u00f3gica.<br \/>\nPerfeita para decora\u00e7\u00e3o de interiores.<\/p>\n<p>Feita com carinho, cada pe\u00e7a \u00e9 \u00fanica!<\/p>","protected":false},"excerpt":{"rendered":"<p>Trabalho realizado pelo utente <strong>Pedro Felgueiras<\/strong>.<\/p>","protected":false},"featured_media":1644,"template":"","meta":{"_themeisle_gutenberg_block_has_review":false,"wds_primary_product_brand":0,"wds_primary_product_cat":0},"product_brand":[],"product_cat":[34],"product_tag":[],"class_list":{"0":"post-1643","1":"product","2":"type-product","3":"status-publish","4":"has-post-thumbnail","6":"product_cat-textil","8":"first","9":"instock","10":"sold-individually","11":"shipping-taxable","12":"purchasable","13":"product-type-simple"},"_links":{"self":[{"href":"https:\/\/portaspravida.com\/en\/wp-json\/wp\/v2\/product\/1643","targetHints":{"allow":["GET"]}}],"collection":[{"href":"https:\/\/portaspravida.com\/en\/wp-json\/wp\/v2\/product"}],"about":[{"href":"https:\/\/portaspravida.com\/en\/wp-json\/wp\/v2\/types\/product"}],"wp:featuredmedia":[{"embeddable":true,"href":"https:\/\/portaspravida.com\/en\/wp-json\/wp\/v2\/media\/1644"}],"wp:attachment":[{"href":"https:\/\/portaspravida.com\/en\/wp-json\/wp\/v2\/media?parent=1643"}],"wp:term":[{"taxonomy":"product_brand","embeddable":true,"href":"https:\/\/portaspravida.com\/en\/wp-json\/wp\/v2\/product_brand?post=1643"},{"taxonomy":"product_cat","embeddable":true,"href":"https:\/\/portaspravida.com\/en\/wp-json\/wp\/v2\/product_cat?post=1643"},{"taxonomy":"product_tag","embeddable":true,"href":"https:\/\/portaspravida.com\/en\/wp-json\/wp\/v2\/product_tag?post=1643"}],"curies":[{"name":"wp","href":"https:\/\/api.w.org\/{rel}","templated":true}]}}