{"id":1313,"date":"2025-09-17T09:46:27","date_gmt":"2025-09-17T09:46:27","guid":{"rendered":"https:\/\/portaspravida.com\/?post_type=product&#038;p=1313"},"modified":"2025-11-25T10:55:38","modified_gmt":"2025-11-25T10:55:38","slug":"porta-chaves-bola","status":"publish","type":"product","link":"https:\/\/portaspravida.com\/en\/product\/porta-chaves-bola\/","title":{"rendered":"Porta-chaves artesanal em l\u00e3 (bola) A1"},"content":{"rendered":"<p>Este porta-chaves artesanal \u00e9 a combina\u00e7\u00e3o perfeita entre funcionalidade e charme! Feito \u00e0 m\u00e3o em l\u00e3 macia, tem um design amoroso em tons de azul-claro e branco, com detalhe em madeira gravado \u201cHandmade\u201d, que refor\u00e7a o seu car\u00e1ter \u00fanico e especial.<br \/>\nLeve, suave ao toque e super resistente, \u00e9 ideal para usar nas chaves, mochila, mala ou at\u00e9 como acess\u00f3rio decorativo.<\/p>\n<p>Detalhes do produto:<br \/>\nTipo: porta-chaves artesanal em l\u00e3.<br \/>\nMaterial: l\u00e3 grossa tricotada + argola met\u00e1lica + detalhe em madeira.<br \/>\nCores: azul-claro e branco.<br \/>\nDesign acolchoado, macio e com textura vis\u00edvel.<br \/>\nArgola resistente para prender facilmente.<br \/>\nAcabamento \u00e0 m\u00e3o, cada pe\u00e7a \u00e9 \u00fanica!<\/p>\n<p>Perfeito para dar um toque fofo e personalizado \u00e0s tuas chaves, decorar mochilas, malas, estojos ou oferecer como presente artesanal cheio de carinho.<\/p>","protected":false},"excerpt":{"rendered":"<p>Trabalho realizado pela utente <strong>Isabel Baeta<\/strong>.<\/p>","protected":false},"featured_media":1535,"template":"","meta":{"give_campaign_id":0,"_themeisle_gutenberg_block_has_review":false,"wds_primary_product_brand":0,"wds_primary_product_cat":0},"product_brand":[],"product_cat":[34],"product_tag":[],"class_list":{"0":"post-1313","1":"product","2":"type-product","3":"status-publish","4":"has-post-thumbnail","6":"product_cat-textil","8":"first","9":"instock","10":"sold-individually","11":"shipping-taxable","12":"purchasable","13":"product-type-simple"},"_links":{"self":[{"href":"https:\/\/portaspravida.com\/en\/wp-json\/wp\/v2\/product\/1313","targetHints":{"allow":["GET"]}}],"collection":[{"href":"https:\/\/portaspravida.com\/en\/wp-json\/wp\/v2\/product"}],"about":[{"href":"https:\/\/portaspravida.com\/en\/wp-json\/wp\/v2\/types\/product"}],"wp:featuredmedia":[{"embeddable":true,"href":"https:\/\/portaspravida.com\/en\/wp-json\/wp\/v2\/media\/1535"}],"wp:attachment":[{"href":"https:\/\/portaspravida.com\/en\/wp-json\/wp\/v2\/media?parent=1313"}],"wp:term":[{"taxonomy":"product_brand","embeddable":true,"href":"https:\/\/portaspravida.com\/en\/wp-json\/wp\/v2\/product_brand?post=1313"},{"taxonomy":"product_cat","embeddable":true,"href":"https:\/\/portaspravida.com\/en\/wp-json\/wp\/v2\/product_cat?post=1313"},{"taxonomy":"product_tag","embeddable":true,"href":"https:\/\/portaspravida.com\/en\/wp-json\/wp\/v2\/product_tag?post=1313"}],"curies":[{"name":"wp","href":"https:\/\/api.w.org\/{rel}","templated":true}]}}