{"id":1236,"date":"2025-08-26T11:25:47","date_gmt":"2025-08-26T11:25:47","guid":{"rendered":"https:\/\/portaspravida.com\/?post_type=product&#038;p=1236"},"modified":"2025-11-13T15:27:38","modified_gmt":"2025-11-13T15:27:38","slug":"boneco-menino","status":"publish","type":"product","link":"https:\/\/portaspravida.com\/en\/product\/boneco-menino\/","title":{"rendered":"Boneco de Feltro Artesanal R1"},"content":{"rendered":"<p>Feito \u00e0 m\u00e3o com muito carinho, este boneco artesanal em feltro \u00e9 o companheiro perfeito para crian\u00e7as (ou adultos com alma de crian\u00e7a!).<br \/>\nCom o seu sorriso simp\u00e1tico e o look casual de camisola azul e cal\u00e7\u00f5es escuros, traz alegria e ternura a qualquer ambiente.<br \/>\nCada detalhe, desde os olhos m\u00f3veis at\u00e9 \u00e0s costuras delicada, \u00e9 cuidadosamente feito \u00e0 m\u00e3o, tornando cada boneco \u00fanico e especial.<\/p>\n<p>Detalhes do produto:<\/p>\n<p>Material: Feltro de alta qualidade e enchimento macio.<br \/>\nCores: Azul claro, azul escuro, castanho e preto.<br \/>\nOlhos m\u00f3veis e bordado manual.<br \/>\nTotalmente feito \u00e0 m\u00e3o.<br \/>\nDimens\u00f5es aproximadas: pequeno.<br \/>\nProduto artesanal e sustent\u00e1vel.<\/p>\n<p>Perfeito para oferecer como presente, decorar o quarto infantil ou completar uma cole\u00e7\u00e3o de bonecos artesanais.<\/p>","protected":false},"excerpt":{"rendered":"<p>Trabalho realizado por todos os utentes do <strong>CACI Resende<\/strong><\/p>\n<p><strong>.<\/strong><\/p>","protected":false},"featured_media":1183,"template":"","meta":{"_themeisle_gutenberg_block_has_review":false,"wds_primary_product_brand":0,"wds_primary_product_cat":0},"product_brand":[],"product_cat":[34],"product_tag":[],"class_list":{"0":"post-1236","1":"product","2":"type-product","3":"status-publish","4":"has-post-thumbnail","6":"product_cat-textil","8":"first","9":"instock","10":"sold-individually","11":"shipping-taxable","12":"purchasable","13":"product-type-simple"},"_links":{"self":[{"href":"https:\/\/portaspravida.com\/en\/wp-json\/wp\/v2\/product\/1236","targetHints":{"allow":["GET"]}}],"collection":[{"href":"https:\/\/portaspravida.com\/en\/wp-json\/wp\/v2\/product"}],"about":[{"href":"https:\/\/portaspravida.com\/en\/wp-json\/wp\/v2\/types\/product"}],"wp:featuredmedia":[{"embeddable":true,"href":"https:\/\/portaspravida.com\/en\/wp-json\/wp\/v2\/media\/1183"}],"wp:attachment":[{"href":"https:\/\/portaspravida.com\/en\/wp-json\/wp\/v2\/media?parent=1236"}],"wp:term":[{"taxonomy":"product_brand","embeddable":true,"href":"https:\/\/portaspravida.com\/en\/wp-json\/wp\/v2\/product_brand?post=1236"},{"taxonomy":"product_cat","embeddable":true,"href":"https:\/\/portaspravida.com\/en\/wp-json\/wp\/v2\/product_cat?post=1236"},{"taxonomy":"product_tag","embeddable":true,"href":"https:\/\/portaspravida.com\/en\/wp-json\/wp\/v2\/product_tag?post=1236"}],"curies":[{"name":"wp","href":"https:\/\/api.w.org\/{rel}","templated":true}]}}