{"id":1229,"date":"2025-08-26T11:04:23","date_gmt":"2025-08-26T11:04:23","guid":{"rendered":"https:\/\/portaspravida.com\/?post_type=product&#038;p=1229"},"modified":"2025-11-12T16:13:36","modified_gmt":"2025-11-12T16:13:36","slug":"almofada-meio-ponto-8","status":"publish","type":"product","link":"https:\/\/portaspravida.com\/en\/product\/almofada-meio-ponto-8\/","title":{"rendered":"Almofada meio ponto R1"},"content":{"rendered":"<p>Almofada artesanal em ponto de cruz, conforto com um toque de eleg\u00e2ncia!<br \/>\nEsta almofada feita \u00e0 m\u00e3o combina suavidade, estilo e dedica\u00e7\u00e3o em cada ponto. O padr\u00e3o em linhas amarelo e castanho, cria um visual delicado e moderno, perfeito para dar charme a qualquer sof\u00e1, cama ou cadeir\u00e3o. Ideal para decorar ou simplesmente tornar o espa\u00e7o mais aconchegante!<\/p>\n<p>Detalhes do produto:<\/p>\n<p>Cores: amarelo e castanho.<br \/>\nMaterial: L\u00e3 macia de alta qualidade (ponto de cruz artesanal).<br \/>\nTamanho aproximado: 29 cm x 29 cm.<br \/>\nPe\u00e7a \u00fanica e feita \u00e0 m\u00e3o.<br \/>\nTextura super confort\u00e1vel ao toque.<br \/>\nPerfeita para decora\u00e7\u00e3o ou oferta especial.<\/p>\n<p>Uma almofada que abra\u00e7a, encanta e aquece o cora\u00e7\u00e3o!<\/p>","protected":false},"excerpt":{"rendered":"<p>Trabalho realizado pela utente <strong>Alzira Fonseca<\/strong>.<\/p>","protected":false},"featured_media":1176,"template":"","meta":{"give_campaign_id":0,"_themeisle_gutenberg_block_has_review":false,"wds_primary_product_brand":0,"wds_primary_product_cat":0},"product_brand":[],"product_cat":[34],"product_tag":[],"class_list":{"0":"post-1229","1":"product","2":"type-product","3":"status-publish","4":"has-post-thumbnail","6":"product_cat-textil","8":"first","9":"instock","10":"sold-individually","11":"shipping-taxable","12":"purchasable","13":"product-type-simple"},"_links":{"self":[{"href":"https:\/\/portaspravida.com\/en\/wp-json\/wp\/v2\/product\/1229","targetHints":{"allow":["GET"]}}],"collection":[{"href":"https:\/\/portaspravida.com\/en\/wp-json\/wp\/v2\/product"}],"about":[{"href":"https:\/\/portaspravida.com\/en\/wp-json\/wp\/v2\/types\/product"}],"wp:featuredmedia":[{"embeddable":true,"href":"https:\/\/portaspravida.com\/en\/wp-json\/wp\/v2\/media\/1176"}],"wp:attachment":[{"href":"https:\/\/portaspravida.com\/en\/wp-json\/wp\/v2\/media?parent=1229"}],"wp:term":[{"taxonomy":"product_brand","embeddable":true,"href":"https:\/\/portaspravida.com\/en\/wp-json\/wp\/v2\/product_brand?post=1229"},{"taxonomy":"product_cat","embeddable":true,"href":"https:\/\/portaspravida.com\/en\/wp-json\/wp\/v2\/product_cat?post=1229"},{"taxonomy":"product_tag","embeddable":true,"href":"https:\/\/portaspravida.com\/en\/wp-json\/wp\/v2\/product_tag?post=1229"}],"curies":[{"name":"wp","href":"https:\/\/api.w.org\/{rel}","templated":true}]}}