{"id":1196,"date":"2025-08-22T11:50:51","date_gmt":"2025-08-22T11:50:51","guid":{"rendered":"https:\/\/portaspravida.com\/?post_type=product&#038;p=1196"},"modified":"2025-11-14T12:18:48","modified_gmt":"2025-11-14T12:18:48","slug":"porta-chaves-simbolo","status":"publish","type":"product","link":"https:\/\/portaspravida.com\/en\/product\/porta-chaves-simbolo\/","title":{"rendered":"Porta-chaves Portas P\u2019r\u00e0 Vida R1"},"content":{"rendered":"<p>Pequeno no tamanho, grande no significado.<br \/>\nEste porta-chaves artesanal em feltro representa o log\u00f3tipo da Associa\u00e7\u00e3o Portas P\u2019r\u00e0 Vida, feito com dedica\u00e7\u00e3o e cuidado. Ideal para levar um pedacinho da associa\u00e7\u00e3o sempre contigo, seja nas chaves de casa, do carro ou na mochila.<\/p>\n<p>Detalhes:<\/p>\n<p>Material: feltro macio em dois tons de verde.<br \/>\nFecho met\u00e1lico resistente.<br \/>\nProdu\u00e7\u00e3o artesanal e sustent\u00e1vel.<br \/>\nLeve e duradouro.<\/p>\n<p>Um s\u00edmbolo de inclus\u00e3o e perten\u00e7a, transformado em arte manual.<\/p>","protected":false},"excerpt":{"rendered":"<p>Trabalho realizado pela utente <strong>Cristiana Bernardo<\/strong>.<\/p>","protected":false},"featured_media":1155,"template":"","meta":{"_themeisle_gutenberg_block_has_review":false,"wds_primary_product_brand":0,"wds_primary_product_cat":0},"product_brand":[],"product_cat":[34],"product_tag":[],"class_list":{"0":"post-1196","1":"product","2":"type-product","3":"status-publish","4":"has-post-thumbnail","6":"product_cat-textil","8":"first","9":"onbackorder","10":"sold-individually","11":"shipping-taxable","12":"purchasable","13":"product-type-simple"},"_links":{"self":[{"href":"https:\/\/portaspravida.com\/en\/wp-json\/wp\/v2\/product\/1196","targetHints":{"allow":["GET"]}}],"collection":[{"href":"https:\/\/portaspravida.com\/en\/wp-json\/wp\/v2\/product"}],"about":[{"href":"https:\/\/portaspravida.com\/en\/wp-json\/wp\/v2\/types\/product"}],"wp:featuredmedia":[{"embeddable":true,"href":"https:\/\/portaspravida.com\/en\/wp-json\/wp\/v2\/media\/1155"}],"wp:attachment":[{"href":"https:\/\/portaspravida.com\/en\/wp-json\/wp\/v2\/media?parent=1196"}],"wp:term":[{"taxonomy":"product_brand","embeddable":true,"href":"https:\/\/portaspravida.com\/en\/wp-json\/wp\/v2\/product_brand?post=1196"},{"taxonomy":"product_cat","embeddable":true,"href":"https:\/\/portaspravida.com\/en\/wp-json\/wp\/v2\/product_cat?post=1196"},{"taxonomy":"product_tag","embeddable":true,"href":"https:\/\/portaspravida.com\/en\/wp-json\/wp\/v2\/product_tag?post=1196"}],"curies":[{"name":"wp","href":"https:\/\/api.w.org\/{rel}","templated":true}]}}