{"id":1193,"date":"2025-08-22T11:43:23","date_gmt":"2025-08-22T11:43:23","guid":{"rendered":"https:\/\/portaspravida.com\/?post_type=product&#038;p=1193"},"modified":"2025-11-12T16:22:03","modified_gmt":"2025-11-12T16:22:03","slug":"carapins","status":"publish","type":"product","link":"https:\/\/portaspravida.com\/en\/product\/carapins\/","title":{"rendered":"Carapins (Sapatos de Beb\u00e9s) R1"},"content":{"rendered":"<p>Feitos \u00e0 m\u00e3o com todo o carinho, estes sapatinhos tricotados combinam o aconchego da l\u00e3 com um design moderno em tons contrastantes de azul-escuro e amarelo-mostarda.<br \/>\nPerfeitos para manter os p\u00e9s quentinhos em dias frios, s\u00e3o ideais para usar em casa ou oferecer como presente especial.<\/p>\n<p>Detalhes do produto:<\/p>\n<p>Material: l\u00e3 acr\u00edlica macia.<br \/>\nCores: azul-escuro e amarelo-mostarda.<br \/>\nTamanho: adulto (personaliz\u00e1vel mediante pedido).<br \/>\nFeito \u00e0 m\u00e3o, cada par \u00e9 \u00fanico.<br \/>\nLavagem suave \u00e0 m\u00e3o.<\/p>\n<p>Complementa com um cachecol ou gorro tricotado para um conjunto artesanal cheio de charme.<\/p>\n<p>Tamanho Pequeno em Amarelo e azul marinho<\/p>","protected":false},"excerpt":{"rendered":"<p>Trabalho realizado pela utente <strong>Isabel Sequeira<\/strong><\/p>","protected":false},"featured_media":1152,"template":"","meta":{"_themeisle_gutenberg_block_has_review":false,"wds_primary_product_brand":0,"wds_primary_product_cat":0},"product_brand":[],"product_cat":[34],"product_tag":[],"class_list":{"0":"post-1193","1":"product","2":"type-product","3":"status-publish","4":"has-post-thumbnail","6":"product_cat-textil","8":"first","9":"instock","10":"sold-individually","11":"shipping-taxable","12":"purchasable","13":"product-type-simple"},"_links":{"self":[{"href":"https:\/\/portaspravida.com\/en\/wp-json\/wp\/v2\/product\/1193","targetHints":{"allow":["GET"]}}],"collection":[{"href":"https:\/\/portaspravida.com\/en\/wp-json\/wp\/v2\/product"}],"about":[{"href":"https:\/\/portaspravida.com\/en\/wp-json\/wp\/v2\/types\/product"}],"wp:featuredmedia":[{"embeddable":true,"href":"https:\/\/portaspravida.com\/en\/wp-json\/wp\/v2\/media\/1152"}],"wp:attachment":[{"href":"https:\/\/portaspravida.com\/en\/wp-json\/wp\/v2\/media?parent=1193"}],"wp:term":[{"taxonomy":"product_brand","embeddable":true,"href":"https:\/\/portaspravida.com\/en\/wp-json\/wp\/v2\/product_brand?post=1193"},{"taxonomy":"product_cat","embeddable":true,"href":"https:\/\/portaspravida.com\/en\/wp-json\/wp\/v2\/product_cat?post=1193"},{"taxonomy":"product_tag","embeddable":true,"href":"https:\/\/portaspravida.com\/en\/wp-json\/wp\/v2\/product_tag?post=1193"}],"curies":[{"name":"wp","href":"https:\/\/api.w.org\/{rel}","templated":true}]}}