{"id":1190,"date":"2025-08-22T08:54:01","date_gmt":"2025-08-22T08:54:01","guid":{"rendered":"https:\/\/portaspravida.com\/?post_type=product&#038;p=1190"},"modified":"2025-11-12T16:22:21","modified_gmt":"2025-11-12T16:22:21","slug":"frasco-em-corda","status":"publish","type":"product","link":"https:\/\/portaspravida.com\/en\/product\/frasco-em-corda\/","title":{"rendered":"Frasco em corda decorativo r\u00fastico R1"},"content":{"rendered":"<p>Este vaso artesanal traz o encanto do estilo r\u00fastico para qualquer ambiente! Revestido manualmente com corda natural, possui uma textura acolhedora e um visual org\u00e2nico que combina com plantas, flores secas ou como pe\u00e7a decorativa por si s\u00f3.<\/p>\n<p>Detalhes do produto:<\/p>\n<p>Estilo: R\u00fastico \/ natural.<br \/>\nMaterial: Corda artesanal.<br \/>\nIdeal para: Decora\u00e7\u00e3o de interiores ou centros de mesa.<br \/>\nTamanho: pequeno.<\/p>\n<p>Uma pe\u00e7a simples, elegante e cheia de personalidade!<\/p>","protected":false},"excerpt":{"rendered":"<p>Trabalho realizado pelo utente <strong>Pedro Felgueiras<\/strong>.<\/p>","protected":false},"featured_media":1604,"template":"","meta":{"_themeisle_gutenberg_block_has_review":false,"wds_primary_product_brand":0,"wds_primary_product_cat":0},"product_brand":[],"product_cat":[34],"product_tag":[],"class_list":{"0":"post-1190","1":"product","2":"type-product","3":"status-publish","4":"has-post-thumbnail","6":"product_cat-textil","8":"first","9":"onbackorder","10":"sold-individually","11":"shipping-taxable","12":"purchasable","13":"product-type-simple"},"_links":{"self":[{"href":"https:\/\/portaspravida.com\/en\/wp-json\/wp\/v2\/product\/1190","targetHints":{"allow":["GET"]}}],"collection":[{"href":"https:\/\/portaspravida.com\/en\/wp-json\/wp\/v2\/product"}],"about":[{"href":"https:\/\/portaspravida.com\/en\/wp-json\/wp\/v2\/types\/product"}],"wp:featuredmedia":[{"embeddable":true,"href":"https:\/\/portaspravida.com\/en\/wp-json\/wp\/v2\/media\/1604"}],"wp:attachment":[{"href":"https:\/\/portaspravida.com\/en\/wp-json\/wp\/v2\/media?parent=1190"}],"wp:term":[{"taxonomy":"product_brand","embeddable":true,"href":"https:\/\/portaspravida.com\/en\/wp-json\/wp\/v2\/product_brand?post=1190"},{"taxonomy":"product_cat","embeddable":true,"href":"https:\/\/portaspravida.com\/en\/wp-json\/wp\/v2\/product_cat?post=1190"},{"taxonomy":"product_tag","embeddable":true,"href":"https:\/\/portaspravida.com\/en\/wp-json\/wp\/v2\/product_tag?post=1190"}],"curies":[{"name":"wp","href":"https:\/\/api.w.org\/{rel}","templated":true}]}}