{"id":1187,"date":"2025-08-21T15:59:36","date_gmt":"2025-08-21T15:59:36","guid":{"rendered":"https:\/\/portaspravida.com\/?post_type=product&#038;p=1187"},"modified":"2025-11-12T16:23:16","modified_gmt":"2025-11-12T16:23:16","slug":"almofada-com-simbolo","status":"publish","type":"product","link":"https:\/\/portaspravida.com\/en\/product\/almofada-com-simbolo\/","title":{"rendered":"Almofada Portas P\u2019r\u00e0 Vida R1"},"content":{"rendered":"<p>Feita com dedica\u00e7\u00e3o e aten\u00e7\u00e3o ao detalhe, esta almofada em ponto de tape\u00e7aria celebra o s\u00edmbolo da Associa\u00e7\u00e3o Portas P\u2019r\u00e0 Vida, unindo o artesanato tradicional \u00e0 express\u00e3o institucional.<br \/>\nO contraste entre o Branco, Verde e preto cria uma pe\u00e7a elegante e acolhedora, perfeita para dar um toque especial a qualquer espa\u00e7o, seja numa sala, escrit\u00f3rio ou espa\u00e7o comunit\u00e1rio.<\/p>\n<p>Detalhes do produto:<\/p>\n<p>T\u00e9cnica: bordado em ponto de tape\u00e7aria<br \/>\nCores: Branco, Verde e preto.<br \/>\nTamanho: 47 x 36 cm.<br \/>\nEnchimento macio e confort\u00e1vel.<br \/>\nPe\u00e7a artesanal \u00fanica.<\/p>\n<p>Ideal para quem valoriza o trabalho manual e o significado por detr\u00e1s de cada ponto.<\/p>","protected":false},"excerpt":{"rendered":"<p>Trabalho realizado pelo utente <strong>Pedro Felgueiras<\/strong>.<\/p>","protected":false},"featured_media":1148,"template":"","meta":{"_themeisle_gutenberg_block_has_review":false,"wds_primary_product_brand":0,"wds_primary_product_cat":0},"product_brand":[],"product_cat":[34],"product_tag":[],"class_list":{"0":"post-1187","1":"product","2":"type-product","3":"status-publish","4":"has-post-thumbnail","6":"product_cat-textil","8":"first","9":"instock","10":"sold-individually","11":"shipping-taxable","12":"purchasable","13":"product-type-simple"},"_links":{"self":[{"href":"https:\/\/portaspravida.com\/en\/wp-json\/wp\/v2\/product\/1187","targetHints":{"allow":["GET"]}}],"collection":[{"href":"https:\/\/portaspravida.com\/en\/wp-json\/wp\/v2\/product"}],"about":[{"href":"https:\/\/portaspravida.com\/en\/wp-json\/wp\/v2\/types\/product"}],"wp:featuredmedia":[{"embeddable":true,"href":"https:\/\/portaspravida.com\/en\/wp-json\/wp\/v2\/media\/1148"}],"wp:attachment":[{"href":"https:\/\/portaspravida.com\/en\/wp-json\/wp\/v2\/media?parent=1187"}],"wp:term":[{"taxonomy":"product_brand","embeddable":true,"href":"https:\/\/portaspravida.com\/en\/wp-json\/wp\/v2\/product_brand?post=1187"},{"taxonomy":"product_cat","embeddable":true,"href":"https:\/\/portaspravida.com\/en\/wp-json\/wp\/v2\/product_cat?post=1187"},{"taxonomy":"product_tag","embeddable":true,"href":"https:\/\/portaspravida.com\/en\/wp-json\/wp\/v2\/product_tag?post=1187"}],"curies":[{"name":"wp","href":"https:\/\/api.w.org\/{rel}","templated":true}]}}