{"id":10485,"date":"2025-12-04T16:19:54","date_gmt":"2025-12-04T16:19:54","guid":{"rendered":"https:\/\/portaspravida.com\/?post_type=product&#038;p=10485"},"modified":"2025-12-23T12:16:16","modified_gmt":"2025-12-23T12:16:16","slug":"aro-decorativo-com-rena-suspensa","status":"publish","type":"product","link":"https:\/\/portaspravida.com\/en\/product\/aro-decorativo-com-rena-suspensa\/","title":{"rendered":"Aro Decorativo com Rena Suspensa A1"},"content":{"rendered":"<p data-start=\"129\" data-end=\"542\">Uma pe\u00e7a delicada e encantadora, perfeita para trazer um toque festivo e acolhedor \u00e0 decora\u00e7\u00e3o natal\u00edcia. O aro \u00e9 decorado com folhagem verde e pequenas bagas vermelhas que criam um visual natural e elegante. No centro, destaca-se uma simp\u00e1tica rena suspensa dentro de um aro vermelho pontuado, dando charme e movimento \u00e0 pe\u00e7a. A base em madeira natural completa o conjunto com um acabamento r\u00fastico e harmonioso.<\/p>\n<p data-start=\"544\" data-end=\"562\"><strong data-start=\"546\" data-end=\"560\">Materiais:<\/strong><\/p>\n<ul data-start=\"563\" data-end=\"702\">\n<li data-start=\"563\" data-end=\"589\">\n<p data-start=\"565\" data-end=\"589\">Aro met\u00e1lico revestido<\/p>\n<\/li>\n<li data-start=\"590\" data-end=\"613\">\n<p data-start=\"592\" data-end=\"613\">Folhagem decorativa<\/p>\n<\/li>\n<li data-start=\"614\" data-end=\"645\">\n<p data-start=\"616\" data-end=\"645\">Bagas vermelhas artificiais<\/p>\n<\/li>\n<li data-start=\"646\" data-end=\"673\">\n<p data-start=\"648\" data-end=\"673\">Base de madeira natural<\/p>\n<\/li>\n<li data-start=\"674\" data-end=\"702\">\n<p data-start=\"676\" data-end=\"702\">Rena decorativa suspensa<\/p>\n<\/li>\n<\/ul>\n<p data-start=\"704\" data-end=\"723\"><strong data-start=\"707\" data-end=\"721\">Dimens\u00f5es:<\/strong><\/p>\n<ul data-start=\"724\" data-end=\"768\">\n<li data-start=\"724\" data-end=\"745\">\n<p data-start=\"726\" data-end=\"745\"><strong data-start=\"726\" data-end=\"737\">Altura:<\/strong> 28 cm<\/p>\n<\/li>\n<li data-start=\"746\" data-end=\"768\">\n<p data-start=\"748\" data-end=\"768\"><strong data-start=\"748\" data-end=\"760\">Largura:<\/strong> 28 cm<\/p>\n<\/li>\n<\/ul>\n<p data-start=\"793\" data-end=\"812\"><strong data-start=\"796\" data-end=\"810\">Destaques:<\/strong><\/p>\n<ul data-start=\"813\" data-end=\"984\">\n<li data-start=\"813\" data-end=\"841\">\n<p data-start=\"815\" data-end=\"841\">Design natural e festivo<\/p>\n<\/li>\n<li data-start=\"842\" data-end=\"894\">\n<p data-start=\"844\" data-end=\"894\">Combina\u00e7\u00e3o elegante de verde, vermelho e madeira<\/p>\n<\/li>\n<li data-start=\"895\" data-end=\"949\">\n<p data-start=\"897\" data-end=\"949\">Ideal para mesas, aparadores, estantes ou entradas<\/p>\n<\/li>\n<li data-start=\"950\" data-end=\"984\">\n<p data-start=\"952\" data-end=\"984\">Pe\u00e7a leve, charmosa e vers\u00e1til<\/p>\n<\/li>\n<\/ul>","protected":false},"excerpt":{"rendered":"<p>Trabalho realizado pelos utentes Carlos Pereira e Jos\u00e9 Filipe.<\/p>","protected":false},"featured_media":10486,"template":"","meta":{"give_campaign_id":0,"_themeisle_gutenberg_block_has_review":false,"wds_primary_product_brand":0,"wds_primary_product_cat":0},"product_brand":[],"product_cat":[36],"product_tag":[],"class_list":{"0":"post-10485","1":"product","2":"type-product","3":"status-publish","4":"has-post-thumbnail","6":"product_cat-acessorios","8":"first","9":"outofstock","10":"sold-individually","11":"shipping-taxable","12":"purchasable","13":"product-type-simple"},"_links":{"self":[{"href":"https:\/\/portaspravida.com\/en\/wp-json\/wp\/v2\/product\/10485","targetHints":{"allow":["GET"]}}],"collection":[{"href":"https:\/\/portaspravida.com\/en\/wp-json\/wp\/v2\/product"}],"about":[{"href":"https:\/\/portaspravida.com\/en\/wp-json\/wp\/v2\/types\/product"}],"wp:featuredmedia":[{"embeddable":true,"href":"https:\/\/portaspravida.com\/en\/wp-json\/wp\/v2\/media\/10486"}],"wp:attachment":[{"href":"https:\/\/portaspravida.com\/en\/wp-json\/wp\/v2\/media?parent=10485"}],"wp:term":[{"taxonomy":"product_brand","embeddable":true,"href":"https:\/\/portaspravida.com\/en\/wp-json\/wp\/v2\/product_brand?post=10485"},{"taxonomy":"product_cat","embeddable":true,"href":"https:\/\/portaspravida.com\/en\/wp-json\/wp\/v2\/product_cat?post=10485"},{"taxonomy":"product_tag","embeddable":true,"href":"https:\/\/portaspravida.com\/en\/wp-json\/wp\/v2\/product_tag?post=10485"}],"curies":[{"name":"wp","href":"https:\/\/api.w.org\/{rel}","templated":true}]}}