{"id":10480,"date":"2025-12-04T16:17:54","date_gmt":"2025-12-04T16:17:54","guid":{"rendered":"https:\/\/portaspravida.com\/?post_type=product&#038;p=10480"},"modified":"2025-12-04T16:33:26","modified_gmt":"2025-12-04T16:33:26","slug":"arvore-branca-com-estrela-dourada","status":"publish","type":"product","link":"https:\/\/portaspravida.com\/en\/product\/arvore-branca-com-estrela-dourada\/","title":{"rendered":"\u00c1rvore Branca com Estrela Dourada A1"},"content":{"rendered":"<p data-start=\"126\" data-end=\"410\">Uma elegante \u00e1rvore artesanal de Natal, revestida com camadas em forma de p\u00e9talas brancas e pequenas p\u00e9rolas douradas que acrescentam brilho e delicadeza. No topo, uma estrela dourada complementa o design, criando uma pe\u00e7a sofisticada e perfeita para decora\u00e7\u00f5es modernas ou cl\u00e1ssicas.<\/p>\n<p data-start=\"412\" data-end=\"430\"><strong data-start=\"414\" data-end=\"428\">Materiais:<\/strong><\/p>\n<ul data-start=\"431\" data-end=\"566\">\n<li data-start=\"431\" data-end=\"462\">\n<p data-start=\"433\" data-end=\"462\">Estrutura c\u00f3nica decorativa<\/p>\n<\/li>\n<li data-start=\"463\" data-end=\"505\">\n<p data-start=\"465\" data-end=\"505\">Aplica\u00e7\u00f5es brancas em forma de p\u00e9talas<\/p>\n<\/li>\n<li data-start=\"506\" data-end=\"538\">\n<p data-start=\"508\" data-end=\"538\">P\u00e9rolas douradas decorativas<\/p>\n<\/li>\n<li data-start=\"539\" data-end=\"566\">\n<p data-start=\"541\" data-end=\"566\">Estrela dourada no topo<\/p>\n<\/li>\n<\/ul>\n<p data-start=\"568\" data-end=\"587\"><strong data-start=\"571\" data-end=\"585\">Dimens\u00f5es:<\/strong><\/p>\n<ul data-start=\"588\" data-end=\"632\">\n<li data-start=\"588\" data-end=\"609\">\n<p data-start=\"590\" data-end=\"609\"><strong data-start=\"590\" data-end=\"601\">Altura:<\/strong> 47 cm<\/p>\n<\/li>\n<li data-start=\"610\" data-end=\"632\">\n<p data-start=\"612\" data-end=\"632\"><strong data-start=\"612\" data-end=\"624\">Largura:<\/strong> 18 cm<\/p>\n<\/li>\n<\/ul>\n<p data-start=\"654\" data-end=\"673\"><strong data-start=\"657\" data-end=\"671\">Destaques:<\/strong><\/p>\n<ul data-start=\"674\" data-end=\"871\">\n<li data-start=\"674\" data-end=\"704\">\n<p data-start=\"676\" data-end=\"704\">Estilo elegante e luminoso<\/p>\n<\/li>\n<li data-start=\"705\" data-end=\"765\">\n<p data-start=\"707\" data-end=\"765\">Ideal para mesas, aparadores, hall de entrada ou montras<\/p>\n<\/li>\n<li data-start=\"766\" data-end=\"833\">\n<p data-start=\"768\" data-end=\"833\">Combina\u00e7\u00e3o de branco e dourado que transmite harmonia natal\u00edcia<\/p>\n<\/li>\n<li data-start=\"834\" data-end=\"871\">\n<p data-start=\"836\" data-end=\"871\">Pe\u00e7a leve, resistente e duradoura<\/p>\n<\/li>\n<\/ul>","protected":false},"excerpt":{"rendered":"<p>Trabalho realizado pelo utente Daniel Teixeira e Am\u00e9rico Loureiro.<\/p>","protected":false},"featured_media":10483,"template":"","meta":{"_themeisle_gutenberg_block_has_review":false,"wds_primary_product_brand":0,"wds_primary_product_cat":0},"product_brand":[],"product_cat":[16],"product_tag":[],"class_list":{"0":"post-10480","1":"product","2":"type-product","3":"status-publish","4":"has-post-thumbnail","6":"product_cat-sem-categoria","8":"first","9":"instock","10":"sold-individually","11":"shipping-taxable","12":"purchasable","13":"product-type-simple"},"_links":{"self":[{"href":"https:\/\/portaspravida.com\/en\/wp-json\/wp\/v2\/product\/10480","targetHints":{"allow":["GET"]}}],"collection":[{"href":"https:\/\/portaspravida.com\/en\/wp-json\/wp\/v2\/product"}],"about":[{"href":"https:\/\/portaspravida.com\/en\/wp-json\/wp\/v2\/types\/product"}],"wp:featuredmedia":[{"embeddable":true,"href":"https:\/\/portaspravida.com\/en\/wp-json\/wp\/v2\/media\/10483"}],"wp:attachment":[{"href":"https:\/\/portaspravida.com\/en\/wp-json\/wp\/v2\/media?parent=10480"}],"wp:term":[{"taxonomy":"product_brand","embeddable":true,"href":"https:\/\/portaspravida.com\/en\/wp-json\/wp\/v2\/product_brand?post=10480"},{"taxonomy":"product_cat","embeddable":true,"href":"https:\/\/portaspravida.com\/en\/wp-json\/wp\/v2\/product_cat?post=10480"},{"taxonomy":"product_tag","embeddable":true,"href":"https:\/\/portaspravida.com\/en\/wp-json\/wp\/v2\/product_tag?post=10480"}],"curies":[{"name":"wp","href":"https:\/\/api.w.org\/{rel}","templated":true}]}}