{"id":10437,"date":"2025-12-04T16:09:28","date_gmt":"2025-12-04T16:09:28","guid":{"rendered":"https:\/\/portaspravida.com\/?post_type=product&#038;p=10437"},"modified":"2025-12-04T16:33:16","modified_gmt":"2025-12-04T16:33:16","slug":"pai-natal-no-treno-com-rena","status":"publish","type":"product","link":"https:\/\/portaspravida.com\/en\/product\/pai-natal-no-treno-com-rena\/","title":{"rendered":"Pai Natal no Tren\u00f3 com Rena A1"},"content":{"rendered":"<p data-start=\"169\" data-end=\"429\">Um encantador <strong data-start=\"183\" data-end=\"213\">cen\u00e1rio artesanal de Natal<\/strong>, representando o Pai Natal no seu tren\u00f3 conduzido por uma rena dourada, sobre uma base r\u00fastica revestida em serapilheira. Ao fundo, tr\u00eas \u00e1rvores verde-escuras criam um ambiente acolhedor e t\u00edpico da \u00e9poca festiva.<\/p>\n<p data-start=\"431\" data-end=\"562\">Esta pe\u00e7a decorativa \u00e9 perfeita para mesas, aparadores ou montras, trazendo imediatamente o esp\u00edrito de Natal para qualquer espa\u00e7o.<\/p>\n<p data-start=\"564\" data-end=\"582\"><strong data-start=\"566\" data-end=\"580\">Materiais:<\/strong><\/p>\n<ul data-start=\"583\" data-end=\"806\">\n<li data-start=\"583\" data-end=\"635\">\n<p data-start=\"585\" data-end=\"635\">Tren\u00f3 em Goma Eva brilhante (vermelho e dourado)<\/p>\n<\/li>\n<li data-start=\"636\" data-end=\"674\">\n<p data-start=\"638\" data-end=\"674\">Figura do Pai Natal em tecido e l\u00e3<\/p>\n<\/li>\n<li data-start=\"675\" data-end=\"702\">\n<p data-start=\"677\" data-end=\"702\">Rena dourada decorativa<\/p>\n<\/li>\n<li data-start=\"703\" data-end=\"752\">\n<p data-start=\"705\" data-end=\"752\">\u00c1rvores decorativas em material t\u00eaxtil r\u00edgido<\/p>\n<\/li>\n<li data-start=\"753\" data-end=\"788\">\n<p data-start=\"755\" data-end=\"788\">Base revestida com serapilheira<\/p>\n<\/li>\n<li data-start=\"789\" data-end=\"806\">\n<p data-start=\"791\" data-end=\"806\">Arame dourado<\/p>\n<\/li>\n<\/ul>\n<p data-start=\"808\" data-end=\"827\"><strong data-start=\"811\" data-end=\"825\">Dimens\u00f5es:<\/strong><\/p>\n<ul data-start=\"828\" data-end=\"872\">\n<li data-start=\"828\" data-end=\"850\">\n<p data-start=\"830\" data-end=\"850\"><strong data-start=\"830\" data-end=\"842\">Largura:<\/strong> 40 cm<\/p>\n<\/li>\n<li data-start=\"851\" data-end=\"872\">\n<p data-start=\"853\" data-end=\"872\"><strong data-start=\"853\" data-end=\"864\">Altura:<\/strong> 31 cm<\/p>\n<\/li>\n<\/ul>\n<p data-start=\"895\" data-end=\"914\"><strong data-start=\"898\" data-end=\"912\">Destaques:<\/strong><\/p>\n<ul data-start=\"915\" data-end=\"1094\">\n<li data-start=\"915\" data-end=\"939\">\n<p data-start=\"917\" data-end=\"939\">Pe\u00e7a artesanal \u00fanica<\/p>\n<\/li>\n<li data-start=\"940\" data-end=\"994\">\n<p data-start=\"942\" data-end=\"994\">Ideal para centros de mesa ou decora\u00e7\u00f5es tem\u00e1ticas<\/p>\n<\/li>\n<li data-start=\"995\" data-end=\"1039\">\n<p data-start=\"997\" data-end=\"1039\">Combina\u00e7\u00e3o de cores natal\u00edcias cl\u00e1ssicas<\/p>\n<\/li>\n<li data-start=\"1040\" data-end=\"1094\">\n<p data-start=\"1042\" data-end=\"1094\">Leve, resistente e perfeita para usar ano ap\u00f3s ano<\/p>\n<\/li>\n<\/ul>","protected":false},"excerpt":{"rendered":"<p>Trabalho realizado por: Patr\u00edcia In\u00eas, Daniel Teixeira, Jo\u00e3o Lu\u00eds, Carlos Pereira, Catarina Cardoso<\/p>","protected":false},"featured_media":10462,"template":"","meta":{"give_campaign_id":0,"_themeisle_gutenberg_block_has_review":false,"wds_primary_product_brand":0,"wds_primary_product_cat":0},"product_brand":[],"product_cat":[36],"product_tag":[],"class_list":{"0":"post-10437","1":"product","2":"type-product","3":"status-publish","4":"has-post-thumbnail","6":"product_cat-acessorios","8":"first","9":"instock","10":"shipping-taxable","11":"purchasable","12":"product-type-simple"},"_links":{"self":[{"href":"https:\/\/portaspravida.com\/en\/wp-json\/wp\/v2\/product\/10437","targetHints":{"allow":["GET"]}}],"collection":[{"href":"https:\/\/portaspravida.com\/en\/wp-json\/wp\/v2\/product"}],"about":[{"href":"https:\/\/portaspravida.com\/en\/wp-json\/wp\/v2\/types\/product"}],"wp:featuredmedia":[{"embeddable":true,"href":"https:\/\/portaspravida.com\/en\/wp-json\/wp\/v2\/media\/10462"}],"wp:attachment":[{"href":"https:\/\/portaspravida.com\/en\/wp-json\/wp\/v2\/media?parent=10437"}],"wp:term":[{"taxonomy":"product_brand","embeddable":true,"href":"https:\/\/portaspravida.com\/en\/wp-json\/wp\/v2\/product_brand?post=10437"},{"taxonomy":"product_cat","embeddable":true,"href":"https:\/\/portaspravida.com\/en\/wp-json\/wp\/v2\/product_cat?post=10437"},{"taxonomy":"product_tag","embeddable":true,"href":"https:\/\/portaspravida.com\/en\/wp-json\/wp\/v2\/product_tag?post=10437"}],"curies":[{"name":"wp","href":"https:\/\/api.w.org\/{rel}","templated":true}]}}