{"id":782,"date":"2025-05-29T12:09:50","date_gmt":"2025-05-29T12:09:50","guid":{"rendered":"https:\/\/portaspravida.com\/?page_id=782"},"modified":"2025-06-23T10:35:52","modified_gmt":"2025-06-23T10:35:52","slug":"canal-de-denuncia-interno","status":"publish","type":"page","link":"https:\/\/portaspravida.com\/en\/canal-de-denuncia-interno\/","title":{"rendered":"Canal de Den\u00fancia Interno"},"content":{"rendered":"<p>Atrav\u00e9s deste canal pode partilhar de forma an\u00f3nima e\/ou confidencial o seu conhecimento ou supspeita de uma irregularidade ou ilegalidade.<\/p>\n\n\n\n<p>De acordo com os principais de transpar\u00eancias e boas pr\u00e1ticas e no seguimento da <a href=\"https:\/\/files.dre.pt\/1s\/2021\/12\/24400\/0000300015.pdf\" target=\"_blank\" rel=\"noreferrer noopener\">Lei n.\u00ba 93\/2021, de 20 de dezembro<\/a>, a Associa\u00e7\u00e3o Portas P&#8217;r\u00e0 Vida criou o canal de denuncia interno.<\/p>\n\n\n\n<p>Este instrumento de autorregula\u00e7\u00e3o e autocontrolo que permetir\u00e1 \u00e0 Associa\u00e7\u00e3o Portas P&#8217;r\u00e0 Vida, perante factos conhecidos e relatos de boa f\u00e9, agir, corrigir eventuais atua\u00e7\u00f5es ilicitas e prevenir a sua ocorr\u00eancia futura.<\/p>\n\n\n\n<p><\/p>\n\n\n\n<p>CANAL DE DEN\u00daCIA INTERNO<\/p>\n\n\n\n<p>Plataforma dispon\u00edvel no site institucional &#8211; <a href=\"https:\/\/portaspravida.com\/en\/denuncias-internas\/\" target=\"_blank\" rel=\"noreferrer noopener\">Clique aqui!<\/a><\/p>\n\n\n\n<p><\/p>\n\n\n\n<p><a href=\"https:\/\/portaspravida.com\/wp-content\/uploads\/2025\/06\/Regulamento-Geral-Canal-de-Denuncia-Interno.pdf\" target=\"_blank\" rel=\"noopener nofollow sponsored ugc\" title=\"Regulamento Canal de Den\u00fancia Interno\">Regulamento Canal de Den\u00fancia Interno<\/a><\/p>\n\n\n\n<p><\/p>","protected":false},"excerpt":{"rendered":"<p>Atrav\u00e9s deste canal pode partilhar de forma an\u00f3nima e\/ou confidencial o seu conhecimento ou supspeita de uma irregularidade ou ilegalidade. De acordo com os principais de transpar\u00eancias e boas pr\u00e1ticas e no seguimento da Lei n.\u00ba 93\/2021, de 20 de dezembro, a Associa\u00e7\u00e3o Portas P&#8217;r\u00e0 Vida criou o canal de [&hellip;]<\/p>\n","protected":false},"author":1,"featured_media":0,"parent":0,"menu_order":0,"comment_status":"closed","ping_status":"closed","template":"","meta":{"_themeisle_gutenberg_block_has_review":false,"footnotes":""},"class_list":["post-782","page","type-page","status-publish","hentry"],"_links":{"self":[{"href":"https:\/\/portaspravida.com\/en\/wp-json\/wp\/v2\/pages\/782","targetHints":{"allow":["GET"]}}],"collection":[{"href":"https:\/\/portaspravida.com\/en\/wp-json\/wp\/v2\/pages"}],"about":[{"href":"https:\/\/portaspravida.com\/en\/wp-json\/wp\/v2\/types\/page"}],"author":[{"embeddable":true,"href":"https:\/\/portaspravida.com\/en\/wp-json\/wp\/v2\/users\/1"}],"replies":[{"embeddable":true,"href":"https:\/\/portaspravida.com\/en\/wp-json\/wp\/v2\/comments?post=782"}],"version-history":[{"count":0,"href":"https:\/\/portaspravida.com\/en\/wp-json\/wp\/v2\/pages\/782\/revisions"}],"wp:attachment":[{"href":"https:\/\/portaspravida.com\/en\/wp-json\/wp\/v2\/media?parent=782"}],"curies":[{"name":"wp","href":"https:\/\/api.w.org\/{rel}","templated":true}]}}