{"id":757,"date":"2025-05-14T08:40:47","date_gmt":"2025-05-14T08:40:47","guid":{"rendered":"https:\/\/portaspravida.com\/?page_id=757"},"modified":"2025-09-12T13:32:13","modified_gmt":"2025-09-12T13:32:13","slug":"estatutos","status":"publish","type":"page","link":"https:\/\/portaspravida.com\/en\/estatutos\/","title":{"rendered":"Estatutos"},"content":{"rendered":"<div data-wp-interactive=\"core\/file\" class=\"wp-block-file\"><object data-wp-bind--hidden=\"!state.hasPdfPreview\" hidden class=\"wp-block-file__embed\" data=\"https:\/\/portaspravida.com\/wp-content\/uploads\/2025\/01\/Estatutos-Alterados-Associacao-Portas-Pra-Vida.pdf\" type=\"application\/pdf\" style=\"width:100%;height:1160px\" aria-label=\"Embed of Estatutos Alterados - Associa\u00e7\u00e3o Portas Pr\u00e0 Vida.\"><\/object><a id=\"wp-block-file--media-484b6280-4fd2-45a8-9d2c-b5ff69e8e43a\" href=\"https:\/\/portaspravida.com\/wp-content\/uploads\/2025\/01\/Estatutos-Alterados-Associacao-Portas-Pra-Vida.pdf\">Estatutos Alterados &#8211; Associa\u00e7\u00e3o Portas Pr\u00e0 Vida<\/a><\/div>\n\n\n\n<p><\/p>","protected":false},"excerpt":{"rendered":"","protected":false},"author":1,"featured_media":0,"parent":0,"menu_order":0,"comment_status":"closed","ping_status":"closed","template":"","meta":{"_themeisle_gutenberg_block_has_review":false,"footnotes":""},"class_list":["post-757","page","type-page","status-publish","hentry"],"_links":{"self":[{"href":"https:\/\/portaspravida.com\/en\/wp-json\/wp\/v2\/pages\/757","targetHints":{"allow":["GET"]}}],"collection":[{"href":"https:\/\/portaspravida.com\/en\/wp-json\/wp\/v2\/pages"}],"about":[{"href":"https:\/\/portaspravida.com\/en\/wp-json\/wp\/v2\/types\/page"}],"author":[{"embeddable":true,"href":"https:\/\/portaspravida.com\/en\/wp-json\/wp\/v2\/users\/1"}],"replies":[{"embeddable":true,"href":"https:\/\/portaspravida.com\/en\/wp-json\/wp\/v2\/comments?post=757"}],"version-history":[{"count":0,"href":"https:\/\/portaspravida.com\/en\/wp-json\/wp\/v2\/pages\/757\/revisions"}],"wp:attachment":[{"href":"https:\/\/portaspravida.com\/en\/wp-json\/wp\/v2\/media?parent=757"}],"curies":[{"name":"wp","href":"https:\/\/api.w.org\/{rel}","templated":true}]}}