{"id":614,"date":"2025-04-11T14:01:12","date_gmt":"2025-04-11T14:01:12","guid":{"rendered":"https:\/\/portaspravida.com\/?page_id=614"},"modified":"2025-04-11T14:06:08","modified_gmt":"2025-04-11T14:06:08","slug":"missao-visao-valores","status":"publish","type":"page","link":"https:\/\/portaspravida.com\/en\/missao-visao-valores\/","title":{"rendered":"MISS\u00c3O &#8211; VIS\u00c3O &#8211; VALORES"},"content":{"rendered":"<p class=\"has-text-align-center animated fadeIn\"><strong>MISS\u00c3O<\/strong><\/p>\n\n\n\n<p class=\"has-text-align-justify animated fadeIn\">Prestar apoio psicossocial e s\u00f3cio \u2013 laboral de qualidade a cidad\u00e3os com defici\u00eancias e\/ou incapacidades do agrupamento de concelhos do Vale Douro Sul, indo de encontro \u00e0s necessidades e estabelecendo parcerias de forma a maximizar os nossos servi\u00e7os.<\/p>\n\n\n\n<p class=\"has-text-align-center animated fadeIn\"><strong>VIS\u00c3O<\/strong><\/p>\n\n\n\n<p class=\"has-text-align-justify animated fadeIn\">Ser uma entidade de refer\u00eancia no \u00e2mbito da inclus\u00e3o social, proporcionar melhor qualidade de vida aos seus clientes e m\u00faltiplas formas de viv\u00eancia em comum, dando-lhes respostas adequadas e qualificadas, nas suas diferentes fases de desenvolvimento.<\/p>\n\n\n\n<p class=\"has-text-align-center animated fadeIn\"><strong>VALORES<\/strong><\/p>\n\n\n\n<p class=\"has-text-align-justify animated fadeIn\">Todos os colaboradores da APPV devem agir com responsabilidade e profissionalismo, cultivar a Integridade a lealdade e a \u00c9tica nos servi\u00e7os, agindo de forma discreta, garantindo a privacidade e confidencialidade dos clientes e zelando pelos bens que lhe s\u00e3o confiados. Devem ainda agir de forma solid\u00e1ria e cooperativa com vista a promover a qualidade dos nossos servi\u00e7os, bem como a qualidade de vida dos nossos clientes. Para tal \u00e9 necess\u00e1rio agir com motiva\u00e7\u00e3o, rigor, trabalhar em equipa, sentindo orgulho de pertencer a esta institui\u00e7\u00e3o.<\/p>","protected":false},"excerpt":{"rendered":"<p>MISS\u00c3O Prestar apoio psicossocial e s\u00f3cio \u2013 laboral de qualidade a cidad\u00e3os com defici\u00eancias e\/ou incapacidades do agrupamento de concelhos do Vale Douro Sul, indo de encontro \u00e0s necessidades e estabelecendo parcerias de forma a maximizar os nossos servi\u00e7os. VIS\u00c3O Ser uma entidade de refer\u00eancia no \u00e2mbito da inclus\u00e3o social, [&hellip;]<\/p>\n","protected":false},"author":1,"featured_media":0,"parent":0,"menu_order":0,"comment_status":"closed","ping_status":"closed","template":"page-templates\/template-fullwidth.php","meta":{"_themeisle_gutenberg_block_has_review":false,"footnotes":""},"class_list":["post-614","page","type-page","status-publish","hentry"],"_links":{"self":[{"href":"https:\/\/portaspravida.com\/en\/wp-json\/wp\/v2\/pages\/614","targetHints":{"allow":["GET"]}}],"collection":[{"href":"https:\/\/portaspravida.com\/en\/wp-json\/wp\/v2\/pages"}],"about":[{"href":"https:\/\/portaspravida.com\/en\/wp-json\/wp\/v2\/types\/page"}],"author":[{"embeddable":true,"href":"https:\/\/portaspravida.com\/en\/wp-json\/wp\/v2\/users\/1"}],"replies":[{"embeddable":true,"href":"https:\/\/portaspravida.com\/en\/wp-json\/wp\/v2\/comments?post=614"}],"version-history":[{"count":0,"href":"https:\/\/portaspravida.com\/en\/wp-json\/wp\/v2\/pages\/614\/revisions"}],"wp:attachment":[{"href":"https:\/\/portaspravida.com\/en\/wp-json\/wp\/v2\/media?parent=614"}],"curies":[{"name":"wp","href":"https:\/\/api.w.org\/{rel}","templated":true}]}}