{"id":565,"date":"2025-04-11T11:34:46","date_gmt":"2025-04-11T11:34:46","guid":{"rendered":"https:\/\/portaspravida.com\/?page_id=565"},"modified":"2025-04-21T12:02:25","modified_gmt":"2025-04-21T12:02:25","slug":"consignacao-irs-1","status":"publish","type":"page","link":"https:\/\/portaspravida.com\/en\/consignacao-irs-1\/","title":{"rendered":"Consigna\u00e7\u00e3o IRS 1%"},"content":{"rendered":"<figure class=\"wp-block-image size-large\"><img decoding=\"async\" width=\"1024\" height=\"339\" data-src=\"https:\/\/portaspravida.com\/wp-content\/uploads\/2025\/04\/IRS-2025-1024x339.webp\" alt=\"\" class=\"wp-image-566 lazyload\" data-srcset=\"https:\/\/portaspravida.com\/wp-content\/uploads\/2025\/04\/IRS-2025-1024x339.webp 1024w, https:\/\/portaspravida.com\/wp-content\/uploads\/2025\/04\/IRS-2025-230x76.webp 230w, https:\/\/portaspravida.com\/wp-content\/uploads\/2025\/04\/IRS-2025-600x199.webp 600w, https:\/\/portaspravida.com\/wp-content\/uploads\/2025\/04\/IRS-2025-300x99.webp 300w, https:\/\/portaspravida.com\/wp-content\/uploads\/2025\/04\/IRS-2025-768x254.webp 768w, https:\/\/portaspravida.com\/wp-content\/uploads\/2025\/04\/IRS-2025-1536x509.webp 1536w, https:\/\/portaspravida.com\/wp-content\/uploads\/2025\/04\/IRS-2025.webp 1920w, https:\/\/portaspravida.com\/wp-content\/uploads\/2025\/04\/IRS-2025-18x6.webp 18w\" data-sizes=\"(max-width: 1024px) 100vw, 1024px\" src=\"data:image\/svg+xml;base64,PHN2ZyB3aWR0aD0iMSIgaGVpZ2h0PSIxIiB4bWxucz0iaHR0cDovL3d3dy53My5vcmcvMjAwMC9zdmciPjwvc3ZnPg==\" style=\"--smush-placeholder-width: 1024px; --smush-placeholder-aspect-ratio: 1024\/339;\" \/><\/figure>\n\n\n\n<p>Este m\u00eas de abril marca o arranque do per\u00edodo para a entrega da declara\u00e7\u00e3o anual do IRS, referente aos rendimentos de 2024.<\/p>\n\n\n\n<p>Sabia que pode direcionar uma parte do seu IRS \u00e0 <strong>Associa\u00e7\u00e3o Portas P&#8217;r\u00e0 Vida<\/strong>?<\/p>\n\n\n\n<p>Durante o preenchimento do seu IRS, no modelo 3 , campo 1101 do quadro 11, basta indicar o <strong>NIF 502749318<\/strong> e doar <strong>1% do IRS \u00e0 Associa\u00e7\u00e3o Portas P\u00b4r\u00e0 Vida<\/strong>.<\/p>\n\n\n\n<p>Com este simples gesto, estar\u00e1 a direcionar uma parte dos seus <strong>impostos<\/strong> para apoiar as a\u00e7\u00f5es de <strong>solidariedade social<\/strong> desenvolvidas por esta institui\u00e7\u00e3o.<\/p>\n\n\n\n<p>Sem custos para si, este gesto pode <strong>transformar sonhos<\/strong> em <strong>realidade<\/strong> e garantir <strong>apoio<\/strong>, <strong>carinho<\/strong> e <strong>inclus\u00e3o<\/strong>.<\/p>\n\n\n\n<p>N\u00e3o deixe para depois, <strong>fa\u00e7a parte desta mudan\u00e7a hoje<\/strong>. Junte-se a n\u00f3s e <strong>transforme vidas com o poder de 1%.<\/strong><\/p>\n\n\n\n<figure class=\"wp-block-embed is-type-video is-provider-youtube wp-block-embed-youtube wp-embed-aspect-16-9 wp-has-aspect-ratio\"><div class=\"wp-block-embed__wrapper\">\n<iframe title=\"Consigna\u00e7\u00e3o IRS 2025\" width=\"750\" height=\"422\" data-src=\"https:\/\/www.youtube.com\/embed\/sbWA2JK1aIc?feature=oembed\" frameborder=\"0\" allow=\"accelerometer; autoplay; clipboard-write; encrypted-media; gyroscope; picture-in-picture; web-share\" referrerpolicy=\"strict-origin-when-cross-origin\" allowfullscreen src=\"data:image\/svg+xml;base64,PHN2ZyB3aWR0aD0iMSIgaGVpZ2h0PSIxIiB4bWxucz0iaHR0cDovL3d3dy53My5vcmcvMjAwMC9zdmciPjwvc3ZnPg==\" class=\"lazyload\" data-load-mode=\"1\"><\/iframe>\n<\/div><\/figure>","protected":false},"excerpt":{"rendered":"<p>Este m\u00eas de abril marca o arranque do per\u00edodo para a entrega da declara\u00e7\u00e3o anual do IRS, referente aos rendimentos de 2024. Sabia que pode direcionar uma parte do seu IRS \u00e0 Associa\u00e7\u00e3o Portas P&#8217;r\u00e0 Vida? Durante o preenchimento do seu IRS, no modelo 3 , campo 1101 do quadro [&hellip;]<\/p>\n","protected":false},"author":1,"featured_media":0,"parent":0,"menu_order":0,"comment_status":"closed","ping_status":"closed","template":"","meta":{"_themeisle_gutenberg_block_has_review":false,"footnotes":""},"class_list":["post-565","page","type-page","status-publish","hentry"],"_links":{"self":[{"href":"https:\/\/portaspravida.com\/en\/wp-json\/wp\/v2\/pages\/565","targetHints":{"allow":["GET"]}}],"collection":[{"href":"https:\/\/portaspravida.com\/en\/wp-json\/wp\/v2\/pages"}],"about":[{"href":"https:\/\/portaspravida.com\/en\/wp-json\/wp\/v2\/types\/page"}],"author":[{"embeddable":true,"href":"https:\/\/portaspravida.com\/en\/wp-json\/wp\/v2\/users\/1"}],"replies":[{"embeddable":true,"href":"https:\/\/portaspravida.com\/en\/wp-json\/wp\/v2\/comments?post=565"}],"version-history":[{"count":0,"href":"https:\/\/portaspravida.com\/en\/wp-json\/wp\/v2\/pages\/565\/revisions"}],"wp:attachment":[{"href":"https:\/\/portaspravida.com\/en\/wp-json\/wp\/v2\/media?parent=565"}],"curies":[{"name":"wp","href":"https:\/\/api.w.org\/{rel}","templated":true}]}}