{"id":473,"date":"2025-02-14T13:39:33","date_gmt":"2025-02-14T13:39:33","guid":{"rendered":"https:\/\/portaspravida.com\/?page_id=473"},"modified":"2025-06-17T15:57:38","modified_gmt":"2025-06-17T15:57:38","slug":"denuncias-internas","status":"publish","type":"page","link":"https:\/\/portaspravida.com\/en\/denuncias-internas\/","title":{"rendered":"Canal de Den\u00fancia Interna"},"content":{"rendered":"<div class=\"wpforms-container wpforms-container-full wpforms-block wpforms-block-63060473-94b9-41ce-ab97-6e398e2f0732\" id=\"wpforms-480\"><form id=\"wpforms-form-480\" class=\"wpforms-validate wpforms-form wpforms-ajax-form\" data-formid=\"480\" method=\"post\" enctype=\"multipart\/form-data\" action=\"\/en\/wp-json\/wp\/v2\/pages\/473\" data-token=\"ceae2aa5932c95976711983b8ceef00f\" data-token-time=\"1778509696\"><noscript class=\"wpforms-error-noscript\">Please enable JavaScript in your browser to complete this form.<\/noscript><div class=\"wpforms-field-container\">\t\t<div id=\"wpforms-480-field_1-container\"\n\t\t\tclass=\"wpforms-field wpforms-field-text\"\n\t\t\tdata-field-type=\"text\"\n\t\t\tdata-field-id=\"1\"\n\t\t\t>\n\t\t\t<label class=\"wpforms-field-label\" for=\"wpforms-480-field_1\" >Assunto da op\u00e7\u00e3o<\/label>\n\t\t\t<input type=\"text\" id=\"wpforms-480-field_1\" class=\"wpforms-field-medium\" name=\"wpforms[fields][1]\" >\n\t\t<\/div>\n\t\t<div id=\"wpforms-480-field_10-container\" class=\"wpforms-field wpforms-field-select wpforms-field-select-style-classic\" data-field-id=\"10\"><label class=\"wpforms-field-label\" for=\"wpforms-480-field_10\">Assunto da Den\u00fancia <span class=\"wpforms-required-label\">*<\/span><\/label><select id=\"wpforms-480-field_10\" class=\"wpforms-field-medium wpforms-field-required\" name=\"wpforms[fields][10]\" required=\"required\"><option value=\"Contrata\u00e7\u00e3o p\u00fablica\"  selected='selected' class=\"choice-1 depth-1\"  >Contrata\u00e7\u00e3o p\u00fablica<\/option><option value=\"Branqueamento de capitais\"  class=\"choice-2 depth-1\"  >Branqueamento de capitais<\/option><option value=\"Seguran\u00e7a e conformidade dos produtos\"  class=\"choice-3 depth-1\"  >Seguran\u00e7a e conformidade dos produtos<\/option><option value=\"Seguran\u00e7a dos transportes\"  class=\"choice-6 depth-1\"  >Seguran\u00e7a dos transportes<\/option><option value=\"Prote\u00e7\u00e3o do ambiente\"  class=\"choice-5 depth-1\"  >Prote\u00e7\u00e3o do ambiente<\/option><option value=\"Seguran\u00e7a dos alimentos para consumo humano\"  class=\"choice-4 depth-1\"  >Seguran\u00e7a dos alimentos para consumo humano<\/option><option value=\"Sa\u00fade p\u00fablica\"  class=\"choice-7 depth-1\"  >Sa\u00fade p\u00fablica<\/option><option value=\"Defesa do consumidor\"  class=\"choice-8 depth-1\"  >Defesa do consumidor<\/option><option value=\"Prote\u00e7\u00e3o da privacidade e dos dados pessoais, seguran\u00e7a da rede e dos sistemas de informa-\u00e7\u00e3o\"  class=\"choice-13 depth-1\"  >Prote\u00e7\u00e3o da privacidade e dos dados pessoais, seguran\u00e7a da rede e dos sistemas de informa-\u00e7\u00e3o<\/option><option value=\"Prote\u00e7\u00e3o contra radia\u00e7\u00f5es e seguran\u00e7a nuclear\"  class=\"choice-12 depth-1\"  >Prote\u00e7\u00e3o contra radia\u00e7\u00f5es e seguran\u00e7a nuclear<\/option><option value=\"Ass\u00e9dio moral \/ sexual\"  class=\"choice-11 depth-1\"  >Ass\u00e9dio moral \/ sexual<\/option><option value=\"Condutas que n\u00e3o estejam em conformidade com normas, regulamentos e\/ou pol\u00edticas e pro-cedimentos internos da Associa\u00e7\u00e3o Portas P\u2019r\u00e0 Vida\"  class=\"choice-10 depth-1\"  >Condutas que n\u00e3o estejam em conformidade com normas, regulamentos e\/ou pol\u00edticas e pro-cedimentos internos da Associa\u00e7\u00e3o Portas P\u2019r\u00e0 Vida<\/option><option value=\"Conflito de interesses\"  class=\"choice-9 depth-1\"  >Conflito de interesses<\/option><option value=\"Crimes de corrup\u00e7\u00e3o e infra\u00e7\u00f5es conexas\"  class=\"choice-14 depth-1\"  >Crimes de corrup\u00e7\u00e3o e infra\u00e7\u00f5es conexas<\/option><option value=\"Outros\"  class=\"choice-15 depth-1\"  >Outros<\/option><\/select><\/div><div id=\"wpforms-480-field_3-container\" class=\"wpforms-field wpforms-field-text\" data-field-id=\"3\"><label class=\"wpforms-field-label\" for=\"wpforms-480-field_3\">Assunto da Den\u00fancia <span class=\"wpforms-required-label\">*<\/span><\/label><input type=\"text\" id=\"wpforms-480-field_3\" class=\"wpforms-field-medium wpforms-field-required\" name=\"wpforms[fields][3]\" required><\/div><div id=\"wpforms-480-field_6-container\" class=\"wpforms-field wpforms-field-text\" data-field-id=\"6\"><label class=\"wpforms-field-label\" for=\"wpforms-480-field_6\">Data da Ocorr\u00eancia <span class=\"wpforms-required-label\">*<\/span><\/label><input type=\"text\" id=\"wpforms-480-field_6\" class=\"wpforms-field-medium wpforms-field-required\" name=\"wpforms[fields][6]\" required><\/div><div id=\"wpforms-480-field_4-container\" class=\"wpforms-field wpforms-field-name\" data-field-id=\"4\"><label class=\"wpforms-field-label\" for=\"wpforms-480-field_4\">Nome<\/label><input type=\"text\" id=\"wpforms-480-field_4\" class=\"wpforms-field-medium\" name=\"wpforms[fields][4]\" ><\/div><div id=\"wpforms-480-field_7-container\" class=\"wpforms-field wpforms-field-select wpforms-field-select-style-classic\" data-field-id=\"7\"><label class=\"wpforms-field-label\" for=\"wpforms-480-field_7\">Escolha uma op\u00e7\u00e3o<\/label><select id=\"wpforms-480-field_7\" class=\"wpforms-field-medium\" name=\"wpforms[fields][7]\"><option value=\"Colaborador\"  class=\"choice-1 depth-1\"  >Colaborador<\/option><option value=\"Ex-Colaborador\"  class=\"choice-2 depth-1\"  >Ex-Colaborador<\/option><option value=\"Candidato\"  class=\"choice-3 depth-1\"  >Candidato<\/option><option value=\"Cliente\"  class=\"choice-6 depth-1\"  >Cliente<\/option><option value=\"Parceiro\"  class=\"choice-5 depth-1\"  >Parceiro<\/option><option value=\"Fornecedor\"  class=\"choice-4 depth-1\"  >Fornecedor<\/option><option value=\"Responsavel Legal\"  class=\"choice-7 depth-1\"  >Responsavel Legal<\/option><option value=\"Outros\"  class=\"choice-8 depth-1\"  >Outros<\/option><\/select><\/div><div id=\"wpforms-480-field_8-container\" class=\"wpforms-field wpforms-field-textarea\" data-field-id=\"8\"><label class=\"wpforms-field-label\" for=\"wpforms-480-field_8\">Descri\u00e7\u00e3o <span class=\"wpforms-required-label\">*<\/span><\/label><textarea id=\"wpforms-480-field_8\" class=\"wpforms-field-medium wpforms-field-required\" name=\"wpforms[fields][8]\" required><\/textarea><\/div><script>\n\t\t\t\t( function() {\n\t\t\t\t\tconst style = document.createElement( 'style' );\n\t\t\t\t\tstyle.appendChild( document.createTextNode( '#wpforms-480-field_1-container { position: absolute !important; overflow: hidden !important; display: inline !important; height: 1px !important; width: 1px !important; z-index: -1000 !important; padding: 0 !important; } #wpforms-480-field_1-container input { visibility: hidden; } #wpforms-conversational-form-page #wpforms-480-field_1-container label { counter-increment: none; }' ) );\n\t\t\t\t\tdocument.head.appendChild( style );\n\t\t\t\t\tdocument.currentScript?.remove();\n\t\t\t\t} )();\n\t\t\t<\/script><\/div><!-- .wpforms-field-container --><div class=\"wpforms-submit-container\" ><input type=\"hidden\" name=\"wpforms[id]\" value=\"480\"><input type=\"hidden\" name=\"page_title\" value=\"\"><input type=\"hidden\" name=\"page_url\" value=\"https:\/\/portaspravida.com\/en\/wp-json\/wp\/v2\/pages\/473\"><input type=\"hidden\" name=\"url_referer\" value=\"\"><button type=\"submit\" name=\"wpforms[submit]\" id=\"wpforms-submit-480\" class=\"wpforms-submit\" data-alt-text=\"A Enviar...\" data-submit-text=\"Submeter\" aria-live=\"assertive\" value=\"wpforms-submit\">Submeter<\/button><img decoding=\"async\" data-src=\"https:\/\/portaspravida.com\/wp-content\/plugins\/wpforms-lite\/assets\/images\/submit-spin.svg\" class=\"wpforms-submit-spinner lazyload\" style=\"--smush-placeholder-width: 26px; --smush-placeholder-aspect-ratio: 26\/26;display: none;\" width=\"26\" height=\"26\" alt=\"Loading\" src=\"data:image\/svg+xml;base64,PHN2ZyB3aWR0aD0iMSIgaGVpZ2h0PSIxIiB4bWxucz0iaHR0cDovL3d3dy53My5vcmcvMjAwMC9zdmciPjwvc3ZnPg==\"><\/div><\/form><\/div>  <!-- .wpforms-container -->\n\n\n<p><\/p>\n","protected":false},"excerpt":{"rendered":"","protected":false},"author":1,"featured_media":0,"parent":0,"menu_order":0,"comment_status":"closed","ping_status":"closed","template":"","meta":{"_themeisle_gutenberg_block_has_review":false,"footnotes":""},"class_list":["post-473","page","type-page","status-publish","hentry"],"_links":{"self":[{"href":"https:\/\/portaspravida.com\/en\/wp-json\/wp\/v2\/pages\/473","targetHints":{"allow":["GET"]}}],"collection":[{"href":"https:\/\/portaspravida.com\/en\/wp-json\/wp\/v2\/pages"}],"about":[{"href":"https:\/\/portaspravida.com\/en\/wp-json\/wp\/v2\/types\/page"}],"author":[{"embeddable":true,"href":"https:\/\/portaspravida.com\/en\/wp-json\/wp\/v2\/users\/1"}],"replies":[{"embeddable":true,"href":"https:\/\/portaspravida.com\/en\/wp-json\/wp\/v2\/comments?post=473"}],"version-history":[{"count":0,"href":"https:\/\/portaspravida.com\/en\/wp-json\/wp\/v2\/pages\/473\/revisions"}],"wp:attachment":[{"href":"https:\/\/portaspravida.com\/en\/wp-json\/wp\/v2\/media?parent=473"}],"curies":[{"name":"wp","href":"https:\/\/api.w.org\/{rel}","templated":true}]}}