{"id":43810,"date":"2026-04-17T13:35:17","date_gmt":"2026-04-17T13:35:17","guid":{"rendered":"https:\/\/portaspravida.com\/?page_id=43810"},"modified":"2026-04-17T14:50:40","modified_gmt":"2026-04-17T14:50:40","slug":"donativo-espontaneo-2","status":"publish","type":"page","link":"https:\/\/portaspravida.com\/en\/donativo-espontaneo-2\/","title":{"rendered":"DONATIVO ESPONT\u00c2NEO"},"content":{"rendered":"<div id=\"wp-block-themeisle-blocks-advanced-columns-c78cd404\" class=\"wp-block-themeisle-blocks-advanced-columns has-1-columns has-desktop-equal-layout has-tablet-equal-layout has-mobile-equal-layout has-vertical-unset\"><div class=\"wp-block-themeisle-blocks-advanced-columns-overlay\"><\/div><div class=\"innerblocks-wrap\">\n<div id=\"wp-block-themeisle-blocks-advanced-column-f16d55c1\" class=\"wp-block-themeisle-blocks-advanced-column\">\n<div id=\"wp-block-themeisle-blocks-advanced-columns-99777bc0\" class=\"wp-block-themeisle-blocks-advanced-columns has-1-columns has-desktop-equal-layout has-tablet-equal-layout has-mobile-equal-layout has-vertical-unset\"><div class=\"wp-block-themeisle-blocks-advanced-columns-overlay\"><\/div><div class=\"innerblocks-wrap\">\n<div id=\"wp-block-themeisle-blocks-advanced-column-c5d41056\" class=\"wp-block-themeisle-blocks-advanced-column\">\n<div id=\"wp-block-themeisle-blocks-advanced-columns-b0e27d31\" class=\"wp-block-themeisle-blocks-advanced-columns has-1-columns has-desktop-equal-layout has-tablet-equal-layout has-mobile-equal-layout has-vertical-unset\"><div class=\"wp-block-themeisle-blocks-advanced-columns-overlay\"><\/div><div class=\"innerblocks-wrap\">\n<div id=\"wp-block-themeisle-blocks-advanced-column-fd20c90b\" class=\"wp-block-themeisle-blocks-advanced-column\">\n<h3 class=\"wp-block-heading has-text-align-center\">Ajude-nos a Fazer a Diferen\u00e7a<\/h3>\n\n\n\n<p>Todos os dias trabalhamos para promover a integra\u00e7\u00e3o da Pessoa com Defici\u00eancia, criando oportunidades reais nas \u00e1reas da sa\u00fade, educa\u00e7\u00e3o, forma\u00e7\u00e3o e trabalho, ao mesmo tempo que sensibilizamos a sociedade para uma inclus\u00e3o mais justa e consciente.<\/p>\n\n\n\n<p>Trabalhamos diariamente para apoiar n\u00e3o s\u00f3 a Pessoa com Defici\u00eancia, mas tamb\u00e9m as suas fam\u00edlias, dando suporte, orienta\u00e7\u00e3o e for\u00e7a para a defesa dos seus direitos e para uma integra\u00e7\u00e3o plena na sociedade. Mas nada disto seria poss\u00edvel sem o apoio de pessoas como voc\u00ea.<\/p>\n\n\n\n<p>Um donativo, por mais pequeno que pare\u00e7a, tem um impacto real:<\/p>\n\n\n\n<ul class=\"wp-block-list\">\n<li>Ajuda-nos a continuar o nosso trabalho no terreno<\/li>\n\n\n\n<li>Permite apoiar quem mais precisa<\/li>\n\n\n\n<li>D\u00e1-nos for\u00e7a para chegar ainda mais longe<\/li>\n<\/ul>\n\n\n\n<p>Acreditamos que a mudan\u00e7a come\u00e7a com pequenos gestos. E hoje, pode come\u00e7ar consigo.<\/p>\n\n\n\n<p><strong>Fa\u00e7a um donativo espont\u00e2neo e fa\u00e7a parte desta causa.<\/strong><\/p>\n\n\n\n<p>Juntos, conseguimos transformar vidas.<\/p>\n\n\n\n<p class=\"has-white-color has-text-color has-link-color wp-elements-46d2ad68d1c9f1e2dc9450c3710e3401\">ola<\/p>\n\n\n\n<p class=\"has-white-color has-text-color has-link-color wp-elements-fed15e7033190f5d4c3d4b4b045a0918\">ol\u00e1<\/p>\n\n\n\n<p class=\"has-text-align-center has-large-font-size\"><strong>Fa\u00e7a parte da nossa hist\u00f3ria<\/strong><\/p>\n\n\n\n<p class=\"has-white-color has-text-color has-link-color wp-elements-46d2ad68d1c9f1e2dc9450c3710e3401\">ola<\/p>\n\n\n\n<p class=\"has-white-color has-text-color has-link-color wp-elements-d9fcd3b8ee07533a7d702a7a8cc20aa6\">   ola<\/p>\n<\/div>\n<\/div><\/div>\n<\/div>\n<\/div><\/div>\n\n\n\n<div id=\"wp-block-themeisle-blocks-advanced-columns-90071bc1\" class=\"wp-block-themeisle-blocks-advanced-columns has-1-columns has-desktop-equal-layout has-tablet-equal-layout has-mobile-equal-layout has-vertical-unset\"><div class=\"wp-block-themeisle-blocks-advanced-columns-overlay\"><\/div><div class=\"innerblocks-wrap\">\n<div id=\"wp-block-themeisle-blocks-advanced-column-77295b9f\" class=\"wp-block-themeisle-blocks-advanced-column\">\n<div id=\"wp-block-themeisle-blocks-advanced-columns-f8dab666\" class=\"wp-block-themeisle-blocks-advanced-columns has-2-columns has-desktop-equal-layout has-tablet-equal-layout has-mobile-collapsedRows-layout has-vertical-unset\"><div class=\"wp-block-themeisle-blocks-advanced-columns-overlay\"><\/div><div class=\"innerblocks-wrap\">\n<div id=\"wp-block-themeisle-blocks-advanced-column-ce94fa9d\" class=\"wp-block-themeisle-blocks-advanced-column\">\n<div class=\"wp-block-group\"><div class=\"wp-block-group__inner-container is-layout-constrained wp-block-group-is-layout-constrained\">\n<figure class=\"wp-block-image size-large\"><img decoding=\"async\" width=\"1024\" height=\"683\" data-src=\"https:\/\/portaspravida.com\/wp-content\/uploads\/2026\/04\/ChatGPT-Image-16_04_2026-16_41_23-1024x683.png\" alt=\"\" class=\"wp-image-45253 lazyload\" data-srcset=\"https:\/\/portaspravida.com\/wp-content\/uploads\/2026\/04\/ChatGPT-Image-16_04_2026-16_41_23-1024x683.png 1024w, https:\/\/portaspravida.com\/wp-content\/uploads\/2026\/04\/ChatGPT-Image-16_04_2026-16_41_23-300x200.png 300w, https:\/\/portaspravida.com\/wp-content\/uploads\/2026\/04\/ChatGPT-Image-16_04_2026-16_41_23-768x512.png 768w, https:\/\/portaspravida.com\/wp-content\/uploads\/2026\/04\/ChatGPT-Image-16_04_2026-16_41_23-18x12.png 18w, https:\/\/portaspravida.com\/wp-content\/uploads\/2026\/04\/ChatGPT-Image-16_04_2026-16_41_23-360x240.png 360w, https:\/\/portaspravida.com\/wp-content\/uploads\/2026\/04\/ChatGPT-Image-16_04_2026-16_41_23-230x153.png 230w, https:\/\/portaspravida.com\/wp-content\/uploads\/2026\/04\/ChatGPT-Image-16_04_2026-16_41_23-600x400.png 600w, https:\/\/portaspravida.com\/wp-content\/uploads\/2026\/04\/ChatGPT-Image-16_04_2026-16_41_23.png 1536w\" data-sizes=\"(max-width: 1024px) 100vw, 1024px\" src=\"data:image\/svg+xml;base64,PHN2ZyB3aWR0aD0iMSIgaGVpZ2h0PSIxIiB4bWxucz0iaHR0cDovL3d3dy53My5vcmcvMjAwMC9zdmciPjwvc3ZnPg==\" style=\"--smush-placeholder-width: 1024px; --smush-placeholder-aspect-ratio: 1024\/683;\" \/><\/figure>\n<\/div><\/div>\n<\/div>\n\n\n\n<div id=\"wp-block-themeisle-blocks-advanced-column-ed03962a\" class=\"wp-block-themeisle-blocks-advanced-column\">\n<div class=\"wp-block-group\"><div class=\"wp-block-group__inner-container is-layout-constrained wp-block-group-is-layout-constrained\">\n<figure class=\"wp-block-image size-large\"><img decoding=\"async\" width=\"1024\" height=\"683\" data-src=\"https:\/\/portaspravida.com\/wp-content\/uploads\/2026\/04\/ChatGPT-Image-17_04_2026-15_48_04-1024x683.png\" alt=\"\" class=\"wp-image-45280 lazyload\" data-srcset=\"https:\/\/portaspravida.com\/wp-content\/uploads\/2026\/04\/ChatGPT-Image-17_04_2026-15_48_04-1024x683.png 1024w, https:\/\/portaspravida.com\/wp-content\/uploads\/2026\/04\/ChatGPT-Image-17_04_2026-15_48_04-300x200.png 300w, https:\/\/portaspravida.com\/wp-content\/uploads\/2026\/04\/ChatGPT-Image-17_04_2026-15_48_04-768x512.png 768w, https:\/\/portaspravida.com\/wp-content\/uploads\/2026\/04\/ChatGPT-Image-17_04_2026-15_48_04-18x12.png 18w, https:\/\/portaspravida.com\/wp-content\/uploads\/2026\/04\/ChatGPT-Image-17_04_2026-15_48_04-360x240.png 360w, https:\/\/portaspravida.com\/wp-content\/uploads\/2026\/04\/ChatGPT-Image-17_04_2026-15_48_04-230x153.png 230w, https:\/\/portaspravida.com\/wp-content\/uploads\/2026\/04\/ChatGPT-Image-17_04_2026-15_48_04-600x400.png 600w, https:\/\/portaspravida.com\/wp-content\/uploads\/2026\/04\/ChatGPT-Image-17_04_2026-15_48_04.png 1536w\" data-sizes=\"(max-width: 1024px) 100vw, 1024px\" src=\"data:image\/svg+xml;base64,PHN2ZyB3aWR0aD0iMSIgaGVpZ2h0PSIxIiB4bWxucz0iaHR0cDovL3d3dy53My5vcmcvMjAwMC9zdmciPjwvc3ZnPg==\" style=\"--smush-placeholder-width: 1024px; --smush-placeholder-aspect-ratio: 1024\/683;\" \/><\/figure>\n<\/div><\/div>\n<\/div>\n<\/div><\/div>\n<\/div>\n<\/div><\/div>\n<\/div>\n<\/div><\/div>\n\n\n\n<div id=\"wp-block-themeisle-blocks-advanced-columns-6ff8e744\" class=\"wp-block-themeisle-blocks-advanced-columns has-2-columns has-desktop-equal-layout has-tablet-equal-layout has-mobile-collapsedRows-layout has-vertical-unset\"><div class=\"wp-block-themeisle-blocks-advanced-columns-overlay\"><\/div><div class=\"innerblocks-wrap\">\n<div id=\"wp-block-themeisle-blocks-advanced-column-a1605cd2\" class=\"wp-block-themeisle-blocks-advanced-column\">\n<h3 class=\"wp-block-heading alignwide has-text-align-center\" style=\"font-size:30px\">Por transfer\u00eancia banc\u00e1ria<\/h3>\n\n\n\n<p class=\"has-text-align-center\" style=\"font-size:16px\">Atrav\u00e9s do IBAN<\/p>\n\n\n\n<h4 class=\"wp-block-heading has-text-align-center\" style=\"font-size:22px\">PT50 0035 0390 00041760830 90<\/h4>\n<\/div>\n\n\n\n<div id=\"wp-block-themeisle-blocks-advanced-column-66b89b14\" class=\"wp-block-themeisle-blocks-advanced-column\">\n<h3 class=\"wp-block-heading has-text-align-center\" style=\"font-size:30px\">Por consigna\u00e7\u00e3o de IRS<\/h3>\n\n\n\n<p class=\"has-text-align-center\" style=\"font-size:16px\">O nosso NIF no modelo 3 Quadro 11 compo 1101<\/p>\n\n\n\n<h4 class=\"wp-block-heading has-text-align-center\" style=\"font-size:22px\">502 749 318<\/h4>\n<\/div>\n<\/div><\/div>\n\n\n\n<p><\/p>","protected":false},"excerpt":{"rendered":"","protected":false},"author":1,"featured_media":195,"parent":0,"menu_order":0,"comment_status":"closed","ping_status":"closed","template":"","meta":{"_themeisle_gutenberg_block_has_review":false,"footnotes":""},"class_list":["post-43810","page","type-page","status-publish","has-post-thumbnail","hentry"],"_links":{"self":[{"href":"https:\/\/portaspravida.com\/en\/wp-json\/wp\/v2\/pages\/43810","targetHints":{"allow":["GET"]}}],"collection":[{"href":"https:\/\/portaspravida.com\/en\/wp-json\/wp\/v2\/pages"}],"about":[{"href":"https:\/\/portaspravida.com\/en\/wp-json\/wp\/v2\/types\/page"}],"author":[{"embeddable":true,"href":"https:\/\/portaspravida.com\/en\/wp-json\/wp\/v2\/users\/1"}],"replies":[{"embeddable":true,"href":"https:\/\/portaspravida.com\/en\/wp-json\/wp\/v2\/comments?post=43810"}],"version-history":[{"count":0,"href":"https:\/\/portaspravida.com\/en\/wp-json\/wp\/v2\/pages\/43810\/revisions"}],"wp:featuredmedia":[{"embeddable":true,"href":"https:\/\/portaspravida.com\/en\/wp-json\/wp\/v2\/media\/195"}],"wp:attachment":[{"href":"https:\/\/portaspravida.com\/en\/wp-json\/wp\/v2\/media?parent=43810"}],"curies":[{"name":"wp","href":"https:\/\/api.w.org\/{rel}","templated":true}]}}