{"id":290,"date":"2024-11-14T13:01:49","date_gmt":"2024-11-14T13:01:49","guid":{"rendered":"https:\/\/portaspravida.com\/?page_id=290"},"modified":"2025-04-21T11:12:48","modified_gmt":"2025-04-21T11:12:48","slug":"respostas-sociais","status":"publish","type":"page","link":"https:\/\/portaspravida.com\/en\/respostas-sociais\/","title":{"rendered":"RESPOSTAS SOCIAIS"},"content":{"rendered":"<figure class=\"wp-block-image size-large\"><a href=\"https:\/\/portaspravida.com\/en\/lar-residencial-2\/\" target=\"_blank\" rel=\" noreferrer noopener\"><img decoding=\"async\" width=\"1024\" height=\"474\" data-src=\"https:\/\/portaspravida.com\/wp-content\/uploads\/2024\/11\/lar-residencial-1-1024x474.jpg\" alt=\"\" class=\"wp-image-201 lazyload\" data-srcset=\"https:\/\/portaspravida.com\/wp-content\/uploads\/2024\/11\/lar-residencial-1-1024x474.jpg 1024w, https:\/\/portaspravida.com\/wp-content\/uploads\/2024\/11\/lar-residencial-1-230x107.jpg 230w, https:\/\/portaspravida.com\/wp-content\/uploads\/2024\/11\/lar-residencial-1-600x278.jpg 600w, https:\/\/portaspravida.com\/wp-content\/uploads\/2024\/11\/lar-residencial-1-300x139.jpg 300w, https:\/\/portaspravida.com\/wp-content\/uploads\/2024\/11\/lar-residencial-1-768x356.jpg 768w, https:\/\/portaspravida.com\/wp-content\/uploads\/2024\/11\/lar-residencial-1.jpg 1280w\" data-sizes=\"(max-width: 1024px) 100vw, 1024px\" src=\"data:image\/svg+xml;base64,PHN2ZyB3aWR0aD0iMSIgaGVpZ2h0PSIxIiB4bWxucz0iaHR0cDovL3d3dy53My5vcmcvMjAwMC9zdmciPjwvc3ZnPg==\" style=\"--smush-placeholder-width: 1024px; --smush-placeholder-aspect-ratio: 1024\/474;\" \/><\/a><\/figure>\n\n\n\n<p><strong><a href=\"https:\/\/portaspravida.com\/en\/lar-residencial-2\/\" target=\"_blank\" rel=\"noreferrer noopener\">Lar Residencial<\/a><\/strong><\/p>\n\n\n\n<figure class=\"wp-block-image size-full\"><a href=\"https:\/\/portaspravida.com\/en\/residencias-de-autonomizacao-e-inclusao\/\" target=\"_blank\" rel=\" noreferrer noopener\"><img decoding=\"async\" width=\"1024\" height=\"528\" data-src=\"https:\/\/portaspravida.com\/wp-content\/uploads\/2024\/11\/artguru-remove-object-1726492969803-1.png\" alt=\"\" class=\"wp-image-229 lazyload\" data-srcset=\"https:\/\/portaspravida.com\/wp-content\/uploads\/2024\/11\/artguru-remove-object-1726492969803-1.png 1024w, https:\/\/portaspravida.com\/wp-content\/uploads\/2024\/11\/artguru-remove-object-1726492969803-1-230x119.png 230w, https:\/\/portaspravida.com\/wp-content\/uploads\/2024\/11\/artguru-remove-object-1726492969803-1-600x309.png 600w, https:\/\/portaspravida.com\/wp-content\/uploads\/2024\/11\/artguru-remove-object-1726492969803-1-300x155.png 300w, https:\/\/portaspravida.com\/wp-content\/uploads\/2024\/11\/artguru-remove-object-1726492969803-1-768x396.png 768w\" data-sizes=\"(max-width: 1024px) 100vw, 1024px\" src=\"data:image\/svg+xml;base64,PHN2ZyB3aWR0aD0iMSIgaGVpZ2h0PSIxIiB4bWxucz0iaHR0cDovL3d3dy53My5vcmcvMjAwMC9zdmciPjwvc3ZnPg==\" style=\"--smush-placeholder-width: 1024px; --smush-placeholder-aspect-ratio: 1024\/528;\" \/><\/a><\/figure>\n\n\n\n<p><strong><a href=\"https:\/\/portaspravida.com\/en\/residencias-de-autonomizacao-e-inclusao\/\" target=\"_blank\" rel=\"noreferrer noopener\">Resid\u00eancia de Autonomiza\u00e7\u00e3o e Inclus\u00e3o<\/a><\/strong><\/p>\n\n\n\n<figure class=\"wp-block-image size-large\"><img decoding=\"async\" width=\"1024\" height=\"575\" data-src=\"https:\/\/portaspravida.com\/wp-content\/uploads\/2024\/11\/Sem-titulo-2-1-1024x575.jpg\" alt=\"\" class=\"wp-image-202 lazyload\" data-srcset=\"https:\/\/portaspravida.com\/wp-content\/uploads\/2024\/11\/Sem-titulo-2-1-1024x575.jpg 1024w, https:\/\/portaspravida.com\/wp-content\/uploads\/2024\/11\/Sem-titulo-2-1-230x129.jpg 230w, https:\/\/portaspravida.com\/wp-content\/uploads\/2024\/11\/Sem-titulo-2-1-600x337.jpg 600w, https:\/\/portaspravida.com\/wp-content\/uploads\/2024\/11\/Sem-titulo-2-1-300x168.jpg 300w, https:\/\/portaspravida.com\/wp-content\/uploads\/2024\/11\/Sem-titulo-2-1-768x431.jpg 768w, https:\/\/portaspravida.com\/wp-content\/uploads\/2024\/11\/Sem-titulo-2-1.jpg 1105w\" data-sizes=\"(max-width: 1024px) 100vw, 1024px\" src=\"data:image\/svg+xml;base64,PHN2ZyB3aWR0aD0iMSIgaGVpZ2h0PSIxIiB4bWxucz0iaHR0cDovL3d3dy53My5vcmcvMjAwMC9zdmciPjwvc3ZnPg==\" style=\"--smush-placeholder-width: 1024px; --smush-placeholder-aspect-ratio: 1024\/575;\" \/><\/figure>\n\n\n\n<p><strong><a href=\"https:\/\/portaspravida.com\/en\/centro-de-atividades-e-capacitacao-para-a-inclusao\/\" target=\"_blank\" rel=\"noreferrer noopener\">Centro de Atividades e Capacita\u00e7\u00e3o para a Inclus\u00e3o<\/a><\/strong><\/p>\n\n\n\n<figure class=\"wp-block-image size-full\"><a href=\"https:\/\/portaspravida.com\/en\/formacao-profissional\/\" target=\"_blank\" rel=\" noreferrer noopener\"><img decoding=\"async\" width=\"780\" height=\"585\" data-src=\"https:\/\/portaspravida.com\/wp-content\/uploads\/2024\/11\/208293857_1832863470220583_291792267421845151_n.webp\" alt=\"\" class=\"wp-image-292 lazyload\" data-srcset=\"https:\/\/portaspravida.com\/wp-content\/uploads\/2024\/11\/208293857_1832863470220583_291792267421845151_n.webp 780w, https:\/\/portaspravida.com\/wp-content\/uploads\/2024\/11\/208293857_1832863470220583_291792267421845151_n-230x173.webp 230w, https:\/\/portaspravida.com\/wp-content\/uploads\/2024\/11\/208293857_1832863470220583_291792267421845151_n-600x450.webp 600w, https:\/\/portaspravida.com\/wp-content\/uploads\/2024\/11\/208293857_1832863470220583_291792267421845151_n-300x225.webp 300w, https:\/\/portaspravida.com\/wp-content\/uploads\/2024\/11\/208293857_1832863470220583_291792267421845151_n-768x576.webp 768w\" data-sizes=\"(max-width: 780px) 100vw, 780px\" src=\"data:image\/svg+xml;base64,PHN2ZyB3aWR0aD0iMSIgaGVpZ2h0PSIxIiB4bWxucz0iaHR0cDovL3d3dy53My5vcmcvMjAwMC9zdmciPjwvc3ZnPg==\" style=\"--smush-placeholder-width: 780px; --smush-placeholder-aspect-ratio: 780\/585;\" \/><\/a><\/figure>\n\n\n\n<p><strong><a href=\"https:\/\/portaspravida.com\/en\/formacao-profissional\/\" target=\"_blank\" rel=\"noreferrer noopener\">Forma\u00e7\u00e3o Profissional<\/a><\/strong><a href=\"https:\/\/portaspravida.com\/en\/empresa-de-insercao\/\"><strong><br><\/strong><\/a><\/p>\n\n\n<div class=\"wp-block-image\">\n<figure class=\"aligncenter size-full is-resized\"><a href=\"https:\/\/portaspravida.com\/en\/empresa-social-de-insercao-pelo-trabalho\/\" target=\"_blank\" rel=\" noreferrer noopener\"><img decoding=\"async\" width=\"469\" height=\"436\" data-src=\"https:\/\/portaspravida.com\/wp-content\/uploads\/2024\/11\/image.webp\" alt=\"\" class=\"wp-image-295 lazyload\" style=\"--smush-placeholder-width: 469px; --smush-placeholder-aspect-ratio: 469\/436;width:520px;height:auto\" data-srcset=\"https:\/\/portaspravida.com\/wp-content\/uploads\/2024\/11\/image.webp 469w, https:\/\/portaspravida.com\/wp-content\/uploads\/2024\/11\/image-230x214.webp 230w, https:\/\/portaspravida.com\/wp-content\/uploads\/2024\/11\/image-300x279.webp 300w\" data-sizes=\"(max-width: 469px) 100vw, 469px\" src=\"data:image\/svg+xml;base64,PHN2ZyB3aWR0aD0iMSIgaGVpZ2h0PSIxIiB4bWxucz0iaHR0cDovL3d3dy53My5vcmcvMjAwMC9zdmciPjwvc3ZnPg==\" \/><\/a><\/figure>\n<\/div>\n\n\n<p><strong><a href=\"https:\/\/portaspravida.com\/en\/empresa-social-de-insercao-pelo-trabalho\/\" target=\"_blank\" rel=\"noreferrer noopener\">APPVERDE<\/a><\/strong><\/p>","protected":false},"excerpt":{"rendered":"<p>Lar Residencial Resid\u00eancia de Autonomiza\u00e7\u00e3o e Inclus\u00e3o Centro de Atividades e Capacita\u00e7\u00e3o para a Inclus\u00e3o Forma\u00e7\u00e3o Profissional APPVERDE<\/p>","protected":false},"author":1,"featured_media":0,"parent":0,"menu_order":0,"comment_status":"closed","ping_status":"closed","template":"","meta":{"_themeisle_gutenberg_block_has_review":false,"footnotes":""},"class_list":["post-290","page","type-page","status-publish","hentry"],"_links":{"self":[{"href":"https:\/\/portaspravida.com\/en\/wp-json\/wp\/v2\/pages\/290","targetHints":{"allow":["GET"]}}],"collection":[{"href":"https:\/\/portaspravida.com\/en\/wp-json\/wp\/v2\/pages"}],"about":[{"href":"https:\/\/portaspravida.com\/en\/wp-json\/wp\/v2\/types\/page"}],"author":[{"embeddable":true,"href":"https:\/\/portaspravida.com\/en\/wp-json\/wp\/v2\/users\/1"}],"replies":[{"embeddable":true,"href":"https:\/\/portaspravida.com\/en\/wp-json\/wp\/v2\/comments?post=290"}],"version-history":[{"count":0,"href":"https:\/\/portaspravida.com\/en\/wp-json\/wp\/v2\/pages\/290\/revisions"}],"wp:attachment":[{"href":"https:\/\/portaspravida.com\/en\/wp-json\/wp\/v2\/media?parent=290"}],"curies":[{"name":"wp","href":"https:\/\/api.w.org\/{rel}","templated":true}]}}