{"id":29,"date":"2024-11-14T10:17:13","date_gmt":"2024-11-14T10:17:13","guid":{"rendered":"https:\/\/portaspravida.com\/?page_id=29"},"modified":"2025-10-28T12:38:24","modified_gmt":"2025-10-28T12:38:24","slug":"contact","status":"publish","type":"page","link":"https:\/\/portaspravida.com\/en\/contact\/","title":{"rendered":"Contact"},"content":{"rendered":"\n<div class=\"wp-block-columns alignfull is-layout-flex wp-container-core-columns-is-layout-28f84493 wp-block-columns-is-layout-flex\">\n<div class=\"wp-block-column is-layout-flow wp-block-column-is-layout-flow\">\n<div style=\"width: 100%\"><iframe width=\"100%\" height=\"500\" frameborder=\"0\" data-src=\"https:\/\/www.google.com\/maps\/embed?pb=!1m18!1m12!1m3!1d24052.26568047662!2d-7.821233077016718!3d41.10104458506321!2m3!1f0!2f0!3f0!3m2!1i1024!2i768!4f13.1!3m3!1m2!1s0xd24ad199c3febf1%3A0xab96c9e105a5372c!2sAssocia%C3%A7%C3%A3o%20portas%20pra%20vida!5e0!3m2!1spt-PT!2spt!4v1731592659495!5m2!1spt-PT!2spt\" allowfullscreen=\"\" src=\"data:image\/svg+xml;base64,PHN2ZyB3aWR0aD0iMSIgaGVpZ2h0PSIxIiB4bWxucz0iaHR0cDovL3d3dy53My5vcmcvMjAwMC9zdmciPjwvc3ZnPg==\" class=\"lazyload\" data-load-mode=\"1\"><\/iframe><\/div>\n\n\n\n<p><\/p>\n<\/div>\n<\/div>\n\n\n\n<div class=\"wp-block-columns container is-layout-flex wp-container-core-columns-is-layout-28f84493 wp-block-columns-is-layout-flex\">\n<div class=\"wp-block-column is-vertically-aligned-center is-layout-flow wp-block-column-is-layout-flow\">\n<h2 class=\"wp-block-heading hestia-title\">Pedido de informa\u00e7\u00f5es<\/h2>\n\n\n\n<p><strong>Ol\u00e1! Precisa de ajuda?<\/strong><\/p>\n\n\n\n<div style=\"height:40px\" aria-hidden=\"true\" class=\"wp-block-spacer\"><\/div>\n\n\n<div class=\"wpforms-container wpforms-container-full ticss-be856205 wpforms-block wpforms-block-9004da9a-0e01-482a-88a8-d55e01f2fde6\" id=\"wpforms-137\"><form id=\"wpforms-form-137\" class=\"wpforms-validate wpforms-form\" data-formid=\"137\" method=\"post\" enctype=\"multipart\/form-data\" action=\"\/en\/wp-json\/wp\/v2\/pages\/29\" data-token=\"4b0c9b03eb6ef8dd88eebd61eca0a5ec\" data-token-time=\"1776374851\"><noscript class=\"wpforms-error-noscript\">Please enable JavaScript in your browser to complete this form.<\/noscript><div class=\"wpforms-field-container\"><div id=\"wpforms-137-field_0-container\" class=\"wpforms-field wpforms-field-name wpforms-one-half wpforms-first\" data-field-id=\"0\"><label class=\"wpforms-field-label wpforms-label-hide\" for=\"wpforms-137-field_0\">NOME <span class=\"wpforms-required-label\">*<\/span><\/label><input type=\"text\" id=\"wpforms-137-field_0\" class=\"wpforms-field-large wpforms-field-required\" name=\"wpforms[fields][0]\" placeholder=\"Seu Nome...\" required><\/div>\t\t<div id=\"wpforms-137-field_1-container\"\n\t\t\tclass=\"wpforms-field wpforms-field-text\"\n\t\t\tdata-field-type=\"text\"\n\t\t\tdata-field-id=\"1\"\n\t\t\t>\n\t\t\t<label class=\"wpforms-field-label\" for=\"wpforms-137-field_1\" >ASSUNTO NOME Email<\/label>\n\t\t\t<input type=\"text\" id=\"wpforms-137-field_1\" class=\"wpforms-field-medium\" name=\"wpforms[fields][1]\" >\n\t\t<\/div>\n\t\t<div id=\"wpforms-137-field_3-container\" class=\"wpforms-field wpforms-field-email wpforms-one-half\" data-field-id=\"3\"><label class=\"wpforms-field-label wpforms-label-hide\" for=\"wpforms-137-field_3\">Email <span class=\"wpforms-required-label\">*<\/span><\/label><input type=\"email\" id=\"wpforms-137-field_3\" class=\"wpforms-field-large wpforms-field-required\" name=\"wpforms[fields][3]\" placeholder=\"Seu Email...\" spellcheck=\"false\" required><\/div><div id=\"wpforms-137-field_4-container\" class=\"wpforms-field wpforms-field-text\" data-field-id=\"4\"><label class=\"wpforms-field-label wpforms-label-hide\" for=\"wpforms-137-field_4\">ASSUNTO<\/label><input type=\"text\" id=\"wpforms-137-field_4\" class=\"wpforms-field-large\" name=\"wpforms[fields][4]\" placeholder=\"Assunto...\" ><\/div><div id=\"wpforms-137-field_2-container\" class=\"wpforms-field wpforms-field-textarea\" data-field-id=\"2\"><label class=\"wpforms-field-label wpforms-label-hide\" for=\"wpforms-137-field_2\">MENSSAGEM <span class=\"wpforms-required-label\">*<\/span><\/label><textarea id=\"wpforms-137-field_2\" class=\"wpforms-field-medium wpforms-field-required\" name=\"wpforms[fields][2]\" placeholder=\"A Sua Menssagem...\" required><\/textarea><\/div><script>\n\t\t\t\t( function() {\n\t\t\t\t\tconst style = document.createElement( 'style' );\n\t\t\t\t\tstyle.appendChild( document.createTextNode( '#wpforms-137-field_1-container { position: absolute !important; overflow: hidden !important; display: inline !important; height: 1px !important; width: 1px !important; z-index: -1000 !important; padding: 0 !important; } #wpforms-137-field_1-container input { visibility: hidden; } #wpforms-conversational-form-page #wpforms-137-field_1-container label { counter-increment: none; }' ) );\n\t\t\t\t\tdocument.head.appendChild( style );\n\t\t\t\t\tdocument.currentScript?.remove();\n\t\t\t\t} )();\n\t\t\t<\/script><\/div><!-- .wpforms-field-container --><div class=\"wpforms-submit-container\" ><input type=\"hidden\" name=\"wpforms[id]\" value=\"137\"><input type=\"hidden\" name=\"page_title\" value=\"\"><input type=\"hidden\" name=\"page_url\" value=\"https:\/\/portaspravida.com\/en\/wp-json\/wp\/v2\/pages\/29\"><input type=\"hidden\" name=\"url_referer\" value=\"\"><button type=\"submit\" name=\"wpforms[submit]\" id=\"wpforms-submit-137\" class=\"wpforms-submit\" data-alt-text=\"A Enviar...\" data-submit-text=\"Enviar Menssagem\" aria-live=\"assertive\" value=\"wpforms-submit\">Enviar Menssagem<\/button><\/div><\/form><\/div>  <!-- .wpforms-container --><\/div>\n\n\n\n<div class=\"wp-block-column is-vertically-aligned-center is-layout-flow wp-block-column-is-layout-flow\">\n<div class=\"wp-block-columns is-layout-flex wp-container-core-columns-is-layout-28f84493 wp-block-columns-is-layout-flex\">\n<div class=\"wp-block-column is-layout-flow wp-block-column-is-layout-flow\">\n<h4 class=\"wp-block-heading has-text-align-left hestia-title has-text-color\"><img decoding=\"async\" class=\"wp-image-86 lazyload\" style=\"--smush-placeholder-width: 40px; --smush-placeholder-aspect-ratio: 40\/40;width: 25px;\" data-src=\"https:\/\/portaspravida.com\/wp-content\/themes\/hestia\/assets\/img\/contact1.png\" alt=\"Map icon\" src=\"data:image\/svg+xml;base64,PHN2ZyB3aWR0aD0iMSIgaGVpZ2h0PSIxIiB4bWxucz0iaHR0cDovL3d3dy53My5vcmcvMjAwMC9zdmciPjwvc3ZnPg==\"> <strong><strong>Morada<\/strong><\/strong><\/h4>\n\n\n\n<p class=\"has-text-align-left\">Mata da Viscondessa n\u00ba 963<br>5100-062 Lamego<br>Portugal<\/p>\n\n\n\n<div style=\"height:40px\" aria-hidden=\"true\" class=\"wp-block-spacer\"><\/div>\n\n\n\n<h4 class=\"wp-block-heading has-text-align-left hestia-title has-text-color\"><img decoding=\"async\" class=\"wp-image-98 lazyload\" style=\"--smush-placeholder-width: 40px; --smush-placeholder-aspect-ratio: 40\/40;width: 25px;\" data-src=\"https:\/\/portaspravida.com\/wp-content\/themes\/hestia\/assets\/img\/contact2.png\" alt=\"\" src=\"data:image\/svg+xml;base64,PHN2ZyB3aWR0aD0iMSIgaGVpZ2h0PSIxIiB4bWxucz0iaHR0cDovL3d3dy53My5vcmcvMjAwMC9zdmciPjwvc3ZnPg==\"> <strong><strong>Telefone<\/strong><\/strong><\/h4>\n\n\n\n<p class=\"has-text-align-left\"><strong>Geral<\/strong><br>254615190 (chamada para a rede fixa nacional)<br>Segunda &#8211; Sexta-feira 9:00-17:00<\/p>\n\n\n\n<div style=\"height:40px\" aria-hidden=\"true\" class=\"wp-block-spacer\"><\/div>\n\n\n\n<h4 class=\"wp-block-heading has-text-align-left hestia-title has-text-color\"><img decoding=\"async\" class=\"wp-image-105 lazyload\" style=\"--smush-placeholder-width: 40px; --smush-placeholder-aspect-ratio: 40\/40;width: 25px;\" data-src=\"https:\/\/portaspravida.com\/wp-content\/themes\/hestia\/assets\/img\/contact3.png\" alt=\"\" src=\"data:image\/svg+xml;base64,PHN2ZyB3aWR0aD0iMSIgaGVpZ2h0PSIxIiB4bWxucz0iaHR0cDovL3d3dy53My5vcmcvMjAwMC9zdmciPjwvc3ZnPg==\"><strong>  <strong><strong>Informa\u00e7\u00f5es Gerais<\/strong><\/strong><\/strong><\/h4>\n\n\n\n<p><a href=\"https:\/\/portaspravida.com\/canal-de-denuncia-interno\/\" target=\"_blank\" rel=\"noreferrer noopener\">CANAL DE DEN\u00daNCIA INTERNO<\/a><\/p>\n\n\n\n<p class=\"has-text-align-left\"><strong>Servi\u00e7os Administrativos<\/strong><\/p>\n\n\n\n<p><strong>EMAIL :<\/strong> <a href=\"mailto:geral@appv.pt\">geral@<\/a><a href=\"mailto:geral@appv.pt\" target=\"_blank\" rel=\"noreferrer noopener\">appv.pt<\/a><\/p>\n\n\n\n<p><\/p>\n\n\n\n<p class=\"has-text-align-left\">Associa\u00e7\u00e3o Portas P&#8217;r\u00e0 Vida<br><strong>NIF:<\/strong> 502749318<\/p>\n\n\n\n<div class=\"wp-block-group is-nowrap is-layout-flex wp-container-core-group-is-layout-6c531013 wp-block-group-is-layout-flex\">\n<p class=\"has-text-align-left\"><img decoding=\"async\" class=\"wp-image-105 lazyload\" style=\"--smush-placeholder-width: 40px; --smush-placeholder-aspect-ratio: 40\/40;width: 25px;\" data-src=\"https:\/\/portaspravida.com\/wp-content\/themes\/hestia\/assets\/img\/contact3.png\" alt=\"\" src=\"data:image\/svg+xml;base64,PHN2ZyB3aWR0aD0iMSIgaGVpZ2h0PSIxIiB4bWxucz0iaHR0cDovL3d3dy53My5vcmcvMjAwMC9zdmciPjwvc3ZnPg==\">  <strong>CURR\u00cdCULOS<\/strong><\/p>\n<\/div>\n\n\n\n<p class=\"has-text-align-left\"><a href=\"https:\/\/portaspravida.com\/candidatura-espontanea\/\" target=\"_blank\" rel=\"noreferrer noopener\"><strong>ENVIAR CURR\u00cdCULO<\/strong><\/a> <\/p>\n\n\n\n<p><\/p>\n<\/div>\n<\/div>\n<\/div>\n<\/div>\n\n\n\n<p><\/p>\n\n\n\n<p><\/p>\n","protected":false},"excerpt":{"rendered":"<p>Pedido de informa\u00e7\u00f5es Ol\u00e1! Precisa de ajuda? Morada Mata da Viscondessa n\u00ba 9635100-062 LamegoPortugal Telefone Geral254615190 (chamada para a rede fixa nacional)Segunda &#8211; Sexta-feira 9:00-17:00 Informa\u00e7\u00f5es Gerais CANAL DE DEN\u00daNCIA INTERNO Servi\u00e7os Administrativos EMAIL : geral@appv.pt Associa\u00e7\u00e3o Portas P&#8217;r\u00e0 VidaNIF: 502749318 CURR\u00cdCULOS ENVIAR CURR\u00cdCULO<\/p>","protected":false},"author":1,"featured_media":0,"parent":0,"menu_order":0,"comment_status":"closed","ping_status":"closed","template":"page-templates\/template-pagebuilder-full-width.php","meta":{"give_campaign_id":0,"_themeisle_gutenberg_block_has_review":false,"footnotes":""},"class_list":["post-29","page","type-page","status-publish","hentry"],"campaignId":"","_links":{"self":[{"href":"https:\/\/portaspravida.com\/en\/wp-json\/wp\/v2\/pages\/29","targetHints":{"allow":["GET"]}}],"collection":[{"href":"https:\/\/portaspravida.com\/en\/wp-json\/wp\/v2\/pages"}],"about":[{"href":"https:\/\/portaspravida.com\/en\/wp-json\/wp\/v2\/types\/page"}],"author":[{"embeddable":true,"href":"https:\/\/portaspravida.com\/en\/wp-json\/wp\/v2\/users\/1"}],"replies":[{"embeddable":true,"href":"https:\/\/portaspravida.com\/en\/wp-json\/wp\/v2\/comments?post=29"}],"version-history":[{"count":0,"href":"https:\/\/portaspravida.com\/en\/wp-json\/wp\/v2\/pages\/29\/revisions"}],"wp:attachment":[{"href":"https:\/\/portaspravida.com\/en\/wp-json\/wp\/v2\/media?parent=29"}],"curies":[{"name":"wp","href":"https:\/\/api.w.org\/{rel}","templated":true}]}}