{"id":288,"date":"2024-11-14T12:50:46","date_gmt":"2024-11-14T12:50:46","guid":{"rendered":"https:\/\/portaspravida.com\/?page_id=288"},"modified":"2025-05-13T11:18:01","modified_gmt":"2025-05-13T11:18:01","slug":"residencias-de-autonomizacao-e-inclusao","status":"publish","type":"page","link":"https:\/\/portaspravida.com\/en\/residencias-de-autonomizacao-e-inclusao\/","title":{"rendered":"RESID\u00caNCIAS DE AUTONOMIZA\u00c7\u00c3O E INCLUS\u00c3O"},"content":{"rendered":"<figure class=\"wp-block-image size-full\"><img decoding=\"async\" width=\"1024\" height=\"528\" data-src=\"https:\/\/portaspravida.com\/wp-content\/uploads\/2024\/11\/artguru-remove-object-1726492969803-1.png\" alt=\"\" class=\"wp-image-229 lazyload\" data-srcset=\"https:\/\/portaspravida.com\/wp-content\/uploads\/2024\/11\/artguru-remove-object-1726492969803-1.png 1024w, https:\/\/portaspravida.com\/wp-content\/uploads\/2024\/11\/artguru-remove-object-1726492969803-1-230x119.png 230w, https:\/\/portaspravida.com\/wp-content\/uploads\/2024\/11\/artguru-remove-object-1726492969803-1-600x309.png 600w, https:\/\/portaspravida.com\/wp-content\/uploads\/2024\/11\/artguru-remove-object-1726492969803-1-300x155.png 300w, https:\/\/portaspravida.com\/wp-content\/uploads\/2024\/11\/artguru-remove-object-1726492969803-1-768x396.png 768w\" data-sizes=\"(max-width: 1024px) 100vw, 1024px\" src=\"data:image\/svg+xml;base64,PHN2ZyB3aWR0aD0iMSIgaGVpZ2h0PSIxIiB4bWxucz0iaHR0cDovL3d3dy53My5vcmcvMjAwMC9zdmciPjwvc3ZnPg==\" style=\"--smush-placeholder-width: 1024px; --smush-placeholder-aspect-ratio: 1024\/528;\" \/><\/figure>\n\n\n\n<p style=\"text-align: justify;\">As Resid\u00eancias de Autonomiza\u00e7\u00e3o e Inclus\u00e3o destinam-se a pessoas com defici\u00eancia mental de idade igual ou superior a 18 anos que, mediante apoio, possuem capacidade de viver de forma aut\u00f3noma. Esta resposta social presta alojamento, apoio nas atividades dom\u00e9sticas, alimenta\u00e7\u00e3o com padr\u00f5es nutricionais adequados e adaptados a necessidades espec\u00edficas, administra\u00e7\u00e3o de medica\u00e7\u00e3o, apoio na sa\u00fade, higiene e cuidados pessoais, apoio no desempenho de compet\u00eancias necess\u00e1rias e acesso a recursos para tomar parte ativa na resid\u00eancia e na comunidade.<\/p>\n\n\n\n<p style=\"text-align: justify;\">A interven\u00e7\u00e3o junto dos\/as utentes, perspetiva o desenvolvimento do seu projeto de vida tendo por base as suas necessidades, potenciais e expectativas, de modo a se alcan\u00e7ar alguns objetivos como a igualdade de direitos, oportunidades de autodetermina\u00e7\u00e3o, participa\u00e7\u00e3o social, desenvolvimento de compet\u00eancias pessoais, sociais , escolares e profissionais, bem estar fisico e emocional, autonomia e qualidade de vida. <\/p>\n\n\n\n<p style=\"text-align: justify;\">Desde 2014 que a Associa\u00e7\u00e3o disp\u00f5e de duas Resid\u00eancias de Autonomiza\u00e7\u00e3o e Inclus\u00e3o, com capacidade para acolher cinco utentes cada. Cada resid\u00eancia apresenta uma cozinha, sala de estar, 3 quartos (2 duplos e 1 simples), 2 quartos de banho, zona de lavandaria e\u00a0 uma arrecada\u00e7\u00e3o. Os edificios est\u00e3o projetados para que os\/as residentes se sintam em casa e que lhes permita usufruir de todos os espa\u00e7os e modo a que consigam desenvolver as suas atividades di\u00e1rias sem impedimentos. A sala de estar \u00e9 um espa\u00e7o onde todos podem conviver e aproveitar para momentos de lazer como ver televis\u00e3o, conversar, fazer jogos, ouvir m\u00fasica, entre outros. Os quartos s\u00e3o as \u00e1reas privadas de cada utente e o seu espa\u00e7o \u00e9 ornamentado de acordo com as prefer\u00eancias individuais, seguindo, as regras e orienta\u00e7\u00f5es em vigor. \u00a0Os\/as residentes, mediante necessidade de apoio, t\u00eam oportunidade de organizar e higienizar o seu espa\u00e7o pessoal e espa\u00e7os comuns, bem como, a utiliza\u00e7\u00e3o da cozinha para prepara\u00e7\u00e3o e usufruto de iguarias e refei\u00e7\u00f5es. Estando esta resposta integrada numa associa\u00e7\u00e3o com outras respostas sociais transversais a todos\/as utentes, permite que possam beneficiar de um apoio mais completo potenciando os suas capacidades, bem estar e qualidade de vida.<\/p>\n\n\n\n<p><\/p>","protected":false},"excerpt":{"rendered":"<p>As Resid\u00eancias de Autonomiza\u00e7\u00e3o e Inclus\u00e3o destinam-se a pessoas com defici\u00eancia mental de idade igual ou superior a 18 anos que, mediante apoio, possuem capacidade de viver de forma aut\u00f3noma. Esta resposta social presta alojamento, apoio nas atividades dom\u00e9sticas, alimenta\u00e7\u00e3o com padr\u00f5es nutricionais adequados e adaptados a necessidades espec\u00edficas, administra\u00e7\u00e3o [&hellip;]<\/p>\n","protected":false},"author":1,"featured_media":0,"parent":0,"menu_order":0,"comment_status":"closed","ping_status":"closed","template":"","meta":{"_themeisle_gutenberg_block_has_review":false,"footnotes":""},"class_list":["post-288","page","type-page","status-publish","hentry"],"_links":{"self":[{"href":"https:\/\/portaspravida.com\/en\/wp-json\/wp\/v2\/pages\/288","targetHints":{"allow":["GET"]}}],"collection":[{"href":"https:\/\/portaspravida.com\/en\/wp-json\/wp\/v2\/pages"}],"about":[{"href":"https:\/\/portaspravida.com\/en\/wp-json\/wp\/v2\/types\/page"}],"author":[{"embeddable":true,"href":"https:\/\/portaspravida.com\/en\/wp-json\/wp\/v2\/users\/1"}],"replies":[{"embeddable":true,"href":"https:\/\/portaspravida.com\/en\/wp-json\/wp\/v2\/comments?post=288"}],"version-history":[{"count":0,"href":"https:\/\/portaspravida.com\/en\/wp-json\/wp\/v2\/pages\/288\/revisions"}],"wp:attachment":[{"href":"https:\/\/portaspravida.com\/en\/wp-json\/wp\/v2\/media?parent=288"}],"curies":[{"name":"wp","href":"https:\/\/api.w.org\/{rel}","templated":true}]}}