{"id":284,"date":"2024-11-14T12:47:24","date_gmt":"2024-11-14T12:47:24","guid":{"rendered":"https:\/\/portaspravida.com\/?page_id=284"},"modified":"2026-04-07T12:51:07","modified_gmt":"2026-04-07T12:51:07","slug":"quem-somos","status":"publish","type":"page","link":"https:\/\/portaspravida.com\/en\/quem-somos\/","title":{"rendered":"QUEM SOMOS"},"content":{"rendered":"<figure class=\"wp-block-image size-large\"><img decoding=\"async\" width=\"1024\" height=\"461\" data-src=\"https:\/\/portaspravida.com\/wp-content\/uploads\/2024\/11\/448941383_785664263695358_4620725842390333278_n-1-scaled-1-1024x461.webp\" alt=\"\" class=\"wp-image-188 lazyload\" data-srcset=\"https:\/\/portaspravida.com\/wp-content\/uploads\/2024\/11\/448941383_785664263695358_4620725842390333278_n-1-scaled-1-1024x461.webp 1024w, https:\/\/portaspravida.com\/wp-content\/uploads\/2024\/11\/448941383_785664263695358_4620725842390333278_n-1-scaled-1-230x104.webp 230w, https:\/\/portaspravida.com\/wp-content\/uploads\/2024\/11\/448941383_785664263695358_4620725842390333278_n-1-scaled-1-600x270.webp 600w, https:\/\/portaspravida.com\/wp-content\/uploads\/2024\/11\/448941383_785664263695358_4620725842390333278_n-1-scaled-1-300x135.webp 300w, https:\/\/portaspravida.com\/wp-content\/uploads\/2024\/11\/448941383_785664263695358_4620725842390333278_n-1-scaled-1-768x346.webp 768w, https:\/\/portaspravida.com\/wp-content\/uploads\/2024\/11\/448941383_785664263695358_4620725842390333278_n-1-scaled-1-1536x692.webp 1536w, https:\/\/portaspravida.com\/wp-content\/uploads\/2024\/11\/448941383_785664263695358_4620725842390333278_n-1-scaled-1-2048x922.webp 2048w\" data-sizes=\"(max-width: 1024px) 100vw, 1024px\" src=\"data:image\/svg+xml;base64,PHN2ZyB3aWR0aD0iMSIgaGVpZ2h0PSIxIiB4bWxucz0iaHR0cDovL3d3dy53My5vcmcvMjAwMC9zdmciPjwvc3ZnPg==\" style=\"--smush-placeholder-width: 1024px; --smush-placeholder-aspect-ratio: 1024\/461;\" \/><\/figure>\n\n\n\n<p style=\"text-align: justify;\">A Associa\u00e7\u00e3o \u201cPortas P\u2019r\u00e0 Vida\u201d \u00e9 uma Associa\u00e7\u00e3o de Pais e Amigos do Cidad\u00e3o Deficiente do Agrupamento de Concelhos do Vale Douro-Sul, designadamente: Lamego, Cinf\u00e3es, Resende, Tarouca, Moimenta da Beira, Sernancelhe, Penedono, Armamar, Tabua\u00e7o e S. Jo\u00e3o da Pesqueira.<\/p>\n\n\n\n<p style=\"text-align: justify;\">Criada em 30 de Novembro de 1990, adquiriu o estatuto de Institui\u00e7\u00e3o Particular de Solidariedade Social (IPSS) em 9 de Maio de 1991, registada sob o n.\u00ba 9191 \u2013 Associa\u00e7\u00f5es de Solidariedade Social, por iniciativa de um grupo de pais e t\u00e9cnicos, visando a integra\u00e7\u00e3o de Pessoas Portadoras de Defici\u00eancia, tendo como principais objetivos:<\/p>\n\n\n\n<ul class=\"wp-block-list\">\n<li>Dar \u00e0 Pessoa com Defici\u00eancia oportunidades latentes de integra\u00e7\u00e3o social, designadamente no \u00e2mbito da Sa\u00fade, Educa\u00e7\u00e3o, Forma\u00e7\u00e3o e Trabalho;<\/li>\n<\/ul>\n\n\n\n<ul class=\"wp-block-list\">\n<li>Despertar e sensibilizar a sociedade para a problem\u00e1tica da Pessoa com Defici\u00eancia;<\/li>\n<\/ul>\n\n\n\n<ul class=\"wp-block-list\">\n<li>Sensibilizar pais, fam\u00edlia e outros, motivando-os para a defesa dos direitos do cidad\u00e3o com defici\u00eancia em geral;<\/li>\n<\/ul>\n\n\n\n<ul class=\"wp-block-list\">\n<li>Apoiar pais e fam\u00edlia, pela forma\u00e7\u00e3o psicol\u00f3gica e moral na integra\u00e7\u00e3o da Pessoa com Defici\u00eancia;<\/li>\n<\/ul>\n\n\n\n\n\n<p style=\"text-align: justify;\">Trata-se, deste modo, de uma Institui\u00e7\u00e3o de utilidade p\u00fablica sem fins lucrativos que, atualmente, d\u00e1 apoio a 150 Cidad\u00e3os com Defici\u00eancia, nas Val\u00eancias de Centro de Atividades Ocupacionais, Lar Residencial, Resid\u00eancias Aut\u00f3nomas, Forma\u00e7\u00e3o Profissional e Empresa Social de Inser\u00e7\u00e3o Pelo Trabalho.<\/p>\n\n\n\n<p style=\"text-align: justify;\">Inicialmente a institui\u00e7\u00e3o come\u00e7ou apenas com Centro de Atividades Ocupacionais e assim permaneceu durante alguns anos, primeiro em espa\u00e7o arrendado e, posteriormente, por ced\u00eancia de uma casa na serra das meadas por parte da autarquia, passou a funcionar nesse lugar, onde permanece at\u00e9 hoje.<\/p>\n\n\n\n<p style=\"text-align: justify;\">Mais tarde, foram efetuadas as primeiras candidaturas a Forma\u00e7\u00e3o Profissional, financiadas pelo Programa Constela\u00e7\u00e3o e tamb\u00e9m a candidatura a acredita\u00e7\u00e3o como entidade formadora. Desde ent\u00e3o e at\u00e9 hoje, a institui\u00e7\u00e3o passou a oferecer a possibilidade a cerca de 20 jovens de frequentarem forma\u00e7\u00e3o e serem preparados para integra\u00e7\u00e3o em mercado de trabalho.<\/p>\n\n\n\n<p style=\"text-align: justify;\">Mais tarde, em 2004, com o encerramento, do Centro de Educa\u00e7\u00e3o Especial de Lamego, tutelado pela Seguran\u00e7a Social, os jovens que a\u00ed permaneciam foram conduzidos para a APPV e alargado o acordo ocupacional por parte da Seguran\u00e7a Social, aumentando significativamente o n\u00famero que clientes da institui\u00e7\u00e3o. Nessa altura foi ent\u00e3o criado um novo espa\u00e7o, no centro da cidade para poder prestar servi\u00e7os a esses clientes que vinham do Centro de Educa\u00e7\u00e3o Especial e criado um novo Centro de Atividades Ocupacionais.<\/p>\n\n\n\n<p style=\"text-align: justify;\">Como a integra\u00e7\u00e3o em mercado de trabalho \u00e9 sempre uma dificuldade numa regi\u00e3o onde o tecido empresarial \u00e9 muito reduzido, foi criada a Empresa de Inser\u00e7\u00e3o, ao abrigo da lei do emprego protegido.<\/p>\n\n\n\n<p style=\"text-align: justify;\">Posteriormente, porque a institui\u00e7\u00e3o prestava servi\u00e7os a um n\u00famero consider\u00e1vel de clientes vindos do concelho de Resende, a institui\u00e7\u00e3o e a autarquia desse concelho encetaram esfor\u00e7os para abrir um Centro de Atividades Ocupacionais naquele local e passou a ter um P\u00f3lo em funcionamento no concelho vizinho que atualmente presta servi\u00e7os a 28 utentes.<\/p>\n\n\n\n<p style=\"text-align: justify;\">Neste sentido a institui\u00e7\u00e3o foi crescendo e como era uma necessidade da regi\u00e3o, devido \u00e0 quantidade de pessoas com defici\u00eancias e\/ou incapacidades que permaneciam em casa ou at\u00e9 sem retaguarda familiar, a institui\u00e7\u00e3o decidiu elaborar uma candidatura para a constru\u00e7\u00e3o de um lar residencial e resid\u00eancias aut\u00f3nomas, candidatura essa que foi aprovada ao abrigo do programa pares em 2009. O Lar Residencial e Resid\u00eancias Aut\u00f3nomas s\u00e3o uma realidade em funcionamento, que presta apoio a 39 cidad\u00e3os em regime de alojamento permanente.<\/p>\n\n\n\n<p style=\"text-align: justify;\">E porque a qualidade dos servi\u00e7os que prestamos \u00e9 sempre uma preocupa\u00e7\u00e3o, no sentido de melhorar os servi\u00e7os, foi constru\u00eddo ao abrigo do POPH um novo Centro de Atividades Ocupacionais, em funcionamento desde abril 2015, que passou oferecer melhores condi\u00e7\u00f5es para a presta\u00e7\u00e3o dos servi\u00e7os aos 30 utentes que o frequentam, bem como um importante benef\u00edcio para a comunidade, uma vez que disp\u00f5e de um centro h\u00edpico e de uma sala de terapia de snoezelen.<\/p>\n\n\n\n<p style=\"text-align: justify;\">Atualmente est\u00e1 em curso a constru\u00e7\u00e3o de um novo Centro de Atividades e Capacita\u00e7\u00e3o para a Inclus\u00e3o (CACI) cofinanciado pelo PRR, que permitir\u00e1 o alargamento da resposta social a mais 30 utentes.<\/p>","protected":false},"excerpt":{"rendered":"<p>A Associa\u00e7\u00e3o \u201cPortas P\u2019r\u00e0 Vida\u201d \u00e9 uma Associa\u00e7\u00e3o de Pais e Amigos do Cidad\u00e3o Deficiente do Agrupamento de Concelhos do Vale Douro-Sul, designadamente: Lamego, Cinf\u00e3es, Resende, Tarouca, Moimenta da Beira, Sernancelhe, Penedono, Armamar, Tabua\u00e7o e S. Jo\u00e3o da Pesqueira. Criada em 30 de Novembro de 1990, adquiriu o estatuto de [&hellip;]<\/p>\n","protected":false},"author":1,"featured_media":0,"parent":0,"menu_order":0,"comment_status":"closed","ping_status":"closed","template":"","meta":{"_themeisle_gutenberg_block_has_review":false,"footnotes":""},"class_list":["post-284","page","type-page","status-publish","hentry"],"_links":{"self":[{"href":"https:\/\/portaspravida.com\/en\/wp-json\/wp\/v2\/pages\/284","targetHints":{"allow":["GET"]}}],"collection":[{"href":"https:\/\/portaspravida.com\/en\/wp-json\/wp\/v2\/pages"}],"about":[{"href":"https:\/\/portaspravida.com\/en\/wp-json\/wp\/v2\/types\/page"}],"author":[{"embeddable":true,"href":"https:\/\/portaspravida.com\/en\/wp-json\/wp\/v2\/users\/1"}],"replies":[{"embeddable":true,"href":"https:\/\/portaspravida.com\/en\/wp-json\/wp\/v2\/comments?post=284"}],"version-history":[{"count":0,"href":"https:\/\/portaspravida.com\/en\/wp-json\/wp\/v2\/pages\/284\/revisions"}],"wp:attachment":[{"href":"https:\/\/portaspravida.com\/en\/wp-json\/wp\/v2\/media?parent=284"}],"curies":[{"name":"wp","href":"https:\/\/api.w.org\/{rel}","templated":true}]}}