{"id":282,"date":"2024-11-14T12:45:30","date_gmt":"2024-11-14T12:45:30","guid":{"rendered":"https:\/\/portaspravida.com\/?page_id=282"},"modified":"2025-04-29T12:17:20","modified_gmt":"2025-04-29T12:17:20","slug":"lar-residencial-2","status":"publish","type":"page","link":"https:\/\/portaspravida.com\/en\/lar-residencial-2\/","title":{"rendered":"LAR RESIDENCIAL"},"content":{"rendered":"<figure><img decoding=\"async\" data-src=\"https:\/\/portaspravida.com\/wp-content\/uploads\/2024\/11\/lar-residencial-1-1024x474.jpg\" alt=\"\" src=\"data:image\/svg+xml;base64,PHN2ZyB3aWR0aD0iMSIgaGVpZ2h0PSIxIiB4bWxucz0iaHR0cDovL3d3dy53My5vcmcvMjAwMC9zdmciPjwvc3ZnPg==\" class=\"lazyload\" style=\"--smush-placeholder-width: 1024px; --smush-placeholder-aspect-ratio: 1024\/474;\" \/><\/figure>\n\n<p><\/p>\n\n<p style=\"text-align: justify;\">O <strong>Lar Residencial da APPV<\/strong> \u00e9 uma estrutura de alojamento e apoio destinada a pessoas com defici\u00eancia e incapacidade a partir dos 16 anos. O seu principal objetivo \u00e9 promover condi\u00e7\u00f5es que garantam uma vida com qualidade e incentivem a plena integra\u00e7\u00e3o social dos utentes.<\/p>\n\n<p><strong>Estrutura e funcionamento<\/strong><\/p>\n\n<p style=\"text-align: justify;\">O lar est\u00e1 organizado da seguinte forma:<\/p>\n\n<ul class=\"wp-block-list\">\n<li><strong>Piso t\u00e9rreo<\/strong>: Refeit\u00f3rio, lavandaria e cozinha.<\/li>\n\n<li><strong>Primeiro piso<\/strong>: 14 quartos (duplos e triplos), permitindo o acolhimento de 29 utentes com car\u00e1ter permanente e disponibilizando ainda 1 cama para situa\u00e7\u00f5es tempor\u00e1rias, nomeadamente apoio ao descanso do cuidador.<\/li>\n<\/ul>\n\n<p style=\"text-align: justify;\">Durante o dia, os utentes t\u00eam acesso a diversas atividades na Institui\u00e7\u00e3o para potenciar as suas capacidades e atender \u00e0s suas necessidades, tais como:<\/p>\n\n<ul class=\"wp-block-list\">\n<li>Reabilita\u00e7\u00e3o motora e cognitiva;<\/li>\n\n<li>Atividades aqu\u00e1ticas e multissensoriais;<\/li>\n\n<li>Hipoterapia;<\/li>\n\n<li>Atividade desportiva;<\/li>\n\n<li>Artes e express\u00f5es.<\/li>\n<\/ul>\n\n<p style=\"text-align: justify;\"><strong>Compromisso com a qualidade dos servi\u00e7os<\/strong><\/p>\n\n<p style=\"text-align: justify;\">Para garantir um servi\u00e7o de excel\u00eancia, definimos como objetivos:<\/p>\n\n<p style=\"text-align: justify;\">Assegurar um ambiente seguro a n\u00edvel afetivo, f\u00edsico e psicol\u00f3gico.<\/p>\n\n<p style=\"text-align: justify;\">Proporcionar atividades e cuidados que promovam o equil\u00edbrio f\u00edsico, emocional e social dos utentes;<\/p>\n\n<p style=\"text-align: justify;\">Apoiar a integra\u00e7\u00e3o escolar, forma\u00e7\u00e3o profissional, emprego protegido e atividades ocupacionais, facilitando o acesso ao mercado de trabalho;<\/p>\n\n<p style=\"text-align: justify;\">Incentivar a intera\u00e7\u00e3o com a comunidade, otimizando a participa\u00e7\u00e3o social;<\/p>\n\n<p style=\"text-align: justify;\">Respeitar o projeto de vida de cada utente, atendendo \u00e0s suas necessidades, interesses e expetativas, bem como \u00e0s dos seus representantes legais;<\/p>","protected":false},"excerpt":{"rendered":"<p>O Lar Residencial da APPV \u00e9 uma estrutura de alojamento e apoio destinada a pessoas com defici\u00eancia e incapacidade a partir dos 16 anos. O seu principal objetivo \u00e9 promover condi\u00e7\u00f5es que garantam uma vida com qualidade e incentivem a plena integra\u00e7\u00e3o social dos utentes. Estrutura e funcionamento O lar [&hellip;]<\/p>\n","protected":false},"author":1,"featured_media":0,"parent":0,"menu_order":0,"comment_status":"closed","ping_status":"closed","template":"","meta":{"_themeisle_gutenberg_block_has_review":false,"footnotes":""},"class_list":["post-282","page","type-page","status-publish","hentry"],"_links":{"self":[{"href":"https:\/\/portaspravida.com\/en\/wp-json\/wp\/v2\/pages\/282","targetHints":{"allow":["GET"]}}],"collection":[{"href":"https:\/\/portaspravida.com\/en\/wp-json\/wp\/v2\/pages"}],"about":[{"href":"https:\/\/portaspravida.com\/en\/wp-json\/wp\/v2\/types\/page"}],"author":[{"embeddable":true,"href":"https:\/\/portaspravida.com\/en\/wp-json\/wp\/v2\/users\/1"}],"replies":[{"embeddable":true,"href":"https:\/\/portaspravida.com\/en\/wp-json\/wp\/v2\/comments?post=282"}],"version-history":[{"count":0,"href":"https:\/\/portaspravida.com\/en\/wp-json\/wp\/v2\/pages\/282\/revisions"}],"wp:attachment":[{"href":"https:\/\/portaspravida.com\/en\/wp-json\/wp\/v2\/media?parent=282"}],"curies":[{"name":"wp","href":"https:\/\/api.w.org\/{rel}","templated":true}]}}