{"id":280,"date":"2024-11-14T12:43:28","date_gmt":"2024-11-14T12:43:28","guid":{"rendered":"https:\/\/portaspravida.com\/?page_id=280"},"modified":"2025-12-19T12:57:54","modified_gmt":"2025-12-19T12:57:54","slug":"contas","status":"publish","type":"page","link":"https:\/\/portaspravida.com\/en\/contas\/","title":{"rendered":"CONTAS"},"content":{"rendered":"<p><strong>Contas Anuais (Consultar):<\/strong><\/p>\n\n\n\n<p><strong>2025<\/strong><\/p>\n\n\n\n<p><a href=\"https:\/\/portaspravida.com\/wp-content\/uploads\/2025\/12\/Plano-de-Atividades-2026.pdf\" data-type=\"link\" data-id=\"https:\/\/portaspravida.com\/wp-content\/uploads\/2025\/12\/Plano-de-Atividades-2026.pdf\"><strong>Plano de Atividades 2026<\/strong><\/a><\/p>\n\n\n\n<p><strong>2024<\/strong><\/p>\n\n\n\n<p><a href=\"https:\/\/portaspravida.com\/wp-content\/uploads\/2025\/03\/Relatorio-de-Contas-2024.1.pdf\"><strong>Relat\u00f3rio de Contas 2024<\/strong><\/a><\/p>\n\n\n\n<p><strong><a href=\"https:\/\/portaspravida.com\/wp-content\/uploads\/2024\/12\/Plano-de-Atividade-2025.pdf\" data-type=\"link\" data-id=\"https:\/\/portaspravida.com\/wp-content\/uploads\/2024\/12\/Plano-de-Atividade-2025.pdf\" target=\"_blank\" rel=\"noreferrer noopener\">Plano de Atividades 2025<\/a><\/strong><\/p>\n\n\n\n<p><strong><a href=\"https:\/\/portaspravida.com\/wp-content\/uploads\/2024\/12\/Demonstracao-de-Resultados-Provisionais-2024.pdf\" data-type=\"link\" data-id=\"https:\/\/portaspravida.com\/wp-content\/uploads\/2024\/12\/Demonstracao-de-Resultados-Provisionais-2024.pdf\" target=\"_blank\" rel=\"noreferrer noopener\">Demonstra\u00e7\u00e3o Resultados Provis\u00f3rios 2024<\/a><\/strong><\/p>\n\n\n\n<p><strong>2023<\/strong><\/p>\n\n\n\n<p><strong><a href=\"https:\/\/portaspravida.com\/wp-content\/uploads\/2024\/11\/240325131733.pdf\" target=\"_blank\" rel=\"noreferrer noopener\">Relat\u00f3rio de Contas 2023<\/a><\/strong><\/p>\n\n\n\n<p><strong><a href=\"https:\/\/portaspravida.com\/wp-content\/uploads\/2024\/11\/Plano-de-Atividades-2024_compressed-Copia.pdf\" data-type=\"link\" data-id=\"https:\/\/portaspravida.com\/wp-content\/uploads\/2024\/11\/Plano-de-Atividades-2024_compressed-Copia.pdf\" target=\"_blank\" rel=\"noreferrer noopener\">Plano de Atividades 2024<\/a><\/strong><\/p>\n\n\n\n<p><strong><a href=\"https:\/\/portaspravida.com\/wp-content\/uploads\/2024\/11\/240325131638_rotated.pdf\" target=\"_blank\" rel=\"noreferrer noopener\">Balan\u00e7o 2023<\/a><\/strong><\/p>\n\n\n\n<p><strong><a href=\"https:\/\/portaspravida.com\/wp-content\/uploads\/2024\/11\/240325131651_rotated.pdf\" data-type=\"link\" data-id=\"https:\/\/portaspravida.com\/wp-content\/uploads\/2024\/11\/ORCAMENTO-2023.pdf\" target=\"_blank\" rel=\"noreferrer noopener\">Demonstra\u00e7\u00e3o Resultados 2023<\/a><\/strong><\/p>\n\n\n\n<p><strong>2022<\/strong><\/p>\n\n\n\n<p><strong><a href=\"https:\/\/portaspravida.com\/wp-content\/uploads\/2024\/11\/Relatorio-de-Gestao-2022.pdf\" data-type=\"link\" data-id=\"https:\/\/portaspravida.com\/wp-content\/uploads\/2024\/11\/Relatorio-de-Gestao-2022.pdf\" target=\"_blank\" rel=\"noreferrer noopener\">Relat\u00f3rio de Contas 2022<\/a><\/strong><\/p>\n\n\n\n<p><strong><a href=\"https:\/\/portaspravida.com\/wp-content\/uploads\/2024\/11\/PLANO-DE-ATIVIDADES-2023-APROVADO.pdf\" data-type=\"link\" data-id=\"https:\/\/portaspravida.com\/wp-content\/uploads\/2024\/11\/PLANO-DE-ATIVIDADES-2023-APROVADO.pdf\" target=\"_blank\" rel=\"noreferrer noopener\">Plano de Atividades 2023<\/a><\/strong><\/p>\n\n\n\n<p><strong><a href=\"https:\/\/portaspravida.com\/wp-content\/uploads\/2024\/11\/Balanco-2022.pdf\" data-type=\"link\" data-id=\"https:\/\/portaspravida.com\/wp-content\/uploads\/2024\/11\/Balanco-2022.pdf\" target=\"_blank\" rel=\"noreferrer noopener\">Balan\u00e7o 2022<\/a><\/strong><\/p>\n\n\n\n<p><strong><a href=\"https:\/\/portaspravida.com\/wp-content\/uploads\/2024\/11\/Demonstracao-de-Resultados-2022.pdf\" data-type=\"link\" data-id=\"https:\/\/portaspravida.com\/wp-content\/uploads\/2024\/11\/Demonstracao-de-Resultados-2022.pdf\" target=\"_blank\" rel=\"noreferrer noopener\">Demonstra\u00e7\u00e3o Resultados 2022<\/a><\/strong><\/p>\n\n\n\n<p><strong>2021<\/strong><\/p>\n\n\n\n<p><strong><a href=\"https:\/\/portaspravida.com\/wp-content\/uploads\/2024\/11\/relatorio-de-contas-2022-compactado.pdf\" target=\"_blank\" rel=\"noreferrer noopener\">Relat\u00f3rio de Contas 2021<\/a><\/strong><\/p>\n\n\n\n<p><strong><a href=\"https:\/\/portaspravida.com\/wp-content\/uploads\/2024\/11\/Plano-de-Atividades-2022_compressed_compressed-compactado.pdf\" target=\"_blank\" rel=\"noreferrer noopener\">Plano de Atividades 2022<\/a><\/strong><\/p>\n\n\n\n<p><a href=\"https:\/\/portaspravida.com\/wp-content\/uploads\/2025\/01\/Balanco-2021.pdf\" target=\"_blank\" rel=\"noreferrer noopener\"><strong>Balan\u00e7o 2021<\/strong><\/a><\/p>\n\n\n\n<p><strong><a href=\"https:\/\/portaspravida.com\/wp-content\/uploads\/2025\/01\/Demonstracao-de-Resultados-2021.pdf\" target=\"_blank\" rel=\"noreferrer noopener\">Demonstra\u00e7\u00e3o Resultados 2021<\/a><\/strong><\/p>\n\n\n\n<p><\/p>\n\n\n\n<p><\/p>\n\n\n\n<p><\/p>\n\n\n\n<p><\/p>","protected":false},"excerpt":{"rendered":"<p>Contas Anuais (Consultar): 2025 Plano de Atividades 2026 2024 Relat\u00f3rio de Contas 2024 Plano de Atividades 2025 Demonstra\u00e7\u00e3o Resultados Provis\u00f3rios 2024 2023 Relat\u00f3rio de Contas 2023 Plano de Atividades 2024 Balan\u00e7o 2023 Demonstra\u00e7\u00e3o Resultados 2023 2022 Relat\u00f3rio de Contas 2022 Plano de Atividades 2023 Balan\u00e7o 2022 Demonstra\u00e7\u00e3o Resultados 2022 2021 [&hellip;]<\/p>\n","protected":false},"author":1,"featured_media":0,"parent":0,"menu_order":0,"comment_status":"closed","ping_status":"closed","template":"","meta":{"_themeisle_gutenberg_block_has_review":false,"footnotes":""},"class_list":["post-280","page","type-page","status-publish","hentry"],"_links":{"self":[{"href":"https:\/\/portaspravida.com\/en\/wp-json\/wp\/v2\/pages\/280","targetHints":{"allow":["GET"]}}],"collection":[{"href":"https:\/\/portaspravida.com\/en\/wp-json\/wp\/v2\/pages"}],"about":[{"href":"https:\/\/portaspravida.com\/en\/wp-json\/wp\/v2\/types\/page"}],"author":[{"embeddable":true,"href":"https:\/\/portaspravida.com\/en\/wp-json\/wp\/v2\/users\/1"}],"replies":[{"embeddable":true,"href":"https:\/\/portaspravida.com\/en\/wp-json\/wp\/v2\/comments?post=280"}],"version-history":[{"count":0,"href":"https:\/\/portaspravida.com\/en\/wp-json\/wp\/v2\/pages\/280\/revisions"}],"wp:attachment":[{"href":"https:\/\/portaspravida.com\/en\/wp-json\/wp\/v2\/media?parent=280"}],"curies":[{"name":"wp","href":"https:\/\/api.w.org\/{rel}","templated":true}]}}