{"id":278,"date":"2024-11-14T12:41:00","date_gmt":"2024-11-14T12:41:00","guid":{"rendered":"https:\/\/portaspravida.com\/?page_id=278"},"modified":"2026-01-19T10:43:45","modified_gmt":"2026-01-19T10:43:45","slug":"regulamentos-estatutos-orgaos-sociais","status":"publish","type":"page","link":"https:\/\/portaspravida.com\/en\/regulamentos-estatutos-orgaos-sociais\/","title":{"rendered":"REGULAMENTOS"},"content":{"rendered":"<div data-elementor-type=\"wp-page\" data-elementor-id=\"278\" class=\"elementor elementor-278\">\n\t\t\t\t<div class=\"elementor-element elementor-element-bbd3f82 e-grid e-con-boxed e-con e-parent\" data-id=\"bbd3f82\" data-element_type=\"container\" data-e-type=\"container\">\n\t\t\t\t\t<div class=\"e-con-inner\">\n\t\t\t\t<div class=\"elementor-element elementor-element-c39b619 elementor-position-top elementor-widget elementor-widget-image-box\" data-id=\"c39b619\" data-element_type=\"widget\" data-e-type=\"widget\" data-widget_type=\"image-box.default\">\n\t\t\t\t<div class=\"elementor-widget-container\">\n\t\t\t\t\t<div class=\"elementor-image-box-wrapper\"><figure class=\"elementor-image-box-img\"><a href=\"https:\/\/portaspravida.com\/wp-content\/uploads\/2025\/01\/001-REGULAMENTO-geral.pdf\" target=\"_blank\" tabindex=\"-1\"><img decoding=\"async\" width=\"100\" height=\"123\" data-src=\"https:\/\/portaspravida.com\/wp-content\/uploads\/2025\/04\/transferir-removebg-preview-e1744381742636.webp\" class=\"attachment-full size-full wp-image-597 lazyload\" alt=\"\" src=\"data:image\/svg+xml;base64,PHN2ZyB3aWR0aD0iMSIgaGVpZ2h0PSIxIiB4bWxucz0iaHR0cDovL3d3dy53My5vcmcvMjAwMC9zdmciPjwvc3ZnPg==\" style=\"--smush-placeholder-width: 100px; --smush-placeholder-aspect-ratio: 100\/123;\" \/><\/a><\/figure><div class=\"elementor-image-box-content\"><h3 class=\"elementor-image-box-title\"><a href=\"https:\/\/portaspravida.com\/wp-content\/uploads\/2025\/01\/001-REGULAMENTO-geral.pdf\" target=\"_blank\"><strong>Regulamento Interno Geral<\/strong><\/a><\/h3><\/div><\/div>\t\t\t\t<\/div>\n\t\t\t\t<\/div>\n\t\t\t\t<div class=\"elementor-element elementor-element-fb626cb elementor-position-top elementor-widget elementor-widget-image-box\" data-id=\"fb626cb\" data-element_type=\"widget\" data-e-type=\"widget\" data-widget_type=\"image-box.default\">\n\t\t\t\t<div class=\"elementor-widget-container\">\n\t\t\t\t\t<div class=\"elementor-image-box-wrapper\"><figure class=\"elementor-image-box-img\"><a href=\"https:\/\/portaspravida.com\/wp-content\/uploads\/2024\/11\/Regulamento-Interno-CAO-ALDEIA-S.-JOAO.pdf\" target=\"_blank\" tabindex=\"-1\"><img decoding=\"async\" width=\"100\" height=\"123\" data-src=\"https:\/\/portaspravida.com\/wp-content\/uploads\/2025\/04\/transferir-removebg-preview-e1744381742636.webp\" class=\"attachment-full size-full wp-image-597 lazyload\" alt=\"\" src=\"data:image\/svg+xml;base64,PHN2ZyB3aWR0aD0iMSIgaGVpZ2h0PSIxIiB4bWxucz0iaHR0cDovL3d3dy53My5vcmcvMjAwMC9zdmciPjwvc3ZnPg==\" style=\"--smush-placeholder-width: 100px; --smush-placeholder-aspect-ratio: 100\/123;\" \/><\/a><\/figure><div class=\"elementor-image-box-content\"><h3 class=\"elementor-image-box-title\"><a href=\"https:\/\/portaspravida.com\/wp-content\/uploads\/2024\/11\/Regulamento-Interno-CAO-ALDEIA-S.-JOAO.pdf\" target=\"_blank\">Regulamento CACI Aldeia de S\u00e3o Jo\u00e3o<\/a><\/h3><\/div><\/div>\t\t\t\t<\/div>\n\t\t\t\t<\/div>\n\t\t\t\t<div class=\"elementor-element elementor-element-1463b6e elementor-position-top elementor-widget elementor-widget-image-box\" data-id=\"1463b6e\" data-element_type=\"widget\" data-e-type=\"widget\" data-widget_type=\"image-box.default\">\n\t\t\t\t<div class=\"elementor-widget-container\">\n\t\t\t\t\t<div class=\"elementor-image-box-wrapper\"><figure class=\"elementor-image-box-img\"><a href=\"https:\/\/portaspravida.com\/wp-content\/uploads\/2024\/11\/Regulamento-Interno-CAO-VISCONDESSA.pdf\" target=\"_blank\" tabindex=\"-1\"><img decoding=\"async\" width=\"100\" height=\"123\" data-src=\"https:\/\/portaspravida.com\/wp-content\/uploads\/2025\/04\/transferir-removebg-preview-e1744381742636.webp\" class=\"attachment-full size-full wp-image-597 lazyload\" alt=\"\" src=\"data:image\/svg+xml;base64,PHN2ZyB3aWR0aD0iMSIgaGVpZ2h0PSIxIiB4bWxucz0iaHR0cDovL3d3dy53My5vcmcvMjAwMC9zdmciPjwvc3ZnPg==\" style=\"--smush-placeholder-width: 100px; --smush-placeholder-aspect-ratio: 100\/123;\" \/><\/a><\/figure><div class=\"elementor-image-box-content\"><h3 class=\"elementor-image-box-title\"><a href=\"https:\/\/portaspravida.com\/wp-content\/uploads\/2024\/11\/Regulamento-Interno-CAO-VISCONDESSA.pdf\" target=\"_blank\">Regulamento CACI Mata da Viscondessa<\/a><\/h3><\/div><\/div>\t\t\t\t<\/div>\n\t\t\t\t<\/div>\n\t\t\t\t<div class=\"elementor-element elementor-element-cef0ac0 elementor-position-top elementor-widget elementor-widget-image-box\" data-id=\"cef0ac0\" data-element_type=\"widget\" data-e-type=\"widget\" data-widget_type=\"image-box.default\">\n\t\t\t\t<div class=\"elementor-widget-container\">\n\t\t\t\t\t<div class=\"elementor-image-box-wrapper\"><figure class=\"elementor-image-box-img\"><a href=\"https:\/\/portaspravida.com\/wp-content\/uploads\/2024\/11\/Regulamento-Interno-CAO-RESENDE.pdf\" target=\"_blank\" tabindex=\"-1\"><img decoding=\"async\" width=\"100\" height=\"123\" data-src=\"https:\/\/portaspravida.com\/wp-content\/uploads\/2025\/04\/transferir-removebg-preview-e1744381742636.webp\" class=\"attachment-full size-full wp-image-597 lazyload\" alt=\"\" src=\"data:image\/svg+xml;base64,PHN2ZyB3aWR0aD0iMSIgaGVpZ2h0PSIxIiB4bWxucz0iaHR0cDovL3d3dy53My5vcmcvMjAwMC9zdmciPjwvc3ZnPg==\" style=\"--smush-placeholder-width: 100px; --smush-placeholder-aspect-ratio: 100\/123;\" \/><\/a><\/figure><div class=\"elementor-image-box-content\"><h3 class=\"elementor-image-box-title\"><a href=\"https:\/\/portaspravida.com\/wp-content\/uploads\/2024\/11\/Regulamento-Interno-CAO-RESENDE.pdf\" target=\"_blank\">Regulamento CACI Resende<\/a><\/h3><\/div><\/div>\t\t\t\t<\/div>\n\t\t\t\t<\/div>\n\t\t\t\t\t<\/div>\n\t\t\t\t<\/div>\n\t\t<div class=\"elementor-element elementor-element-2fc1a56 e-grid e-con-boxed e-con e-parent\" data-id=\"2fc1a56\" data-element_type=\"container\" data-e-type=\"container\">\n\t\t\t\t\t<div class=\"e-con-inner\">\n\t\t\t\t<div class=\"elementor-element elementor-element-9aebb6c elementor-position-top elementor-widget elementor-widget-image-box\" data-id=\"9aebb6c\" data-element_type=\"widget\" data-e-type=\"widget\" data-widget_type=\"image-box.default\">\n\t\t\t\t<div class=\"elementor-widget-container\">\n\t\t\t\t\t<div class=\"elementor-image-box-wrapper\"><figure class=\"elementor-image-box-img\"><a href=\"https:\/\/portaspravida.com\/wp-content\/uploads\/2025\/01\/Regulamento-Interno-Lar-Residencial_compressed.pdf\" target=\"_blank\" tabindex=\"-1\"><img decoding=\"async\" width=\"100\" height=\"123\" data-src=\"https:\/\/portaspravida.com\/wp-content\/uploads\/2025\/04\/transferir-removebg-preview-e1744381742636.webp\" class=\"attachment-full size-full wp-image-597 lazyload\" alt=\"\" src=\"data:image\/svg+xml;base64,PHN2ZyB3aWR0aD0iMSIgaGVpZ2h0PSIxIiB4bWxucz0iaHR0cDovL3d3dy53My5vcmcvMjAwMC9zdmciPjwvc3ZnPg==\" style=\"--smush-placeholder-width: 100px; --smush-placeholder-aspect-ratio: 100\/123;\" \/><\/a><\/figure><div class=\"elementor-image-box-content\"><h3 class=\"elementor-image-box-title\"><a href=\"https:\/\/portaspravida.com\/wp-content\/uploads\/2025\/01\/Regulamento-Interno-Lar-Residencial_compressed.pdf\" target=\"_blank\">Regulamento Lar Residencial<\/a><\/h3><\/div><\/div>\t\t\t\t<\/div>\n\t\t\t\t<\/div>\n\t\t\t\t<div class=\"elementor-element elementor-element-5ff8895 elementor-position-top elementor-widget elementor-widget-image-box\" data-id=\"5ff8895\" data-element_type=\"widget\" data-e-type=\"widget\" data-widget_type=\"image-box.default\">\n\t\t\t\t<div class=\"elementor-widget-container\">\n\t\t\t\t\t<div class=\"elementor-image-box-wrapper\"><figure class=\"elementor-image-box-img\"><a href=\"https:\/\/portaspravida.com\/wp-content\/uploads\/2025\/01\/Regulamento-Interno-Residencia-de-Autonomizacao-e-Inclusao_compressed.pdf\" target=\"_blank\" tabindex=\"-1\"><img decoding=\"async\" width=\"100\" height=\"123\" data-src=\"https:\/\/portaspravida.com\/wp-content\/uploads\/2025\/04\/transferir-removebg-preview-e1744381742636.webp\" class=\"attachment-full size-full wp-image-597 lazyload\" alt=\"\" src=\"data:image\/svg+xml;base64,PHN2ZyB3aWR0aD0iMSIgaGVpZ2h0PSIxIiB4bWxucz0iaHR0cDovL3d3dy53My5vcmcvMjAwMC9zdmciPjwvc3ZnPg==\" style=\"--smush-placeholder-width: 100px; --smush-placeholder-aspect-ratio: 100\/123;\" \/><\/a><\/figure><div class=\"elementor-image-box-content\"><h3 class=\"elementor-image-box-title\"><a href=\"https:\/\/portaspravida.com\/wp-content\/uploads\/2025\/01\/Regulamento-Interno-Residencia-de-Autonomizacao-e-Inclusao_compressed.pdf\" target=\"_blank\">Regulamento Resid\u00eancias de Autonomiza\u00e7\u00e3o e Inclus\u00e3o<\/a><\/h3><\/div><\/div>\t\t\t\t<\/div>\n\t\t\t\t<\/div>\n\t\t\t\t<div class=\"elementor-element elementor-element-47f80b0 elementor-position-top elementor-widget elementor-widget-image-box\" data-id=\"47f80b0\" data-element_type=\"widget\" data-e-type=\"widget\" data-widget_type=\"image-box.default\">\n\t\t\t\t<div class=\"elementor-widget-container\">\n\t\t\t\t\t<div class=\"elementor-image-box-wrapper\"><figure class=\"elementor-image-box-img\"><a href=\"https:\/\/portaspravida.com\/wp-content\/uploads\/2024\/11\/Regulamento-Formacao.pdf\" target=\"_blank\" tabindex=\"-1\"><img decoding=\"async\" width=\"100\" height=\"123\" data-src=\"https:\/\/portaspravida.com\/wp-content\/uploads\/2025\/04\/transferir-removebg-preview-e1744381742636.webp\" class=\"attachment-full size-full wp-image-597 lazyload\" alt=\"\" src=\"data:image\/svg+xml;base64,PHN2ZyB3aWR0aD0iMSIgaGVpZ2h0PSIxIiB4bWxucz0iaHR0cDovL3d3dy53My5vcmcvMjAwMC9zdmciPjwvc3ZnPg==\" style=\"--smush-placeholder-width: 100px; --smush-placeholder-aspect-ratio: 100\/123;\" \/><\/a><\/figure><div class=\"elementor-image-box-content\"><h3 class=\"elementor-image-box-title\"><a href=\"https:\/\/portaspravida.com\/wp-content\/uploads\/2024\/11\/Regulamento-Formacao.pdf\" target=\"_blank\">Regulamento Forma\u00e7\u00e3o Profissional<\/a><\/h3><\/div><\/div>\t\t\t\t<\/div>\n\t\t\t\t<\/div>\n\t\t\t\t<div class=\"elementor-element elementor-element-45625d8 elementor-position-top elementor-widget elementor-widget-image-box\" data-id=\"45625d8\" data-element_type=\"widget\" data-e-type=\"widget\" data-widget_type=\"image-box.default\">\n\t\t\t\t<div class=\"elementor-widget-container\">\n\t\t\t\t\t<div class=\"elementor-image-box-wrapper\"><figure class=\"elementor-image-box-img\"><a href=\"https:\/\/portaspravida.com\/wp-content\/uploads\/2024\/11\/001-regulamento-e.i.pdf\" target=\"_blank\" tabindex=\"-1\"><img decoding=\"async\" width=\"100\" height=\"123\" data-src=\"https:\/\/portaspravida.com\/wp-content\/uploads\/2025\/04\/transferir-removebg-preview-e1744381742636.webp\" class=\"attachment-full size-full wp-image-597 lazyload\" alt=\"\" src=\"data:image\/svg+xml;base64,PHN2ZyB3aWR0aD0iMSIgaGVpZ2h0PSIxIiB4bWxucz0iaHR0cDovL3d3dy53My5vcmcvMjAwMC9zdmciPjwvc3ZnPg==\" style=\"--smush-placeholder-width: 100px; --smush-placeholder-aspect-ratio: 100\/123;\" \/><\/a><\/figure><div class=\"elementor-image-box-content\"><h3 class=\"elementor-image-box-title\"><a href=\"https:\/\/portaspravida.com\/wp-content\/uploads\/2024\/11\/001-regulamento-e.i.pdf\" target=\"_blank\">Regulamento Empresa Social de Inser\u00e7\u00e3o Pelo Trabalho<\/a><\/h3><\/div><\/div>\t\t\t\t<\/div>\n\t\t\t\t<\/div>\n\t\t\t\t\t<\/div>\n\t\t\t\t<\/div>\n\t\t\t\t<\/div>","protected":false},"excerpt":{"rendered":"<p>Regulamento Interno Geral Regulamento CACI Aldeia de S\u00e3o Jo\u00e3o Regulamento CACI Mata da Viscondessa Regulamento CACI Resende Regulamento Lar Residencial Regulamento Resid\u00eancias de Autonomiza\u00e7\u00e3o e Inclus\u00e3o Regulamento Forma\u00e7\u00e3o Profissional Regulamento Empresa Social de Inser\u00e7\u00e3o Pelo Trabalho<\/p>","protected":false},"author":1,"featured_media":0,"parent":0,"menu_order":0,"comment_status":"closed","ping_status":"closed","template":"","meta":{"_themeisle_gutenberg_block_has_review":false,"footnotes":""},"class_list":["post-278","page","type-page","status-publish","hentry"],"_links":{"self":[{"href":"https:\/\/portaspravida.com\/en\/wp-json\/wp\/v2\/pages\/278","targetHints":{"allow":["GET"]}}],"collection":[{"href":"https:\/\/portaspravida.com\/en\/wp-json\/wp\/v2\/pages"}],"about":[{"href":"https:\/\/portaspravida.com\/en\/wp-json\/wp\/v2\/types\/page"}],"author":[{"embeddable":true,"href":"https:\/\/portaspravida.com\/en\/wp-json\/wp\/v2\/users\/1"}],"replies":[{"embeddable":true,"href":"https:\/\/portaspravida.com\/en\/wp-json\/wp\/v2\/comments?post=278"}],"version-history":[{"count":0,"href":"https:\/\/portaspravida.com\/en\/wp-json\/wp\/v2\/pages\/278\/revisions"}],"wp:attachment":[{"href":"https:\/\/portaspravida.com\/en\/wp-json\/wp\/v2\/media?parent=278"}],"curies":[{"name":"wp","href":"https:\/\/api.w.org\/{rel}","templated":true}]}}