{"id":276,"date":"2024-11-14T12:39:11","date_gmt":"2024-11-14T12:39:11","guid":{"rendered":"https:\/\/portaspravida.com\/?page_id=276"},"modified":"2025-04-29T13:44:23","modified_gmt":"2025-04-29T13:44:23","slug":"formacao-profissional","status":"publish","type":"page","link":"https:\/\/portaspravida.com\/en\/formacao-profissional\/","title":{"rendered":"Forma\u00e7\u00e3o Profissional"},"content":{"rendered":"<div data-elementor-type=\"wp-page\" data-elementor-id=\"276\" class=\"elementor elementor-276\">\n\t\t\t\t<div class=\"elementor-element elementor-element-70c8fe8d e-flex e-con-boxed e-con e-parent\" data-id=\"70c8fe8d\" data-element_type=\"container\" data-e-type=\"container\">\n\t\t\t\t\t<div class=\"e-con-inner\">\n\t\t\t\t<div class=\"elementor-element elementor-element-6da11de3 elementor-widget elementor-widget-text-editor\" data-id=\"6da11de3\" data-element_type=\"widget\" data-e-type=\"widget\" data-widget_type=\"text-editor.default\">\n\t\t\t\t<div class=\"elementor-widget-container\">\n\t\t\t\t\t\t\t\t\t<div class=\"wp-block-image\">\n<figure class=\"aligncenter size-full is-resized\"><img fetchpriority=\"high\" decoding=\"async\" width=\"2560\" height=\"1440\" src=\"https:\/\/portaspravida.com\/wp-content\/uploads\/2025\/04\/20250331_114425-scaled.jpg\" alt=\"\" class=\"wp-image-693\" style=\"width:754px;height:auto\" srcset=\"https:\/\/portaspravida.com\/wp-content\/uploads\/2025\/04\/20250331_114425-scaled.jpg 2560w, https:\/\/portaspravida.com\/wp-content\/uploads\/2025\/04\/20250331_114425-scaled-230x129.jpg 230w, https:\/\/portaspravida.com\/wp-content\/uploads\/2025\/04\/20250331_114425-scaled-600x338.jpg 600w, https:\/\/portaspravida.com\/wp-content\/uploads\/2025\/04\/20250331_114425-300x169.jpg 300w, https:\/\/portaspravida.com\/wp-content\/uploads\/2025\/04\/20250331_114425-1024x576.jpg 1024w, https:\/\/portaspravida.com\/wp-content\/uploads\/2025\/04\/20250331_114425-768x432.jpg 768w, https:\/\/portaspravida.com\/wp-content\/uploads\/2025\/04\/20250331_114425-1536x864.jpg 1536w, https:\/\/portaspravida.com\/wp-content\/uploads\/2025\/04\/20250331_114425-2048x1152.jpg 2048w, https:\/\/portaspravida.com\/wp-content\/uploads\/2025\/04\/20250331_114425-18x10.jpg 18w\" sizes=\"(max-width: 2560px) 100vw, 2560px\" \/><\/figure>\n<\/div>\n\n\n<p><strong>INTRODU\u00c7\u00c3O<\/strong><\/p>\n\n\n\n<p style=\"text-align: justify;\">A <strong>Associa\u00e7\u00e3o Portas P\u2019r\u00e0 Vida<\/strong> apoia a inser\u00e7\u00e3o socioprofissional de pessoas com defici\u00eancia e\/ou incapacidades, promovendo forma\u00e7\u00e3o profissional inicial e ferramentas para igualdade social.<\/p>\n\n\n\n<p><strong>Certifica\u00e7\u00e3o<\/strong><\/p>\n\n\n\n<p style=\"text-align: justify;\">\u00c9 uma entidade formadora reconhecida pela <strong>DGERT<\/strong>, atuando nas \u00e1reas:<\/p>\n\n\n\n<ul class=\"wp-block-list\">\n<li><strong>Floricultura e jardinagem (622)<\/strong><\/li>\n\n\n\n<li><strong>Silvicultura e ca\u00e7a (623)<\/strong><\/li>\n\n\n\n<li><strong>Trabalho social e orienta\u00e7\u00e3o (762)<\/strong><\/li>\n<\/ul>\n\n\n\n<p><strong>Objetivos<\/strong><\/p>\n\n\n\n<ul class=\"wp-block-list\">\n<li>Qualificar e integrar pessoas no mercado de trabalho.<\/li>\n\n\n\n<li>Combater desigualdades e promover oportunidades.<\/li>\n\n\n\n<li>Incentivar a cidadania ativa e autonomia pessoal.<\/li>\n\n\n\n<li>Desenvolver autoestima, motiva\u00e7\u00e3o e compet\u00eancias profissionais.<\/li>\n<\/ul>\n\n\n\n<p><strong>Destinat\u00e1rios<\/strong><\/p>\n\n\n\n<p style=\"text-align: justify;\">Pessoas com defici\u00eancia e\/ou incapacidade que:<\/p>\n\n\n\n<ul class=\"wp-block-list\">\n<li>Tenham idade m\u00ednima legal para trabalhar.<\/li>\n\n\n\n<li>Estejam inscritas como desempregadas.<\/li>\n\n\n\n<li>Possuam Atestado M\u00e9dico de Incapacidade Multiuso.<\/li>\n\n\n\n<li>Cumpram a escolaridade obrigat\u00f3ria.<\/li>\n<\/ul>\n\n\n\n<p><\/p>\n\t\t\t\t\t\t\t\t<\/div>\n\t\t\t\t<\/div>\n\t\t\t\t\t<\/div>\n\t\t\t\t<\/div>\n\t\t<div class=\"elementor-element elementor-element-231e783 e-flex e-con-boxed e-con e-parent\" data-id=\"231e783\" data-element_type=\"container\" data-e-type=\"container\">\n\t\t\t\t\t<div class=\"e-con-inner\">\n\t\t\t\t<div class=\"elementor-element elementor-element-5efca71 elementor-widget elementor-widget-image\" data-id=\"5efca71\" data-element_type=\"widget\" data-e-type=\"widget\" data-widget_type=\"image.default\">\n\t\t\t\t<div class=\"elementor-widget-container\">\n\t\t\t\t\t\t\t\t\t\t\t\t\t\t\t<img decoding=\"async\" width=\"750\" height=\"163\" data-src=\"https:\/\/portaspravida.com\/wp-content\/uploads\/2025\/04\/PESSOAS-2030-1024x223.png\" class=\"attachment-large size-large wp-image-697 lazyload\" alt=\"\" data-srcset=\"https:\/\/portaspravida.com\/wp-content\/uploads\/2025\/04\/PESSOAS-2030-1024x223.png 1024w, https:\/\/portaspravida.com\/wp-content\/uploads\/2025\/04\/PESSOAS-2030-230x50.png 230w, https:\/\/portaspravida.com\/wp-content\/uploads\/2025\/04\/PESSOAS-2030-600x130.png 600w, https:\/\/portaspravida.com\/wp-content\/uploads\/2025\/04\/PESSOAS-2030-300x65.png 300w, https:\/\/portaspravida.com\/wp-content\/uploads\/2025\/04\/PESSOAS-2030-768x167.png 768w, https:\/\/portaspravida.com\/wp-content\/uploads\/2025\/04\/PESSOAS-2030-18x4.png 18w, https:\/\/portaspravida.com\/wp-content\/uploads\/2025\/04\/PESSOAS-2030.png 1536w\" data-sizes=\"(max-width: 750px) 100vw, 750px\" src=\"data:image\/svg+xml;base64,PHN2ZyB3aWR0aD0iMSIgaGVpZ2h0PSIxIiB4bWxucz0iaHR0cDovL3d3dy53My5vcmcvMjAwMC9zdmciPjwvc3ZnPg==\" style=\"--smush-placeholder-width: 750px; --smush-placeholder-aspect-ratio: 750\/163;\" \/>\t\t\t\t\t\t\t\t\t\t\t\t\t\t\t<\/div>\n\t\t\t\t<\/div>\n\t\t\t\t\t<\/div>\n\t\t\t\t<\/div>\n\t\t\t\t<\/div>","protected":false},"excerpt":{"rendered":"<p>INTRODU\u00c7\u00c3O A Associa\u00e7\u00e3o Portas P\u2019r\u00e0 Vida apoia a inser\u00e7\u00e3o socioprofissional de pessoas com defici\u00eancia e\/ou incapacidades, promovendo forma\u00e7\u00e3o profissional inicial e ferramentas para igualdade social. Certifica\u00e7\u00e3o \u00c9 uma entidade formadora reconhecida pela DGERT, atuando nas \u00e1reas: Objetivos Destinat\u00e1rios Pessoas com defici\u00eancia e\/ou incapacidade que:<\/p>","protected":false},"author":1,"featured_media":0,"parent":0,"menu_order":0,"comment_status":"closed","ping_status":"closed","template":"","meta":{"_themeisle_gutenberg_block_has_review":false,"footnotes":""},"class_list":["post-276","page","type-page","status-publish","hentry"],"_links":{"self":[{"href":"https:\/\/portaspravida.com\/en\/wp-json\/wp\/v2\/pages\/276","targetHints":{"allow":["GET"]}}],"collection":[{"href":"https:\/\/portaspravida.com\/en\/wp-json\/wp\/v2\/pages"}],"about":[{"href":"https:\/\/portaspravida.com\/en\/wp-json\/wp\/v2\/types\/page"}],"author":[{"embeddable":true,"href":"https:\/\/portaspravida.com\/en\/wp-json\/wp\/v2\/users\/1"}],"replies":[{"embeddable":true,"href":"https:\/\/portaspravida.com\/en\/wp-json\/wp\/v2\/comments?post=276"}],"version-history":[{"count":0,"href":"https:\/\/portaspravida.com\/en\/wp-json\/wp\/v2\/pages\/276\/revisions"}],"wp:attachment":[{"href":"https:\/\/portaspravida.com\/en\/wp-json\/wp\/v2\/media?parent=276"}],"curies":[{"name":"wp","href":"https:\/\/api.w.org\/{rel}","templated":true}]}}