{"id":274,"date":"2024-11-14T12:37:53","date_gmt":"2024-11-14T12:37:53","guid":{"rendered":"https:\/\/portaspravida.com\/?page_id=274"},"modified":"2024-11-14T12:37:54","modified_gmt":"2024-11-14T12:37:54","slug":"empresa-social-de-insercao-pelo-trabalho","status":"publish","type":"page","link":"https:\/\/portaspravida.com\/en\/empresa-social-de-insercao-pelo-trabalho\/","title":{"rendered":"Empresa Social de Inser\u00e7\u00e3o Pelo Trabalho"},"content":{"rendered":"<div class=\"wp-block-image\">\n<figure class=\"aligncenter size-full is-resized\"><img decoding=\"async\" width=\"268\" height=\"268\" data-src=\"https:\/\/portaspravida.com\/wp-content\/uploads\/2024\/11\/appv_logo-removebg-preview-1-1.png\" alt=\"\" class=\"wp-image-233 lazyload\" style=\"--smush-placeholder-width: 268px; --smush-placeholder-aspect-ratio: 268\/268;width:497px;height:auto\" data-srcset=\"https:\/\/portaspravida.com\/wp-content\/uploads\/2024\/11\/appv_logo-removebg-preview-1-1.png 268w, https:\/\/portaspravida.com\/wp-content\/uploads\/2024\/11\/appv_logo-removebg-preview-1-1-230x230.png 230w, https:\/\/portaspravida.com\/wp-content\/uploads\/2024\/11\/appv_logo-removebg-preview-1-1-160x160.png 160w, https:\/\/portaspravida.com\/wp-content\/uploads\/2024\/11\/appv_logo-removebg-preview-1-1-150x150.png 150w\" data-sizes=\"(max-width: 268px) 100vw, 268px\" src=\"data:image\/svg+xml;base64,PHN2ZyB3aWR0aD0iMSIgaGVpZ2h0PSIxIiB4bWxucz0iaHR0cDovL3d3dy53My5vcmcvMjAwMC9zdmciPjwvc3ZnPg==\" \/><\/figure>\n<\/div>\n\n\n<p>\u00c9 uma empresa social de inser\u00e7\u00e3o pelo trabalho, com sede na Associa\u00e7\u00e3o Portas P\u2019r\u00e0 Vida, em Lamego, e presta servi\u00e7os de irrepreens\u00edvel qualidade nas \u00e1reas da jardinagem e silvicultura.<\/p>\n\n\n\n<p>Dada a natureza da interven\u00e7\u00e3o social da&nbsp;<strong>APPV\u2019ERDE<\/strong>&nbsp;e sendo um dos objetivos da sua miss\u00e3o, a inser\u00e7\u00e3o pelo trabalho de pessoas com defici\u00eancia e outros p\u00fablicos vulner\u00e1veis, as equipas de trabalho contam com a presen\u00e7a destes elementos que fazem da sua dedica\u00e7\u00e3o, experi\u00eancia, profissionalismo e forte orienta\u00e7\u00e3o para a satisfa\u00e7\u00e3o do cliente, qualidades presentes do seu desempenho di\u00e1rio.<\/p>\n\n\n\n<p>A&nbsp;<strong>APPV\u2019ERDE<\/strong>&nbsp;\u00e9 mais que uma normal empresa de jardinagem. \u00c9 uma organiza\u00e7\u00e3o que conta com 18 anos de experi\u00eancia e que surge neste ano de 2018 com uma marca e identidade renovadas, indo ao encontro das exig\u00eancias do mercado atual.<\/p>\n\n\n\n<p>A aposta na forma\u00e7\u00e3o profissional, a gest\u00e3o rigorosa de recursos humanos, financeiros e dos fatores de produ\u00e7\u00e3o traduz-se numa evolu\u00e7\u00e3o continua e estruturada da&nbsp;<strong>APPV\u2019ERDE<\/strong>, evidenciada no grau de satisfa\u00e7\u00e3o dos nossos clientes, na minimiza\u00e7\u00e3o dos custos de execu\u00e7\u00e3o dos projetos e no reconhecimento, por parte dos concorrentes no mercado, da qualidade do servi\u00e7o da nossa empresa.<\/p>","protected":false},"excerpt":{"rendered":"<p>\u00c9 uma empresa social de inser\u00e7\u00e3o pelo trabalho, com sede na Associa\u00e7\u00e3o Portas P\u2019r\u00e0 Vida, em Lamego, e presta servi\u00e7os de irrepreens\u00edvel qualidade nas \u00e1reas da jardinagem e silvicultura. Dada a natureza da interven\u00e7\u00e3o social da&nbsp;APPV\u2019ERDE&nbsp;e sendo um dos objetivos da sua miss\u00e3o, a inser\u00e7\u00e3o pelo trabalho de pessoas com [&hellip;]<\/p>\n","protected":false},"author":1,"featured_media":0,"parent":0,"menu_order":0,"comment_status":"closed","ping_status":"closed","template":"","meta":{"_themeisle_gutenberg_block_has_review":false,"footnotes":""},"class_list":["post-274","page","type-page","status-publish","hentry"],"_links":{"self":[{"href":"https:\/\/portaspravida.com\/en\/wp-json\/wp\/v2\/pages\/274","targetHints":{"allow":["GET"]}}],"collection":[{"href":"https:\/\/portaspravida.com\/en\/wp-json\/wp\/v2\/pages"}],"about":[{"href":"https:\/\/portaspravida.com\/en\/wp-json\/wp\/v2\/types\/page"}],"author":[{"embeddable":true,"href":"https:\/\/portaspravida.com\/en\/wp-json\/wp\/v2\/users\/1"}],"replies":[{"embeddable":true,"href":"https:\/\/portaspravida.com\/en\/wp-json\/wp\/v2\/comments?post=274"}],"version-history":[{"count":0,"href":"https:\/\/portaspravida.com\/en\/wp-json\/wp\/v2\/pages\/274\/revisions"}],"wp:attachment":[{"href":"https:\/\/portaspravida.com\/en\/wp-json\/wp\/v2\/media?parent=274"}],"curies":[{"name":"wp","href":"https:\/\/api.w.org\/{rel}","templated":true}]}}