{"id":181,"date":"2024-11-14T12:36:03","date_gmt":"2024-11-14T12:36:03","guid":{"rendered":"https:\/\/portaspravida.com\/?page_id=181"},"modified":"2025-05-13T11:16:07","modified_gmt":"2025-05-13T11:16:07","slug":"centro-de-atividades-e-capacitacao-para-a-inclusao","status":"publish","type":"page","link":"https:\/\/portaspravida.com\/en\/centro-de-atividades-e-capacitacao-para-a-inclusao\/","title":{"rendered":"Centro de Atividades e Capacita\u00e7\u00e3o para a Inclus\u00e3o"},"content":{"rendered":"<figure><img decoding=\"async\" data-src=\"https:\/\/portaspravida.com\/wp-content\/uploads\/2024\/11\/cao4.webp\" alt=\"\" style=\"--smush-placeholder-width: 960px; --smush-placeholder-aspect-ratio: 960\/640;width: 838px; height: auto;\" src=\"data:image\/svg+xml;base64,PHN2ZyB3aWR0aD0iMSIgaGVpZ2h0PSIxIiB4bWxucz0iaHR0cDovL3d3dy53My5vcmcvMjAwMC9zdmciPjwvc3ZnPg==\" class=\"lazyload\" \/><\/figure>\n\n\n<p style=\"text-align: justify;\">A Associa\u00e7\u00e3o Portas P\u2019r\u00e0 Vida, disp\u00f5e de tr\u00eas Centros de Atividades e Capacita\u00e7\u00e3o para a Inclus\u00e3o. Neste momento, encontra-se em curso a constru\u00e7\u00e3o de uma nova unidade funcional, que far\u00e1 com que a APPV, num futuro a curto prazo, preste apoio a mais de uma centena de jovens e adultos com defici\u00eancia e incapacidade, com idade igual ou superior a 18 anos.<\/p>\n\n\n<p style=\"text-align: justify;\">Com a nova legisla\u00e7\u00e3o, cada Centro de Atividades e Capacita\u00e7\u00e3o para a Inclus\u00e3o da APPV, prossegue os seus objetivos nas seguintes \u00e1reas de interven\u00e7\u00e3o:<\/p>\n\n\n<ul class=\"wp-block-list\">\n<li>Desenvolvimento de compet\u00eancias relacionais, pessoais e sociais;<\/li>\n\n\n<li>Promo\u00e7\u00e3o do bem-estar, da qualidade de vida, da ocupa\u00e7\u00e3o e da intera\u00e7\u00e3o com o meio;<\/li>\n\n\n<li>Capacita\u00e7\u00e3o para a inclus\u00e3o social e profissional.<\/li>\n<\/ul>\n\n\n<p style=\"text-align: justify;\">Quanto aos servi\u00e7os prestados pelos CACI\u2019s, destacam-se os seguintes:\u00a0<\/p>\n\n\n<ul class=\"wp-block-list\">\n<li>Alimenta\u00e7\u00e3o e cuidados pessoais;<\/li>\n\n\n<li>Apoio terap\u00eautico;<\/li>\n\n\n<li>Promo\u00e7\u00e3o e desenvolvimento do bem-estar f\u00edsico, emocional, ps\u00edquico e social;<\/li>\n\n\n<li>Transporte;<\/li>\n\n\n<li>Apoio na capacita\u00e7\u00e3o dos cuidadores informais.<\/li>\n<\/ul>\n\n\n<p style=\"text-align: justify;\">No \u00e2mbito das atividades dinamizadas pelos CACI\u2019s, a equipa multidisciplinar de cada resposta social, tem sempre por base, no que respeita, ao planeamento e organiza\u00e7\u00e3o de cada interven\u00e7\u00e3o, o respeito pela individualidade, autodetermina\u00e7\u00e3o, compet\u00eancias, interesses, funcionalidades, necessidades e limita\u00e7\u00f5es de cada utente, com o intuito de se promover o bem-estar e a participa\u00e7\u00e3o ativa na comunidade, capacitando-os\/as para uma vida mais independente e integrada.<\/p>\n\n\n<p style=\"text-align: justify;\">Os CACI\u2019s disponibilizam as seguintes atividades: <strong><\/strong><\/p>\n\n\n<p><strong>Atividades Ocupacionais:<\/strong><\/p>\n\n\n<ul class=\"wp-block-list\">\n<li>Trabalhos manuais;<\/li>\n\n\n<li>Tape\u00e7aria;<\/li>\n\n\n<li>Culin\u00e1ria;<\/li>\n\n\n<li>Carpintaria;<\/li>\n\n\n<li>Jardinagem;<\/li>\n\n\n<li>Artes ou Express\u00e3o pl\u00e1sticas;<\/li>\n\n\n<li>Multim\u00e9dia;<\/li>\n\n\n<li>Leitura e escrita.<\/li>\n<\/ul>\n\n\n<p><strong>Atividades Terap\u00eauticas:<\/strong><\/p>\n\n\n<ul class=\"wp-block-list\">\n<li>Psicologia;<\/li>\n\n\n<li>Estimula\u00e7\u00e3o cognitiva;<\/li>\n\n\n<li>Atividade F\u00edsica Adaptada;<\/li>\n\n\n<li>Estimula\u00e7\u00e3o sensorial e\/ou relaxamento em sala de snoezelen;<\/li>\n\n\n<li>Hidroterapia;<\/li>\n\n\n<li>Reabilita\u00e7\u00e3o Psicomotora;<\/li>\n\n\n<li>Interven\u00e7\u00e3o assistida por animais;<\/li>\n\n\n<li>Hipoterapia;<\/li>\n\n\n<li>Atividades instrumentais da vida di\u00e1ria;<\/li>\n\n\n<li>Terapia musical;<\/li>\n\n\n<li>Teatro;<\/li>\n\n\n<li>Dan\u00e7a.<\/li>\n<\/ul>\n\n\n<p style=\"text-align: justify;\"><strong>Atividades de intera\u00e7\u00e3o com o meio: <\/strong>desenvolvimento de compet\u00eancias pessoais, sociais e relacionais, estimulando a capacita\u00e7\u00e3o cognitiva e a socializa\u00e7\u00e3o do\/a utente com defici\u00eancia, mediante a realiza\u00e7\u00e3o e o envolvimento em experi\u00eancias diversificadas na comunidade.<\/p>\n\n\n<p style=\"text-align: justify;\"><strong>Atividades socialmente \u00fateis: <\/strong>visam otreino de compet\u00eancias sociais e profissionais em contexto real de trabalho, devendo ser privilegiado o seu desenvolvimento em entidade externa ao CACI.<\/p>\n\n\n<p style=\"text-align: justify;\"><strong>Atividades de qualifica\u00e7\u00e3o para a inclus\u00e3o social e profissional: <\/strong>\u00a0desenvolvimento das compet\u00eancias pessoais, profissionais e de participa\u00e7\u00e3o social do\/a utente com defici\u00eancia, com vista \u00e0 sua autonomia e vida independente, designadamente, mediante o cumprimento de um plano individual de transi\u00e7\u00e3o (PIT) para programas de inclus\u00e3o socioprofissional ou para medidas de reabilita\u00e7\u00e3o profissional que possibilitem o exerc\u00edcio de uma cidadania plena, em igualdade de oportunidades, com os demais cidad\u00e3os. O Centro de Atividades e Capacita\u00e7\u00e3o para a Inclus\u00e3o da APPV, pauta a sua miss\u00e3o pela promo\u00e7\u00e3o da qualidade de vida e pela inclus\u00e3o dos\/as utentes na sociedade, tendo como refer\u00eancia a Conven\u00e7\u00e3o Internacional sobre os Direitos das Pessoas com Defici\u00eancia.<\/p>","protected":false},"excerpt":{"rendered":"<p>A Associa\u00e7\u00e3o Portas P\u2019r\u00e0 Vida, disp\u00f5e de tr\u00eas Centros de Atividades e Capacita\u00e7\u00e3o para a Inclus\u00e3o. Neste momento, encontra-se em curso a constru\u00e7\u00e3o de uma nova unidade funcional, que far\u00e1 com que a APPV, num futuro a curto prazo, preste apoio a mais de uma centena de jovens e adultos [&hellip;]<\/p>\n","protected":false},"author":1,"featured_media":0,"parent":0,"menu_order":0,"comment_status":"closed","ping_status":"closed","template":"","meta":{"_themeisle_gutenberg_block_has_review":false,"footnotes":""},"class_list":["post-181","page","type-page","status-publish","hentry"],"_links":{"self":[{"href":"https:\/\/portaspravida.com\/en\/wp-json\/wp\/v2\/pages\/181","targetHints":{"allow":["GET"]}}],"collection":[{"href":"https:\/\/portaspravida.com\/en\/wp-json\/wp\/v2\/pages"}],"about":[{"href":"https:\/\/portaspravida.com\/en\/wp-json\/wp\/v2\/types\/page"}],"author":[{"embeddable":true,"href":"https:\/\/portaspravida.com\/en\/wp-json\/wp\/v2\/users\/1"}],"replies":[{"embeddable":true,"href":"https:\/\/portaspravida.com\/en\/wp-json\/wp\/v2\/comments?post=181"}],"version-history":[{"count":0,"href":"https:\/\/portaspravida.com\/en\/wp-json\/wp\/v2\/pages\/181\/revisions"}],"wp:attachment":[{"href":"https:\/\/portaspravida.com\/en\/wp-json\/wp\/v2\/media?parent=181"}],"curies":[{"name":"wp","href":"https:\/\/api.w.org\/{rel}","templated":true}]}}